{"id":73,"date":"2014-09-18T14:01:51","date_gmt":"2014-09-18T14:01:51","guid":{"rendered":"http:\/\/agora.xtec.cat\/ernestlluchhospitalet\/?page_id=73"},"modified":"2020-05-13T10:51:04","modified_gmt":"2020-05-13T08:51:04","slug":"menjador-escolar","status":"publish","type":"page","link":"https:\/\/agora.xtec.cat\/ernestlluchhospitalet\/serveis\/menjador-escolar\/","title":{"rendered":"Menjador"},"content":{"rendered":"<p><strong>CUINA JUSTA &#8211; FUNDACI\u00d3 CASSI\u00c0 JUST<\/strong><\/p>\n<p>\u00c9s una empresa social, <strong>artesana, pr\u00f2xims\u00a0 i saludable<\/strong> amb m\u00e9s de 20 anys d&#8217;experi\u00e8ncia gestionant cuines i acompanyant a persones.<br \/>\nLa <strong>Fundaci\u00f3 Cassi\u00e0 Just &#8211; Cuina Justa<\/strong> va n\u00e9ixer el 1995 amb la vocaci\u00f3 d&#8217;inserir persones amb fragilitat o col\u00b7lectius amb risc d&#8217;exclusi\u00f3 social a l&#8217;entorn laboral, alhora que oferir un menjar d&#8217;alta qualitat.<br \/>\nLa seva missi\u00f3 com a empresa social \u00e9s vetllar per <strong>la qualitat en les persones i la qualitat en els productes i els serveis.<\/strong><br \/>\nEl seu servei s&#8217;acompanya d&#8217;un <strong>treball artesanal<\/strong> de <strong>productes exclusivament naturals i de proximitat de primera qualitat<\/strong>, amb un control exhaustiu del servei, tenint cura del m\u00e9s petit detall.<br \/>\nDes de CUINA JUSTA s&#8217;ofereix <strong>un servei de qualitat en el menjar i en l&#8217;educaci\u00f3 dels nens i nenes que es queden al menjador de l&#8217;escola.<\/strong><br \/>\nEntenem el temps del menjador com un <strong>espai social<\/strong> que d\u00f3na resposta, per una part, a la demanda de les fam\u00edlies, en relaci\u00f3 a l&#8217;alimentaci\u00f3 de llurs fills\/es, per\u00f2 tamb\u00e9 com un espai d&#8217;acci\u00f3 educativa on el personal que hi treballa, monitors\/es i coordinadors\/es, tenen l&#8217;oportunitat de transmetre, a trav\u00e9s del menjar, <strong>valors de conviv\u00e8ncia i de respecte.<\/strong><br \/>\nAquest temps de migdia ens facilita, com a educadors\/es, poder assolir tot aquest conjunt d&#8217;objectius a trav\u00e9s del menjar, el joc, les activitats i el temps de lleure.<\/p>\n","protected":false},"excerpt":{"rendered":"<p>CUINA JUSTA &#8211; FUNDACI\u00d3 CASSI\u00c0 JUST \u00c9s una empresa social, artesana, pr\u00f2xims\u00a0 i saludable amb m\u00e9s de 20 anys d&#8217;experi\u00e8ncia [&hellip;]<\/p>\n","protected":false},"author":2,"featured_media":0,"parent":66,"menu_order":30,"comment_status":"closed","ping_status":"closed","template":"page-templates\/side-menu.php","meta":{"_bbp_topic_count":0,"_bbp_reply_count":0,"_bbp_total_topic_count":0,"_bbp_total_reply_count":0,"_bbp_voice_count":0,"_bbp_anonymous_reply_count":0,"_bbp_topic_count_hidden":0,"_bbp_reply_count_hidden":0,"_bbp_forum_subforum_count":0,"site-sidebar-layout":"default","site-content-layout":"","ast-site-content-layout":"","site-content-style":"default","site-sidebar-style":"default","ast-global-header-display":"","ast-banner-title-visibility":"","ast-main-header-display":"","ast-hfb-above-header-display":"","ast-hfb-below-header-display":"","ast-hfb-mobile-header-display":"","site-post-title":"","ast-breadcrumbs-content":"","ast-featured-img":"","footer-sml-layout":"","theme-transparent-header-meta":"","adv-header-id-meta":"","stick-header-meta":"","header-above-stick-meta":"","header-main-stick-meta":"","header-below-stick-meta":"","astra-migrate-meta-layouts":"default","ast-page-background-enabled":"default","ast-page-background-meta":{"desktop":{"background-color":"var(--ast-global-color-4)","background-image":"","background-repeat":"repeat","background-position":"center center","background-size":"auto","background-attachment":"scroll","background-type":"","background-media":"","overlay-type":"","overlay-color":"","overlay-opacity":"","overlay-gradient":""},"tablet":{"background-color":"","background-image":"","background-repeat":"repeat","background-position":"center center","background-size":"auto","background-attachment":"scroll","background-type":"","background-media":"","overlay-type":"","overlay-color":"","overlay-opacity":"","overlay-gradient":""},"mobile":{"background-color":"","background-image":"","background-repeat":"repeat","background-position":"center center","background-size":"auto","background-attachment":"scroll","background-type":"","background-media":"","overlay-type":"","overlay-color":"","overlay-opacity":"","overlay-gradient":""}},"ast-content-background-meta":{"desktop":{"background-color":"var(--ast-global-color-5)","background-image":"","background-repeat":"repeat","background-position":"center center","background-size":"auto","background-attachment":"scroll","background-type":"","background-media":"","overlay-type":"","overlay-color":"","overlay-opacity":"","overlay-gradient":""},"tablet":{"background-color":"var(--ast-global-color-5)","background-image":"","background-repeat":"repeat","background-position":"center center","background-size":"auto","background-attachment":"scroll","background-type":"","background-media":"","overlay-type":"","overlay-color":"","overlay-opacity":"","overlay-gradient":""},"mobile":{"background-color":"var(--ast-global-color-5)","background-image":"","background-repeat":"repeat","background-position":"center center","background-size":"auto","background-attachment":"scroll","background-type":"","background-media":"","overlay-type":"","overlay-color":"","overlay-opacity":"","overlay-gradient":""}},"footnotes":""},"class_list":["post-73","page","type-page","status-publish","hentry"],"post_mailing_queue_ids":[],"_links":{"self":[{"href":"https:\/\/agora.xtec.cat\/ernestlluchhospitalet\/wp-json\/wp\/v2\/pages\/73","targetHints":{"allow":["GET"]}}],"collection":[{"href":"https:\/\/agora.xtec.cat\/ernestlluchhospitalet\/wp-json\/wp\/v2\/pages"}],"about":[{"href":"https:\/\/agora.xtec.cat\/ernestlluchhospitalet\/wp-json\/wp\/v2\/types\/page"}],"author":[{"embeddable":true,"href":"https:\/\/agora.xtec.cat\/ernestlluchhospitalet\/wp-json\/wp\/v2\/users\/2"}],"replies":[{"embeddable":true,"href":"https:\/\/agora.xtec.cat\/ernestlluchhospitalet\/wp-json\/wp\/v2\/comments?post=73"}],"version-history":[{"count":4,"href":"https:\/\/agora.xtec.cat\/ernestlluchhospitalet\/wp-json\/wp\/v2\/pages\/73\/revisions"}],"predecessor-version":[{"id":1477,"href":"https:\/\/agora.xtec.cat\/ernestlluchhospitalet\/wp-json\/wp\/v2\/pages\/73\/revisions\/1477"}],"up":[{"embeddable":true,"href":"https:\/\/agora.xtec.cat\/ernestlluchhospitalet\/wp-json\/wp\/v2\/pages\/66"}],"wp:attachment":[{"href":"https:\/\/agora.xtec.cat\/ernestlluchhospitalet\/wp-json\/wp\/v2\/media?parent=73"}],"curies":[{"name":"wp","href":"https:\/\/api.w.org\/{rel}","templated":true}]}}