{"id":3154,"date":"2026-04-27T10:29:32","date_gmt":"2026-04-27T08:29:32","guid":{"rendered":"https:\/\/agora.xtec.cat\/ernestlluchhospitalet\/?page_id=3154"},"modified":"2026-04-27T10:29:33","modified_gmt":"2026-04-27T08:29:33","slug":"tecnic-dintegracio-social","status":"publish","type":"page","link":"https:\/\/agora.xtec.cat\/ernestlluchhospitalet\/tecnic-dintegracio-social\/","title":{"rendered":"T\u00e8cnic d&#8217;Integraci\u00f3 Social"},"content":{"rendered":"\n<p>Curs 2025-2026 Renovaci\u00f3 del Programa TIS cofinan\u00e7at per la Uni\u00f3 Europea. Veure document adjunt<\/p>\n\n\n\n<div data-wp-interactive=\"core\/file\" class=\"wp-block-file\"><object data-wp-bind--hidden=\"!state.hasPdfPreview\" hidden class=\"wp-block-file__embed\" data=\"https:\/\/agora.xtec.cat\/ernestlluchhospitalet\/wp-content\/uploads\/usu538\/2026\/04\/TIS.pdf\" type=\"application\/pdf\" style=\"width:100%;height:600px\" aria-label=\"Incrustaci\u00f3 del fitxer TIS.\"><\/object><a id=\"wp-block-file--media-f12f37cb-8d4f-427b-80a0-de58a2fb298d\" href=\"https:\/\/agora.xtec.cat\/ernestlluchhospitalet\/wp-content\/uploads\/usu538\/2026\/04\/TIS.pdf\">TIS<\/a><a href=\"https:\/\/agora.xtec.cat\/ernestlluchhospitalet\/wp-content\/uploads\/usu538\/2026\/04\/TIS.pdf\" class=\"wp-block-file__button wp-element-button\" download aria-describedby=\"wp-block-file--media-f12f37cb-8d4f-427b-80a0-de58a2fb298d\">Baixa<\/a><\/div>\n\n\n\n<p><\/p>\n","protected":false},"excerpt":{"rendered":"<p>Curs 2025-2026 Renovaci\u00f3 del Programa TIS cofinan\u00e7at per la Uni\u00f3 Europea. Veure document adjunt<\/p>\n","protected":false},"author":1,"featured_media":0,"parent":0,"menu_order":0,"comment_status":"closed","ping_status":"close","template":"","meta":{"_bbp_topic_count":0,"_bbp_reply_count":0,"_bbp_total_topic_count":0,"_bbp_total_reply_count":0,"_bbp_voice_count":0,"_bbp_anonymous_reply_count":0,"_bbp_topic_count_hidden":0,"_bbp_reply_count_hidden":0,"_bbp_forum_subforum_count":0,"site-sidebar-layout":"default","site-content-layout":"","ast-site-content-layout":"default","site-content-style":"default","site-sidebar-style":"default","ast-global-header-display":"","ast-banner-title-visibility":"","ast-main-header-display":"","ast-hfb-above-header-display":"","ast-hfb-below-header-display":"","ast-hfb-mobile-header-display":"","site-post-title":"","ast-breadcrumbs-content":"","ast-featured-img":"","footer-sml-layout":"","theme-transparent-header-meta":"","adv-header-id-meta":"","stick-header-meta":"","header-above-stick-meta":"","header-main-stick-meta":"","header-below-stick-meta":"","astra-migrate-meta-layouts":"set","ast-page-background-enabled":"default","ast-page-background-meta":{"desktop":{"background-color":"var(--ast-global-color-4)","background-image":"","background-repeat":"repeat","background-position":"center center","background-size":"auto","background-attachment":"scroll","background-type":"","background-media":"","overlay-type":"","overlay-color":"","overlay-opacity":"","overlay-gradient":""},"tablet":{"background-color":"","background-image":"","background-repeat":"repeat","background-position":"center center","background-size":"auto","background-attachment":"scroll","background-type":"","background-media":"","overlay-type":"","overlay-color":"","overlay-opacity":"","overlay-gradient":""},"mobile":{"background-color":"","background-image":"","background-repeat":"repeat","background-position":"center center","background-size":"auto","background-attachment":"scroll","background-type":"","background-media":"","overlay-type":"","overlay-color":"","overlay-opacity":"","overlay-gradient":""}},"ast-content-background-meta":{"desktop":{"background-color":"var(--ast-global-color-5)","background-image":"","background-repeat":"repeat","background-position":"center center","background-size":"auto","background-attachment":"scroll","background-type":"","background-media":"","overlay-type":"","overlay-color":"","overlay-opacity":"","overlay-gradient":""},"tablet":{"background-color":"var(--ast-global-color-5)","background-image":"","background-repeat":"repeat","background-position":"center center","background-size":"auto","background-attachment":"scroll","background-type":"","background-media":"","overlay-type":"","overlay-color":"","overlay-opacity":"","overlay-gradient":""},"mobile":{"background-color":"var(--ast-global-color-5)","background-image":"","background-repeat":"repeat","background-position":"center center","background-size":"auto","background-attachment":"scroll","background-type":"","background-media":"","overlay-type":"","overlay-color":"","overlay-opacity":"","overlay-gradient":""}},"footnotes":""},"class_list":["post-3154","page","type-page","status-publish","hentry"],"post_mailing_queue_ids":[],"_links":{"self":[{"href":"https:\/\/agora.xtec.cat\/ernestlluchhospitalet\/wp-json\/wp\/v2\/pages\/3154","targetHints":{"allow":["GET"]}}],"collection":[{"href":"https:\/\/agora.xtec.cat\/ernestlluchhospitalet\/wp-json\/wp\/v2\/pages"}],"about":[{"href":"https:\/\/agora.xtec.cat\/ernestlluchhospitalet\/wp-json\/wp\/v2\/types\/page"}],"author":[{"embeddable":true,"href":"https:\/\/agora.xtec.cat\/ernestlluchhospitalet\/wp-json\/wp\/v2\/users\/1"}],"replies":[{"embeddable":true,"href":"https:\/\/agora.xtec.cat\/ernestlluchhospitalet\/wp-json\/wp\/v2\/comments?post=3154"}],"version-history":[{"count":1,"href":"https:\/\/agora.xtec.cat\/ernestlluchhospitalet\/wp-json\/wp\/v2\/pages\/3154\/revisions"}],"predecessor-version":[{"id":3157,"href":"https:\/\/agora.xtec.cat\/ernestlluchhospitalet\/wp-json\/wp\/v2\/pages\/3154\/revisions\/3157"}],"wp:attachment":[{"href":"https:\/\/agora.xtec.cat\/ernestlluchhospitalet\/wp-json\/wp\/v2\/media?parent=3154"}],"curies":[{"name":"wp","href":"https:\/\/api.w.org\/{rel}","templated":true}]}}