{"id":3006,"date":"2026-01-19T09:48:50","date_gmt":"2026-01-19T08:48:50","guid":{"rendered":"https:\/\/agora.xtec.cat\/ernestlluchhospitalet\/?page_id=3006"},"modified":"2026-01-19T10:18:20","modified_gmt":"2026-01-19T09:18:20","slug":"gegantem-el-barri","status":"publish","type":"page","link":"https:\/\/agora.xtec.cat\/ernestlluchhospitalet\/gegantem-el-barri\/","title":{"rendered":"Gegantem el barri"},"content":{"rendered":"\n<p>Amb aquest projecte ens proposem construir un gegant\u00a0 de barri que representi tota la comunitat de l\u2019escola Ernest LLuch. Per\u00f2 abans haurem de con\u00e8ixer el m\u00f3n dels gegants i geganters, prendre contacte amb aquest vessant de la cultura catalana i establir sinergies amb la colla dels geganters de la ciutat. Tamb\u00e9 haurem de con\u00e8ixer l\u2019art escult\u00f2ric i les t\u00e8cniques de creaci\u00f3\u00a0 dels gegants, els capgrossos.<\/p>\n\n\n\n<p>Dins del projecte \u201cConstru\u00efm\u201d, al darrer curs, vam desenvolupar el projecte \u201cDe l\u2019al\u00e7ada d\u2019un castell\u201d amb l\u2019objectiu de con\u00e8ixer la&nbsp; filosofia del m\u00f3n del castellers&nbsp; i gaudir de la construcci\u00f3 dels nostres propis castells.&nbsp;<\/p>\n\n\n\n<p>\u201cTothom \u00e9s necessari, tots i totes fem pinya\u201d ens servir\u00e0 com a punt de partida per construir entre tots una cosa important que ens identifiqui com a comunitat i com a barri de la Torrassa. I ho farem amb esfor\u00e7 i la col\u00b7laboraci\u00f3 de tots. Contactarem amb la colla gegantina de l\u2019Hospitalet i amb l\u2019estudi d\u2019art\u00a0 Taller El drac petit de Terrassa. Amb la seva col\u00b7laboraci\u00f3 farem\u00a0 el treball de descoberta\u00a0 d\u2019aquest vessant de la cultura popular catalana, celebrarem amb\u00a0 les festes d\u2019inici i fi de curs i comen\u00e7arem a construir \u00a0els nostres gegants\u00a0 per\u00a0 oferir-los al barri en les festes de primavera.<\/p>\n\n\n\n<p><strong>FINALITAT DEL PROJECTE<\/strong><\/p>\n\n\n\n<p class=\"has-text-align-left\">Volem construir un gegant com a s\u00edmbol de cohesi\u00f3 social, arrelament cultural i participaci\u00f3 comunit\u00e0ria, en el marc de la cultura popular catalana<strong>.<\/strong><\/p>\n\n\n\n<p>Perseguim que tota la comunitat s\u2019apropi al m\u00f3n dels gegants i s\u2019impregni de la seva filosofia com a s\u00edmbol de cohesi\u00f3 social, arrelament cultural i participaci\u00f3 comunit\u00e0ria, en el marc de la cultura popular catalana.<\/p>\n\n\n\n<p>L\u2019art ser\u00e0 l\u2019 eina per motivar els infants en la descoberta i de forma paral\u00b7lela donar\u00e0 suport a l\u2019estructuraci\u00f3 del pensament i la millora de les capacitats i compet\u00e8ncies transversals.<\/p>\n\n\n\n<p>Gaudirem amb els nostres gegants i amb els de la Colla gegantina de la ciutat de le festes d\u2019inici i fi de curs amb tota la comunitat educativa (infants, fam\u00edlies, mestres, ve\u00efnat, entitats&#8230;)&nbsp; i oferirem el nostre gegant com a signe d\u2019identitat del nostre barri.<\/p>\n\n\n\n<p><\/p>\n","protected":false},"excerpt":{"rendered":"<p>Amb aquest projecte ens proposem construir un gegant\u00a0 de barri que representi tota la comunitat de l\u2019escola Ernest LLuch. Per\u00f2 [&hellip;]<\/p>\n","protected":false},"author":1,"featured_media":0,"parent":0,"menu_order":0,"comment_status":"closed","ping_status":"close","template":"","meta":{"_bbp_topic_count":0,"_bbp_reply_count":0,"_bbp_total_topic_count":0,"_bbp_total_reply_count":0,"_bbp_voice_count":0,"_bbp_anonymous_reply_count":0,"_bbp_topic_count_hidden":0,"_bbp_reply_count_hidden":0,"_bbp_forum_subforum_count":0,"site-sidebar-layout":"default","site-content-layout":"","ast-site-content-layout":"default","site-content-style":"default","site-sidebar-style":"default","ast-global-header-display":"","ast-banner-title-visibility":"","ast-main-header-display":"","ast-hfb-above-header-display":"","ast-hfb-below-header-display":"","ast-hfb-mobile-header-display":"","site-post-title":"","ast-breadcrumbs-content":"","ast-featured-img":"","footer-sml-layout":"","theme-transparent-header-meta":"","adv-header-id-meta":"","stick-header-meta":"","header-above-stick-meta":"","header-main-stick-meta":"","header-below-stick-meta":"","astra-migrate-meta-layouts":"set","ast-page-background-enabled":"default","ast-page-background-meta":{"desktop":{"background-color":"var(--ast-global-color-4)","background-image":"","background-repeat":"repeat","background-position":"center center","background-size":"auto","background-attachment":"scroll","background-type":"","background-media":"","overlay-type":"","overlay-color":"","overlay-opacity":"","overlay-gradient":""},"tablet":{"background-color":"","background-image":"","background-repeat":"repeat","background-position":"center center","background-size":"auto","background-attachment":"scroll","background-type":"","background-media":"","overlay-type":"","overlay-color":"","overlay-opacity":"","overlay-gradient":""},"mobile":{"background-color":"","background-image":"","background-repeat":"repeat","background-position":"center center","background-size":"auto","background-attachment":"scroll","background-type":"","background-media":"","overlay-type":"","overlay-color":"","overlay-opacity":"","overlay-gradient":""}},"ast-content-background-meta":{"desktop":{"background-color":"var(--ast-global-color-5)","background-image":"","background-repeat":"repeat","background-position":"center center","background-size":"auto","background-attachment":"scroll","background-type":"","background-media":"","overlay-type":"","overlay-color":"","overlay-opacity":"","overlay-gradient":""},"tablet":{"background-color":"var(--ast-global-color-5)","background-image":"","background-repeat":"repeat","background-position":"center center","background-size":"auto","background-attachment":"scroll","background-type":"","background-media":"","overlay-type":"","overlay-color":"","overlay-opacity":"","overlay-gradient":""},"mobile":{"background-color":"var(--ast-global-color-5)","background-image":"","background-repeat":"repeat","background-position":"center center","background-size":"auto","background-attachment":"scroll","background-type":"","background-media":"","overlay-type":"","overlay-color":"","overlay-opacity":"","overlay-gradient":""}},"footnotes":""},"class_list":["post-3006","page","type-page","status-publish","hentry"],"post_mailing_queue_ids":[],"_links":{"self":[{"href":"https:\/\/agora.xtec.cat\/ernestlluchhospitalet\/wp-json\/wp\/v2\/pages\/3006","targetHints":{"allow":["GET"]}}],"collection":[{"href":"https:\/\/agora.xtec.cat\/ernestlluchhospitalet\/wp-json\/wp\/v2\/pages"}],"about":[{"href":"https:\/\/agora.xtec.cat\/ernestlluchhospitalet\/wp-json\/wp\/v2\/types\/page"}],"author":[{"embeddable":true,"href":"https:\/\/agora.xtec.cat\/ernestlluchhospitalet\/wp-json\/wp\/v2\/users\/1"}],"replies":[{"embeddable":true,"href":"https:\/\/agora.xtec.cat\/ernestlluchhospitalet\/wp-json\/wp\/v2\/comments?post=3006"}],"version-history":[{"count":2,"href":"https:\/\/agora.xtec.cat\/ernestlluchhospitalet\/wp-json\/wp\/v2\/pages\/3006\/revisions"}],"predecessor-version":[{"id":3010,"href":"https:\/\/agora.xtec.cat\/ernestlluchhospitalet\/wp-json\/wp\/v2\/pages\/3006\/revisions\/3010"}],"wp:attachment":[{"href":"https:\/\/agora.xtec.cat\/ernestlluchhospitalet\/wp-json\/wp\/v2\/media?parent=3006"}],"curies":[{"name":"wp","href":"https:\/\/api.w.org\/{rel}","templated":true}]}}