{"id":2980,"date":"2025-10-28T10:43:45","date_gmt":"2025-10-28T09:43:45","guid":{"rendered":"https:\/\/agora.xtec.cat\/ernestlluchhospitalet\/?page_id=2980"},"modified":"2025-10-28T10:47:59","modified_gmt":"2025-10-28T09:47:59","slug":"volei","status":"publish","type":"page","link":"https:\/\/agora.xtec.cat\/ernestlluchhospitalet\/volei\/","title":{"rendered":"AraV\u00f2lei"},"content":{"rendered":"\n<p>Aquest curs, 2025-2026, fem un pas endavant molt important.  L\u2019activitat de<br>v\u00f2lei formar\u00e0 part del projecte esportiu del Club V\u00f2lei Hospitalet. Seguirem sent Escola Ernest Lluch per\u00f2 caminarem junts de la m\u00e0, fent aix\u00ed un salt de qualitat que ens permetr\u00e0 cr\u00e9ixer en aprenentatge, valors i competici\u00f3.<br>El canvi implica tamb\u00e9 un comprom\u00eds compartit entre fam\u00edlies, jugadors\/es i entrenadors\/es. No nom\u00e9s volem ensenyar t\u00e8cnica i t\u00e0ctica esportiva, sin\u00f3 tamb\u00e9 transmetre valors que considerem essencials per a l\u2019educaci\u00f3 i el creixement de les jugadores\/jugadors.<br>Aprendre a treballar en equip, respectar companys, rivals, entrenadors\/es i fam\u00edlies, ser<br>constants i compromesos amb els entrenaments i partits, esfor\u00e7ar-nos per superar-nos dia a dia i, sobretot, viure-ho amb il\u00b7lusi\u00f3 i diversi\u00f3.<br>Aquest curs oferirem 4 grups de treball, adaptats a l\u2019edat i nivell dels infants:<\/p>\n\n\n\n<figure class=\"wp-block-image size-full\"><a href=\"https:\/\/agora.xtec.cat\/ernestlluchhospitalet\/wp-content\/uploads\/usu538\/2025\/10\/Captura-de-pantalla-2025-10-28-104045.jpg\"><img loading=\"lazy\" decoding=\"async\" width=\"961\" height=\"337\" src=\"https:\/\/agora.xtec.cat\/ernestlluchhospitalet\/wp-content\/uploads\/usu538\/2025\/10\/Captura-de-pantalla-2025-10-28-104045.jpg\" alt=\"\" class=\"wp-image-2981\" srcset=\"https:\/\/agora.xtec.cat\/ernestlluchhospitalet\/wp-content\/uploads\/usu538\/2025\/10\/Captura-de-pantalla-2025-10-28-104045.jpg 961w, https:\/\/agora.xtec.cat\/ernestlluchhospitalet\/wp-content\/uploads\/usu538\/2025\/10\/Captura-de-pantalla-2025-10-28-104045-300x105.jpg 300w, https:\/\/agora.xtec.cat\/ernestlluchhospitalet\/wp-content\/uploads\/usu538\/2025\/10\/Captura-de-pantalla-2025-10-28-104045-768x269.jpg 768w\" sizes=\"auto, (max-width: 961px) 100vw, 961px\" \/><\/a><\/figure>\n\n\n\n<p>Creiem que el v\u00f2lei \u00e9s molt m\u00e9s que un esport, \u00e9s una eina educativa que ens ajuda a cr\u00e9ixer com a persones, a fer amics i a compartir il\u00b7lusions. Us animem a acompanyar-nos en aquest nou repte, posant-hi tots plegats ganes, esfor\u00e7 i molta il\u00b7lusi\u00f3.<br><\/p>\n\n\n\n<p>Som-hi Ernest Lluch, fem escola de v\u00f2lei!<\/p>\n\n\n\n<p><\/p>\n","protected":false},"excerpt":{"rendered":"<p>Aquest curs, 2025-2026, fem un pas endavant molt important. L\u2019activitat dev\u00f2lei formar\u00e0 part del projecte esportiu del Club V\u00f2lei Hospitalet. [&hellip;]<\/p>\n","protected":false},"author":1,"featured_media":0,"parent":0,"menu_order":1,"comment_status":"closed","ping_status":"close","template":"","meta":{"_bbp_topic_count":0,"_bbp_reply_count":0,"_bbp_total_topic_count":0,"_bbp_total_reply_count":0,"_bbp_voice_count":0,"_bbp_anonymous_reply_count":0,"_bbp_topic_count_hidden":0,"_bbp_reply_count_hidden":0,"_bbp_forum_subforum_count":0,"site-sidebar-layout":"default","site-content-layout":"","ast-site-content-layout":"default","site-content-style":"default","site-sidebar-style":"default","ast-global-header-display":"","ast-banner-title-visibility":"","ast-main-header-display":"","ast-hfb-above-header-display":"","ast-hfb-below-header-display":"","ast-hfb-mobile-header-display":"","site-post-title":"","ast-breadcrumbs-content":"","ast-featured-img":"","footer-sml-layout":"","theme-transparent-header-meta":"","adv-header-id-meta":"","stick-header-meta":"","header-above-stick-meta":"","header-main-stick-meta":"","header-below-stick-meta":"","astra-migrate-meta-layouts":"set","ast-page-background-enabled":"default","ast-page-background-meta":{"desktop":{"background-color":"var(--ast-global-color-4)","background-image":"","background-repeat":"repeat","background-position":"center center","background-size":"auto","background-attachment":"scroll","background-type":"","background-media":"","overlay-type":"","overlay-color":"","overlay-opacity":"","overlay-gradient":""},"tablet":{"background-color":"","background-image":"","background-repeat":"repeat","background-position":"center center","background-size":"auto","background-attachment":"scroll","background-type":"","background-media":"","overlay-type":"","overlay-color":"","overlay-opacity":"","overlay-gradient":""},"mobile":{"background-color":"","background-image":"","background-repeat":"repeat","background-position":"center center","background-size":"auto","background-attachment":"scroll","background-type":"","background-media":"","overlay-type":"","overlay-color":"","overlay-opacity":"","overlay-gradient":""}},"ast-content-background-meta":{"desktop":{"background-color":"var(--ast-global-color-5)","background-image":"","background-repeat":"repeat","background-position":"center center","background-size":"auto","background-attachment":"scroll","background-type":"","background-media":"","overlay-type":"","overlay-color":"","overlay-opacity":"","overlay-gradient":""},"tablet":{"background-color":"var(--ast-global-color-5)","background-image":"","background-repeat":"repeat","background-position":"center center","background-size":"auto","background-attachment":"scroll","background-type":"","background-media":"","overlay-type":"","overlay-color":"","overlay-opacity":"","overlay-gradient":""},"mobile":{"background-color":"var(--ast-global-color-5)","background-image":"","background-repeat":"repeat","background-position":"center center","background-size":"auto","background-attachment":"scroll","background-type":"","background-media":"","overlay-type":"","overlay-color":"","overlay-opacity":"","overlay-gradient":""}},"footnotes":""},"class_list":["post-2980","page","type-page","status-publish","hentry"],"post_mailing_queue_ids":[],"_links":{"self":[{"href":"https:\/\/agora.xtec.cat\/ernestlluchhospitalet\/wp-json\/wp\/v2\/pages\/2980","targetHints":{"allow":["GET"]}}],"collection":[{"href":"https:\/\/agora.xtec.cat\/ernestlluchhospitalet\/wp-json\/wp\/v2\/pages"}],"about":[{"href":"https:\/\/agora.xtec.cat\/ernestlluchhospitalet\/wp-json\/wp\/v2\/types\/page"}],"author":[{"embeddable":true,"href":"https:\/\/agora.xtec.cat\/ernestlluchhospitalet\/wp-json\/wp\/v2\/users\/1"}],"replies":[{"embeddable":true,"href":"https:\/\/agora.xtec.cat\/ernestlluchhospitalet\/wp-json\/wp\/v2\/comments?post=2980"}],"version-history":[{"count":3,"href":"https:\/\/agora.xtec.cat\/ernestlluchhospitalet\/wp-json\/wp\/v2\/pages\/2980\/revisions"}],"predecessor-version":[{"id":2985,"href":"https:\/\/agora.xtec.cat\/ernestlluchhospitalet\/wp-json\/wp\/v2\/pages\/2980\/revisions\/2985"}],"wp:attachment":[{"href":"https:\/\/agora.xtec.cat\/ernestlluchhospitalet\/wp-json\/wp\/v2\/media?parent=2980"}],"curies":[{"name":"wp","href":"https:\/\/api.w.org\/{rel}","templated":true}]}}