{"id":255,"date":"2018-04-09T19:10:22","date_gmt":"2018-04-09T17:10:22","guid":{"rendered":"http:\/\/agora.xtec.cat\/ernestlluchhospitalet\/?page_id=255"},"modified":"2022-06-09T14:36:51","modified_gmt":"2022-06-09T12:36:51","slug":"comunicats","status":"publish","type":"page","link":"https:\/\/agora.xtec.cat\/ernestlluchhospitalet\/comunicats\/","title":{"rendered":"DOCUMENTS I AUTORITZACIONS"},"content":{"rendered":"<ul>\n<li><a href=\"https:\/\/docs.google.com\/document\/d\/1J2LGbYro6hnLItv8tpOVJZ6ngO4DqNtyRGqjtAy887I\/edit?usp=sharing\" target=\"_blank\" rel=\"noopener noreferrer\">Autoritzaci\u00f3 d&#8217;imatge.<\/a><\/li>\n<li><a href=\"https:\/\/docs.google.com\/document\/d\/1E4B6b6jnmiIh-CgsjShHtrekQoz22bDK58UuxWf6-Sc\/edit?usp=sharing\" target=\"_blank\" rel=\"noopener noreferrer\">Autoritzaci\u00f3 per sortir sols de l&#8217;escola.<\/a><\/li>\n<li><a href=\"https:\/\/docs.google.com\/document\/d\/1vf3WS6cbN0qtZok2bOPBSQjncwvdJyR4JirVMEYis3U\/edit?usp=sharing\" target=\"_blank\" rel=\"noopener noreferrer\">Autoritzaci\u00f3 per administrar medicaments.<\/a><\/li>\n<li><a href=\"https:\/\/docs.google.com\/document\/d\/1CDuVMWM37ovS7eAybfav9tAqeZts6cRRbCT3eDo79O8\/edit?usp=sharing\" target=\"_blank\" rel=\"noopener noreferrer\">Autoritzaci\u00f3 per recollir alumnes per part d&#8217;una altra persona diferent al pare, mare o tutor legal.<\/a><\/li>\n<li><a href=\"https:\/\/docs.google.com\/document\/d\/1Cs-X2_jXSSm2aoRNowA_lpdOHBdJRx_eH6q3TmY1hHM\/edit?usp=sharing\" target=\"_blank\" rel=\"noopener noreferrer\">Autoritzaci\u00f3 per a les sortides.<\/a><\/li>\n<li><a href=\"https:\/\/docs.google.com\/document\/d\/1nFs-4bhLAsbDwYV-gDyMqb4lacuH-REeRBhbvszpzWI\/edit?usp=sharing\" target=\"_blank\" rel=\"noopener noreferrer\">Consentiment de consum d&#8217;aliments.<\/a><\/li>\n<li><a href=\"https:\/\/docs.google.com\/document\/d\/1urjaxqmdFwhfVCV7VBJC1-wI0RcZTcFyJZ3CuaVP6_M\/edit?usp=sharing\" target=\"_blank\" rel=\"noopener noreferrer\">Comunicat de recollida extraordin\u00e0ria d&#8217;alumnat durant horari lectiu.<\/a><\/li>\n<\/ul>\n","protected":false},"excerpt":{"rendered":"<p>Autoritzaci\u00f3 d&#8217;imatge. Autoritzaci\u00f3 per sortir sols de l&#8217;escola. Autoritzaci\u00f3 per administrar medicaments. Autoritzaci\u00f3 per recollir alumnes per part d&#8217;una altra [&hellip;]<\/p>\n","protected":false},"author":1,"featured_media":0,"parent":0,"menu_order":0,"comment_status":"closed","ping_status":"closed","template":"","meta":{"_bbp_topic_count":0,"_bbp_reply_count":0,"_bbp_total_topic_count":0,"_bbp_total_reply_count":0,"_bbp_voice_count":0,"_bbp_anonymous_reply_count":0,"_bbp_topic_count_hidden":0,"_bbp_reply_count_hidden":0,"_bbp_forum_subforum_count":0,"site-sidebar-layout":"default","site-content-layout":"","ast-site-content-layout":"","site-content-style":"default","site-sidebar-style":"default","ast-global-header-display":"","ast-banner-title-visibility":"","ast-main-header-display":"","ast-hfb-above-header-display":"","ast-hfb-below-header-display":"","ast-hfb-mobile-header-display":"","site-post-title":"","ast-breadcrumbs-content":"","ast-featured-img":"","footer-sml-layout":"","theme-transparent-header-meta":"","adv-header-id-meta":"","stick-header-meta":"","header-above-stick-meta":"","header-main-stick-meta":"","header-below-stick-meta":"","astra-migrate-meta-layouts":"default","ast-page-background-enabled":"default","ast-page-background-meta":{"desktop":{"background-color":"var(--ast-global-color-4)","background-image":"","background-repeat":"repeat","background-position":"center center","background-size":"auto","background-attachment":"scroll","background-type":"","background-media":"","overlay-type":"","overlay-color":"","overlay-opacity":"","overlay-gradient":""},"tablet":{"background-color":"","background-image":"","background-repeat":"repeat","background-position":"center center","background-size":"auto","background-attachment":"scroll","background-type":"","background-media":"","overlay-type":"","overlay-color":"","overlay-opacity":"","overlay-gradient":""},"mobile":{"background-color":"","background-image":"","background-repeat":"repeat","background-position":"center center","background-size":"auto","background-attachment":"scroll","background-type":"","background-media":"","overlay-type":"","overlay-color":"","overlay-opacity":"","overlay-gradient":""}},"ast-content-background-meta":{"desktop":{"background-color":"var(--ast-global-color-5)","background-image":"","background-repeat":"repeat","background-position":"center center","background-size":"auto","background-attachment":"scroll","background-type":"","background-media":"","overlay-type":"","overlay-color":"","overlay-opacity":"","overlay-gradient":""},"tablet":{"background-color":"var(--ast-global-color-5)","background-image":"","background-repeat":"repeat","background-position":"center center","background-size":"auto","background-attachment":"scroll","background-type":"","background-media":"","overlay-type":"","overlay-color":"","overlay-opacity":"","overlay-gradient":""},"mobile":{"background-color":"var(--ast-global-color-5)","background-image":"","background-repeat":"repeat","background-position":"center center","background-size":"auto","background-attachment":"scroll","background-type":"","background-media":"","overlay-type":"","overlay-color":"","overlay-opacity":"","overlay-gradient":""}},"footnotes":""},"class_list":["post-255","page","type-page","status-publish","hentry"],"post_mailing_queue_ids":[],"_links":{"self":[{"href":"https:\/\/agora.xtec.cat\/ernestlluchhospitalet\/wp-json\/wp\/v2\/pages\/255","targetHints":{"allow":["GET"]}}],"collection":[{"href":"https:\/\/agora.xtec.cat\/ernestlluchhospitalet\/wp-json\/wp\/v2\/pages"}],"about":[{"href":"https:\/\/agora.xtec.cat\/ernestlluchhospitalet\/wp-json\/wp\/v2\/types\/page"}],"author":[{"embeddable":true,"href":"https:\/\/agora.xtec.cat\/ernestlluchhospitalet\/wp-json\/wp\/v2\/users\/1"}],"replies":[{"embeddable":true,"href":"https:\/\/agora.xtec.cat\/ernestlluchhospitalet\/wp-json\/wp\/v2\/comments?post=255"}],"version-history":[{"count":4,"href":"https:\/\/agora.xtec.cat\/ernestlluchhospitalet\/wp-json\/wp\/v2\/pages\/255\/revisions"}],"predecessor-version":[{"id":2304,"href":"https:\/\/agora.xtec.cat\/ernestlluchhospitalet\/wp-json\/wp\/v2\/pages\/255\/revisions\/2304"}],"wp:attachment":[{"href":"https:\/\/agora.xtec.cat\/ernestlluchhospitalet\/wp-json\/wp\/v2\/media?parent=255"}],"curies":[{"name":"wp","href":"https:\/\/api.w.org\/{rel}","templated":true}]}}