{"id":2356,"date":"2022-06-28T13:46:01","date_gmt":"2022-06-28T11:46:01","guid":{"rendered":"https:\/\/agora.xtec.cat\/ernestlluchhospitalet\/?page_id=2356"},"modified":"2023-05-24T15:06:27","modified_gmt":"2023-05-24T13:06:27","slug":"comunicacio-i-xarxes","status":"publish","type":"page","link":"https:\/\/agora.xtec.cat\/ernestlluchhospitalet\/estrategia-digital-de-centre\/cultura-digital\/comunicacio-i-xarxes\/","title":{"rendered":"Comunicaci\u00f3 i Xarxes"},"content":{"rendered":"<p>Informaci\u00f3 dels portals i de les xarxes socials del centre.<\/p>\n<table style=\"border-collapse: collapse; width: 100%;\">\n<tbody>\n<tr>\n<td style=\"width: 23.1924%;\"><a href=\"https:\/\/agora.xtec.cat\/ernestlluchhospitalet\/\" target=\"_blank\" rel=\"noopener\"><img loading=\"lazy\" decoding=\"async\" class=\"aligncenter wp-image-2540\" src=\"https:\/\/agora.xtec.cat\/ernestlluchhospitalet\/wp-content\/uploads\/usu538\/2023\/05\/Nodes.png\" alt=\"\" width=\"70\" height=\"77\" \/><\/a><\/td>\n<td style=\"width: 76.8076%;\">La p\u00e0gina web del centre on s&#8217;hi pot trobar informaci\u00f3 d&#8217;inter\u00e8s per a la comunitat educativa. S&#8217;encarrega del seu manteniment una persona de la Comissi\u00f3 Digital.<\/td>\n<\/tr>\n<tr>\n<td style=\"width: 23.1924%;\"><a href=\"https:\/\/agora.xtec.cat\/ernestlluchhospitalet\/wp-content\/uploads\/usu538\/2023\/05\/baixa-13.jpg\"><img loading=\"lazy\" decoding=\"async\" class=\"aligncenter size-medium wp-image-2543\" src=\"https:\/\/agora.xtec.cat\/ernestlluchhospitalet\/wp-content\/uploads\/usu538\/2023\/05\/baixa-13-300x158.jpg\" alt=\"\" width=\"300\" height=\"158\" srcset=\"https:\/\/agora.xtec.cat\/ernestlluchhospitalet\/wp-content\/uploads\/usu538\/2023\/05\/baixa-13-300x158.jpg 300w, https:\/\/agora.xtec.cat\/ernestlluchhospitalet\/wp-content\/uploads\/usu538\/2023\/05\/baixa-13.jpg 310w\" sizes=\"auto, (max-width: 300px) 100vw, 300px\" \/><\/a><\/td>\n<td style=\"width: 76.8076%;\">\n<p class=\"CDt4Ke zfr3Q\" dir=\"ltr\">El centre disposa d&#8217;un compte d&#8217;Instagram. S&#8217;hi publiquen activitats realitzades per l&#8217;alumnat i not\u00edcies o informacions breus. <span style=\"font-family: inherit; font-size: 1em;\">Els responsables de la publicaci\u00f3 a Instagram s\u00f3n els membres de la Comissi\u00f3 Digital del centre.<\/span><\/p>\n<\/td>\n<\/tr>\n<tr>\n<td style=\"width: 23.1924%;\"><a href=\"https:\/\/agora.xtec.cat\/ernestlluchhospitalet\/wp-content\/uploads\/usu538\/2023\/05\/baixa-9.png\"><img loading=\"lazy\" decoding=\"async\" class=\"aligncenter wp-image-2544\" src=\"https:\/\/agora.xtec.cat\/ernestlluchhospitalet\/wp-content\/uploads\/usu538\/2023\/05\/baixa-9.png\" alt=\"\" width=\"83\" height=\"83\" srcset=\"https:\/\/agora.xtec.cat\/ernestlluchhospitalet\/wp-content\/uploads\/usu538\/2023\/05\/baixa-9.png 225w, https:\/\/agora.xtec.cat\/ernestlluchhospitalet\/wp-content\/uploads\/usu538\/2023\/05\/baixa-9-150x150.png 150w\" sizes=\"auto, (max-width: 83px) 100vw, 83px\" \/><\/a><\/td>\n<td style=\"width: 76.8076%;\">\n<ul class=\"n8H08c UVNKR\">\n<li class=\"TYR86d zfr3Q\" dir=\"ltr\">\n<p class=\"CDt4Ke zfr3Q\" dir=\"ltr\">El centre disposa d&#8217;un compte de Twitter.\u00a0S&#8217;hi publiquen activitats realitzades per l&#8217;alumnat i not\u00edcies o informacions breus i sobretot les relacionades amb esdeveniments organitzats per alguna entitat del barri o l&#8217;ajuntament. Els responsables de la publicaci\u00f3 a Twitter s\u00f3n els membres de la Comissi\u00f3 Digital del centre.<\/p>\n<\/li>\n<\/ul>\n<\/td>\n<\/tr>\n<\/tbody>\n<\/table>\n<p>&nbsp;<\/p>\n<p>Mitjans de comunicaci\u00f3 digital amb les fam\u00edlies, l&#8217;alumnat i entre el professorat.<\/p>\n<table style=\"border-collapse: collapse; width: 100%;\">\n<tbody>\n<tr>\n<td style=\"width: 23.4149%;\"><a href=\"https:\/\/agora.xtec.cat\/ernestlluchhospitalet\/wp-content\/uploads\/usu538\/2020\/05\/DINANTIA.jpg\"><img loading=\"lazy\" decoding=\"async\" class=\"aligncenter wp-image-1487\" src=\"https:\/\/agora.xtec.cat\/ernestlluchhospitalet\/wp-content\/uploads\/usu538\/2020\/05\/DINANTIA.jpg\" alt=\"\" width=\"130\" height=\"112\" \/><\/a><\/td>\n<td style=\"width: 76.5851%;\">Dinantia com a plataforma de comunicaci\u00f3 web i m\u00f2bil dirigida a mestres i fam\u00edlies que permet enviar missatges i informacions diverses amb la particularitat que permet comprovar si s&#8217;ha rebut o no, fer preguntes tant obertes com amb respostes tancades.<\/td>\n<\/tr>\n<tr>\n<td style=\"width: 23.4149%;\">\n<h5 style=\"text-align: center;\">@ernestlluch.org<\/h5>\n<\/td>\n<td style=\"width: 76.5851%;\">L&#8217;escola disposa d&#8217;aquest domini i tot l&#8217;alumnat i el professorat t\u00e9 una adre\u00e7a de correu electr\u00f2nic formada pel seu nom i primer congnom @ernestlluch.org. Aix\u00f2 permet la comunicaci\u00f3 entre el professorat, aquest amb l&#8217;alumnat i l&#8217;alumnat entre ells.<\/td>\n<\/tr>\n<\/tbody>\n<\/table>\n","protected":false},"excerpt":{"rendered":"<p>Informaci\u00f3 dels portals i de les xarxes socials del centre. La p\u00e0gina web del centre on s&#8217;hi pot trobar informaci\u00f3 [&hellip;]<\/p>\n","protected":false},"author":1,"featured_media":0,"parent":2326,"menu_order":5,"comment_status":"closed","ping_status":"closed","template":"page-templates\/side-menu.php","meta":{"_bbp_topic_count":0,"_bbp_reply_count":0,"_bbp_total_topic_count":0,"_bbp_total_reply_count":0,"_bbp_voice_count":0,"_bbp_anonymous_reply_count":0,"_bbp_topic_count_hidden":0,"_bbp_reply_count_hidden":0,"_bbp_forum_subforum_count":0,"site-sidebar-layout":"default","site-content-layout":"","ast-site-content-layout":"","site-content-style":"default","site-sidebar-style":"default","ast-global-header-display":"","ast-banner-title-visibility":"","ast-main-header-display":"","ast-hfb-above-header-display":"","ast-hfb-below-header-display":"","ast-hfb-mobile-header-display":"","site-post-title":"","ast-breadcrumbs-content":"","ast-featured-img":"","footer-sml-layout":"","theme-transparent-header-meta":"","adv-header-id-meta":"","stick-header-meta":"","header-above-stick-meta":"","header-main-stick-meta":"","header-below-stick-meta":"","astra-migrate-meta-layouts":"default","ast-page-background-enabled":"default","ast-page-background-meta":{"desktop":{"background-color":"var(--ast-global-color-4)","background-image":"","background-repeat":"repeat","background-position":"center center","background-size":"auto","background-attachment":"scroll","background-type":"","background-media":"","overlay-type":"","overlay-color":"","overlay-opacity":"","overlay-gradient":""},"tablet":{"background-color":"","background-image":"","background-repeat":"repeat","background-position":"center center","background-size":"auto","background-attachment":"scroll","background-type":"","background-media":"","overlay-type":"","overlay-color":"","overlay-opacity":"","overlay-gradient":""},"mobile":{"background-color":"","background-image":"","background-repeat":"repeat","background-position":"center center","background-size":"auto","background-attachment":"scroll","background-type":"","background-media":"","overlay-type":"","overlay-color":"","overlay-opacity":"","overlay-gradient":""}},"ast-content-background-meta":{"desktop":{"background-color":"var(--ast-global-color-5)","background-image":"","background-repeat":"repeat","background-position":"center center","background-size":"auto","background-attachment":"scroll","background-type":"","background-media":"","overlay-type":"","overlay-color":"","overlay-opacity":"","overlay-gradient":""},"tablet":{"background-color":"var(--ast-global-color-5)","background-image":"","background-repeat":"repeat","background-position":"center center","background-size":"auto","background-attachment":"scroll","background-type":"","background-media":"","overlay-type":"","overlay-color":"","overlay-opacity":"","overlay-gradient":""},"mobile":{"background-color":"var(--ast-global-color-5)","background-image":"","background-repeat":"repeat","background-position":"center center","background-size":"auto","background-attachment":"scroll","background-type":"","background-media":"","overlay-type":"","overlay-color":"","overlay-opacity":"","overlay-gradient":""}},"footnotes":""},"class_list":["post-2356","page","type-page","status-publish","hentry"],"post_mailing_queue_ids":[],"_links":{"self":[{"href":"https:\/\/agora.xtec.cat\/ernestlluchhospitalet\/wp-json\/wp\/v2\/pages\/2356","targetHints":{"allow":["GET"]}}],"collection":[{"href":"https:\/\/agora.xtec.cat\/ernestlluchhospitalet\/wp-json\/wp\/v2\/pages"}],"about":[{"href":"https:\/\/agora.xtec.cat\/ernestlluchhospitalet\/wp-json\/wp\/v2\/types\/page"}],"author":[{"embeddable":true,"href":"https:\/\/agora.xtec.cat\/ernestlluchhospitalet\/wp-json\/wp\/v2\/users\/1"}],"replies":[{"embeddable":true,"href":"https:\/\/agora.xtec.cat\/ernestlluchhospitalet\/wp-json\/wp\/v2\/comments?post=2356"}],"version-history":[{"count":4,"href":"https:\/\/agora.xtec.cat\/ernestlluchhospitalet\/wp-json\/wp\/v2\/pages\/2356\/revisions"}],"predecessor-version":[{"id":2553,"href":"https:\/\/agora.xtec.cat\/ernestlluchhospitalet\/wp-json\/wp\/v2\/pages\/2356\/revisions\/2553"}],"up":[{"embeddable":true,"href":"https:\/\/agora.xtec.cat\/ernestlluchhospitalet\/wp-json\/wp\/v2\/pages\/2326"}],"wp:attachment":[{"href":"https:\/\/agora.xtec.cat\/ernestlluchhospitalet\/wp-json\/wp\/v2\/media?parent=2356"}],"curies":[{"name":"wp","href":"https:\/\/api.w.org\/{rel}","templated":true}]}}