{"id":2354,"date":"2022-06-28T13:45:38","date_gmt":"2022-06-28T11:45:38","guid":{"rendered":"https:\/\/agora.xtec.cat\/ernestlluchhospitalet\/?page_id=2354"},"modified":"2023-05-25T11:25:24","modified_gmt":"2023-05-25T09:25:24","slug":"documentacio-basica","status":"publish","type":"page","link":"https:\/\/agora.xtec.cat\/ernestlluchhospitalet\/estrategia-digital-de-centre\/cultura-digital\/documentacio-basica\/","title":{"rendered":"Documents de Centre"},"content":{"rendered":"<h3 class=\"CjVfdc\"><span class=\"Rn3Z1b C9DxTc \">LA NOFC (NORMATIVA D&#8217;ORGANITZACI\u00d3 I FUNCIONAMENT DEL CENTRE)<\/span><\/h3>\n<p style=\"text-align: left;\"><span style=\"font-weight: 400;\">Les normes d\u2019Organitzaci\u00f3 i Funcionament del centre ( NOFC)\u00a0 \u00e9s el document que recull de manera ordenada els preceptes que regeixen la nostra organitzaci\u00f3 i les interrelacions de la vida escolar: l\u2019estructura, els vincles, les funcions i els drets i deures dels diferents sectors que formen l\u2019escola. Aquest document adapta la normativa general a la nostra realitat partint del nostre Projecte Educatiu de Centre\u00a0 \u00a0 \u00a0<\/span><span style=\"font-family: inherit; font-size: 1em;\">(PEC).\u00a0 Durant el curs 2022-2023 s\u2019ha portat a terme una revisi\u00f3 i reelaboraci\u00f3 de\u00a0 la normativa de centre que fa refer\u00e8ncia a l&#8217;\u00fas dels dispositius tecnol\u00f2gics, la digitalitzaci\u00f3 de la informaci\u00f3\u00a0 i la ciberseguretat.<\/span><\/p>\n<p><span style=\"font-weight: 400;\">A l\u2019escola Ernest LLuch es concreten de la seg\u00fcent manera:<\/span><\/p>\n<p style=\"text-align: center;\"><a href=\"https:\/\/docs.google.com\/document\/d\/1JXlPY2dRzLbotZ9ci2QIA5n-0XGdBxAyo9e0hZ5Ea5A\/edit?usp=sharing\" target=\"_blank\" rel=\"noopener\"><b><\/b><b>NORMATIVA\u00a0 DE CENTRE. \u00daS DE DISPOSITIUS, DIGITALITZACI\u00d3 I CIBERSEGURETAT<\/b><\/a><\/p>\n<p>&nbsp;<\/p>\n<h3>EL PROJECTE EDUCATIU DE CENTRE<\/h3>\n<p><span style=\"font-weight: 400;\">El projecte educatiu de centre (PEC) \u00e9s un document que inclou els trets d&#8217;identitat del centre, els principis pedag\u00f2gics, els principis organitzatius i el projecte ling\u00fc\u00edstic. Est\u00e0 elaborat per la comunitat educativa i recull\u00a0 totes les prioritats per afavorir l\u2019aprenentatge competencial de l\u2019alumnat en termes d\u2019inclusi\u00f3, equitat i qualitat.<\/span><\/p>\n<p><span style=\"font-weight: 400;\">En aquest document s&#8217;especifiquen els valors, els objectius i les prioritats d&#8217;actuaci\u00f3 del centre, la concreci\u00f3 dels curr\u00edculums que s&#8217;imparteixen i el tractament transversal en les \u00e0rees, mat\u00e8ries o m\u00f2duls de l&#8217;educaci\u00f3 en valors i altres ensenyaments.<\/span><\/p>\n<p style=\"text-align: center;\"><a href=\"https:\/\/docs.google.com\/document\/d\/1Wq_aoCmN_N9wL79MFdt8ixxuV8vpKeic\/edit?usp=sharing&amp;ouid=108955053554945743196&amp;rtpof=true&amp;sd=true\" target=\"_blank\" rel=\"noopener\"><b>TRACTAMENT DE LA NORMATIVA\u00a0 DIGITAL EN EL PEC<\/b><\/a><\/p>\n<p>&nbsp;<\/p>\n<h3><span style=\"font-weight: 400;\">EL PROJECTE DE DIRECCI\u00d3 I LA PROGRAMACI\u00d3 GENERAL ANUAL<\/span><\/h3>\n<p><span style=\"font-weight: 400;\">El Projecte de Direcci\u00f3\u00a0 \u00e9s el document\u00a0 que desplega el Projecte Educatiu de centre (PEC) durant un per\u00edode de quatre anys.\u00a0 <\/span><span style=\"font-weight: 400;\">L\u2019actual PdD de l\u2019escola Ernest LLuch\u00a0 \u00a0 \u00a0 \u00a0 (2022-2026) contempla el desenvolupament de l\u2019estrat\u00e8gia digital en un dels seus objectius: <\/span><i><span style=\"font-weight: 400;\">\u201cPromoure la cultura digital en tota la Comunitat educativa\u201d.\u00a0<\/span><\/i><span style=\"font-weight: 400;\">Es desplega aix\u00ed una estrat\u00e8gia per assegurar la compet\u00e8ncia digital i audiovisual en totes les \u00e0rees del curr\u00edculum i en els \u00e0mbits socials i de gesti\u00f3 de centre. <\/span><\/p>\n<p><span style=\"font-weight: 400;\">\u00c9s amb la Programaci\u00f3 General Anual (PGA) com es concreten els objectius i les actuacions que es portaran a terme cada any per tal d\u2019aconseguir els objectius plantejats.<\/span><\/p>\n<p style=\"text-align: center;\"><a href=\"https:\/\/docs.google.com\/document\/d\/1qrLRHF3c_ab9eQRLTMxR1uc3BjGWc4pOcZjGcGU2EqQ\/edit?usp=sharing\" target=\"_blank\" rel=\"noopener\"><b>L\u2019ESTRAT\u00c8GIA DIGITAL AL PdD I\u00a0 LA PGA<\/b><span style=\"font-weight: 400;\">\u00a0<\/span><\/a><\/p>\n","protected":false},"excerpt":{"rendered":"<p>LA NOFC (NORMATIVA D&#8217;ORGANITZACI\u00d3 I FUNCIONAMENT DEL CENTRE) Les normes d\u2019Organitzaci\u00f3 i Funcionament del centre ( NOFC)\u00a0 \u00e9s el document [&hellip;]<\/p>\n","protected":false},"author":1,"featured_media":0,"parent":2326,"menu_order":3,"comment_status":"closed","ping_status":"closed","template":"page-templates\/side-menu.php","meta":{"_bbp_topic_count":0,"_bbp_reply_count":0,"_bbp_total_topic_count":0,"_bbp_total_reply_count":0,"_bbp_voice_count":0,"_bbp_anonymous_reply_count":0,"_bbp_topic_count_hidden":0,"_bbp_reply_count_hidden":0,"_bbp_forum_subforum_count":0,"site-sidebar-layout":"default","site-content-layout":"","ast-site-content-layout":"","site-content-style":"default","site-sidebar-style":"default","ast-global-header-display":"","ast-banner-title-visibility":"","ast-main-header-display":"","ast-hfb-above-header-display":"","ast-hfb-below-header-display":"","ast-hfb-mobile-header-display":"","site-post-title":"","ast-breadcrumbs-content":"","ast-featured-img":"","footer-sml-layout":"","theme-transparent-header-meta":"","adv-header-id-meta":"","stick-header-meta":"","header-above-stick-meta":"","header-main-stick-meta":"","header-below-stick-meta":"","astra-migrate-meta-layouts":"default","ast-page-background-enabled":"default","ast-page-background-meta":{"desktop":{"background-color":"var(--ast-global-color-4)","background-image":"","background-repeat":"repeat","background-position":"center center","background-size":"auto","background-attachment":"scroll","background-type":"","background-media":"","overlay-type":"","overlay-color":"","overlay-opacity":"","overlay-gradient":""},"tablet":{"background-color":"","background-image":"","background-repeat":"repeat","background-position":"center center","background-size":"auto","background-attachment":"scroll","background-type":"","background-media":"","overlay-type":"","overlay-color":"","overlay-opacity":"","overlay-gradient":""},"mobile":{"background-color":"","background-image":"","background-repeat":"repeat","background-position":"center center","background-size":"auto","background-attachment":"scroll","background-type":"","background-media":"","overlay-type":"","overlay-color":"","overlay-opacity":"","overlay-gradient":""}},"ast-content-background-meta":{"desktop":{"background-color":"var(--ast-global-color-5)","background-image":"","background-repeat":"repeat","background-position":"center center","background-size":"auto","background-attachment":"scroll","background-type":"","background-media":"","overlay-type":"","overlay-color":"","overlay-opacity":"","overlay-gradient":""},"tablet":{"background-color":"var(--ast-global-color-5)","background-image":"","background-repeat":"repeat","background-position":"center center","background-size":"auto","background-attachment":"scroll","background-type":"","background-media":"","overlay-type":"","overlay-color":"","overlay-opacity":"","overlay-gradient":""},"mobile":{"background-color":"var(--ast-global-color-5)","background-image":"","background-repeat":"repeat","background-position":"center center","background-size":"auto","background-attachment":"scroll","background-type":"","background-media":"","overlay-type":"","overlay-color":"","overlay-opacity":"","overlay-gradient":""}},"footnotes":""},"class_list":["post-2354","page","type-page","status-publish","hentry"],"post_mailing_queue_ids":[],"_links":{"self":[{"href":"https:\/\/agora.xtec.cat\/ernestlluchhospitalet\/wp-json\/wp\/v2\/pages\/2354","targetHints":{"allow":["GET"]}}],"collection":[{"href":"https:\/\/agora.xtec.cat\/ernestlluchhospitalet\/wp-json\/wp\/v2\/pages"}],"about":[{"href":"https:\/\/agora.xtec.cat\/ernestlluchhospitalet\/wp-json\/wp\/v2\/types\/page"}],"author":[{"embeddable":true,"href":"https:\/\/agora.xtec.cat\/ernestlluchhospitalet\/wp-json\/wp\/v2\/users\/1"}],"replies":[{"embeddable":true,"href":"https:\/\/agora.xtec.cat\/ernestlluchhospitalet\/wp-json\/wp\/v2\/comments?post=2354"}],"version-history":[{"count":3,"href":"https:\/\/agora.xtec.cat\/ernestlluchhospitalet\/wp-json\/wp\/v2\/pages\/2354\/revisions"}],"predecessor-version":[{"id":2574,"href":"https:\/\/agora.xtec.cat\/ernestlluchhospitalet\/wp-json\/wp\/v2\/pages\/2354\/revisions\/2574"}],"up":[{"embeddable":true,"href":"https:\/\/agora.xtec.cat\/ernestlluchhospitalet\/wp-json\/wp\/v2\/pages\/2326"}],"wp:attachment":[{"href":"https:\/\/agora.xtec.cat\/ernestlluchhospitalet\/wp-json\/wp\/v2\/media?parent=2354"}],"curies":[{"name":"wp","href":"https:\/\/api.w.org\/{rel}","templated":true}]}}