{"id":2326,"date":"2022-06-28T13:21:33","date_gmt":"2022-06-28T11:21:33","guid":{"rendered":"https:\/\/agora.xtec.cat\/ernestlluchhospitalet\/?page_id=2326"},"modified":"2026-02-20T15:24:47","modified_gmt":"2026-02-20T14:24:47","slug":"cultura-digital","status":"publish","type":"page","link":"https:\/\/agora.xtec.cat\/ernestlluchhospitalet\/estrategia-digital-de-centre\/cultura-digital\/","title":{"rendered":"Cultura Digital"},"content":{"rendered":"<p>En aquest espai es recullen els apartats de l&#8217;estrat\u00e8gia digital de centre ja implementats, aix\u00ed com la gesti\u00f3 di\u00e0ria de l&#8217;organitzaci\u00f3 digital de l&#8217;escola: les accions que ja tenim consolidades, plans desenvolupats, procediments, normatives, protocols, etc.<\/p>\n<p>Es recopila aqu\u00ed per poder-ho trobar de manera f\u00e0cil i \u00e0gil.<\/p>\n<h3><span style=\"color: #0000ff;\"><span style=\"color: #33cccc;\">Compet\u00e8ncia digital de l&#8217;alumnat<\/span><\/span><\/h3>\n<p>El centre promou el desenvolupament de la compet\u00e8ncia digital mitjan\u00e7ant situacions d&#8217;aprenentatge contextualitzades . Es defineixen els sabers digitals associats als diferents \u00e0mbits i nivells, aix\u00ed com criteris i instruments d&#8217;avaluaci\u00f3 que permeten fer-ne un seguiment transversal.\u00a0<\/p>\n<h3><span style=\"color: #33cccc;\">Serveis digitals<\/span><\/h3>\n<p>A l&#8217;escola utilitzem diversos serveis digitals. alguns estan vinculats a unes condicions d&#8217;\u00fas que aproven les fam\u00edlies. A continuaci\u00f3 els\u00a0 enumerem en un llistat:<\/p>\n\n\n<figure class=\"wp-block-image size-large\"><a href=\"https:\/\/agora.xtec.cat\/ernestlluchhospitalet\/wp-content\/uploads\/usu538\/2026\/01\/PLA-ACOLLIDA-DIGITAL-FAMILIES.jpg\"><img loading=\"lazy\" decoding=\"async\" width=\"724\" height=\"1024\" src=\"https:\/\/agora.xtec.cat\/ernestlluchhospitalet\/wp-content\/uploads\/usu538\/2026\/01\/PLA-ACOLLIDA-DIGITAL-FAMILIES-724x1024.jpg\" alt=\"\" class=\"wp-image-3035\" srcset=\"https:\/\/agora.xtec.cat\/ernestlluchhospitalet\/wp-content\/uploads\/usu538\/2026\/01\/PLA-ACOLLIDA-DIGITAL-FAMILIES-724x1024.jpg 724w, https:\/\/agora.xtec.cat\/ernestlluchhospitalet\/wp-content\/uploads\/usu538\/2026\/01\/PLA-ACOLLIDA-DIGITAL-FAMILIES-212x300.jpg 212w, https:\/\/agora.xtec.cat\/ernestlluchhospitalet\/wp-content\/uploads\/usu538\/2026\/01\/PLA-ACOLLIDA-DIGITAL-FAMILIES-768x1086.jpg 768w, https:\/\/agora.xtec.cat\/ernestlluchhospitalet\/wp-content\/uploads\/usu538\/2026\/01\/PLA-ACOLLIDA-DIGITAL-FAMILIES.jpg 884w\" sizes=\"auto, (max-width: 724px) 100vw, 724px\" \/><\/a><\/figure>\n\n\n\n<figure class=\"wp-block-image size-large\"><a href=\"https:\/\/agora.xtec.cat\/ernestlluchhospitalet\/wp-content\/uploads\/usu538\/2026\/01\/PLA-ACOLLIDA-DIGITAL-FAMILIES-1.jpg\"><img loading=\"lazy\" decoding=\"async\" width=\"724\" height=\"1024\" src=\"https:\/\/agora.xtec.cat\/ernestlluchhospitalet\/wp-content\/uploads\/usu538\/2026\/01\/PLA-ACOLLIDA-DIGITAL-FAMILIES-1-724x1024.jpg\" alt=\"\" class=\"wp-image-3037\" srcset=\"https:\/\/agora.xtec.cat\/ernestlluchhospitalet\/wp-content\/uploads\/usu538\/2026\/01\/PLA-ACOLLIDA-DIGITAL-FAMILIES-1-724x1024.jpg 724w, https:\/\/agora.xtec.cat\/ernestlluchhospitalet\/wp-content\/uploads\/usu538\/2026\/01\/PLA-ACOLLIDA-DIGITAL-FAMILIES-1-212x300.jpg 212w, https:\/\/agora.xtec.cat\/ernestlluchhospitalet\/wp-content\/uploads\/usu538\/2026\/01\/PLA-ACOLLIDA-DIGITAL-FAMILIES-1-768x1086.jpg 768w, https:\/\/agora.xtec.cat\/ernestlluchhospitalet\/wp-content\/uploads\/usu538\/2026\/01\/PLA-ACOLLIDA-DIGITAL-FAMILIES-1.jpg 884w\" sizes=\"auto, (max-width: 724px) 100vw, 724px\" \/><\/a><\/figure>\n\n\n\n<figure class=\"wp-block-image size-large\"><a href=\"https:\/\/agora.xtec.cat\/ernestlluchhospitalet\/wp-content\/uploads\/usu538\/2026\/01\/PLA-ACOLLIDA-DIGITAL-FAMILIES-2.jpg\"><img loading=\"lazy\" decoding=\"async\" width=\"724\" height=\"1024\" src=\"https:\/\/agora.xtec.cat\/ernestlluchhospitalet\/wp-content\/uploads\/usu538\/2026\/01\/PLA-ACOLLIDA-DIGITAL-FAMILIES-2-724x1024.jpg\" alt=\"\" class=\"wp-image-3038\" srcset=\"https:\/\/agora.xtec.cat\/ernestlluchhospitalet\/wp-content\/uploads\/usu538\/2026\/01\/PLA-ACOLLIDA-DIGITAL-FAMILIES-2-724x1024.jpg 724w, https:\/\/agora.xtec.cat\/ernestlluchhospitalet\/wp-content\/uploads\/usu538\/2026\/01\/PLA-ACOLLIDA-DIGITAL-FAMILIES-2-212x300.jpg 212w, https:\/\/agora.xtec.cat\/ernestlluchhospitalet\/wp-content\/uploads\/usu538\/2026\/01\/PLA-ACOLLIDA-DIGITAL-FAMILIES-2-768x1086.jpg 768w, https:\/\/agora.xtec.cat\/ernestlluchhospitalet\/wp-content\/uploads\/usu538\/2026\/01\/PLA-ACOLLIDA-DIGITAL-FAMILIES-2.jpg 884w\" sizes=\"auto, (max-width: 724px) 100vw, 724px\" \/><\/a><\/figure>\n\n\n\n<p class=\"has-ast-global-color-1-color has-text-color has-link-color has-medium-font-size wp-elements-1c4f4ca6ae34d31aa6d891117b2573f3\"><strong>PLA D&#8217;ACOLLIDA DIGITAL DE CENTRE<\/strong><\/p>\n\n\n\n<p class=\"has-ast-global-color-1-color has-text-color has-link-color wp-elements-c85a3ab3448173ea802819f3ea382e19\"><strong>Guia per a professorat, alumnat i fam\u00edlies<\/strong><\/p>\n\n\n\n<p>Aquest pla d&#8217;acollida digital orienta el professorat, l&#8217;alumnat i les fam\u00edlies en l&#8217;\u00fas responsable i segur dels recursos digitals del centre. Recull les eines, protocols i normes de funcionament, i ofereix pautes per fomentar una cultura digital basada en el respecte, la protecci\u00f3 de dades i el desenvolupament de la compet\u00e8ncia digital.<\/p>\n\n\n\n<p><\/p>\n","protected":false},"excerpt":{"rendered":"<p>En aquest espai es recullen els apartats de l&#8217;estrat\u00e8gia digital de centre ja implementats, aix\u00ed com la gesti\u00f3 di\u00e0ria de [&hellip;]<\/p>\n","protected":false},"author":1,"featured_media":0,"parent":2321,"menu_order":2,"comment_status":"closed","ping_status":"closed","template":"","meta":{"_bbp_topic_count":0,"_bbp_reply_count":0,"_bbp_total_topic_count":0,"_bbp_total_reply_count":0,"_bbp_voice_count":0,"_bbp_anonymous_reply_count":0,"_bbp_topic_count_hidden":0,"_bbp_reply_count_hidden":0,"_bbp_forum_subforum_count":0,"site-sidebar-layout":"default","site-content-layout":"","ast-site-content-layout":"default","site-content-style":"default","site-sidebar-style":"default","ast-global-header-display":"","ast-banner-title-visibility":"","ast-main-header-display":"","ast-hfb-above-header-display":"","ast-hfb-below-header-display":"","ast-hfb-mobile-header-display":"","site-post-title":"","ast-breadcrumbs-content":"","ast-featured-img":"","footer-sml-layout":"","theme-transparent-header-meta":"","adv-header-id-meta":"","stick-header-meta":"","header-above-stick-meta":"","header-main-stick-meta":"","header-below-stick-meta":"","astra-migrate-meta-layouts":"set","ast-page-background-enabled":"default","ast-page-background-meta":{"desktop":{"background-color":"var(--ast-global-color-4)","background-image":"","background-repeat":"repeat","background-position":"center center","background-size":"auto","background-attachment":"scroll","background-type":"","background-media":"","overlay-type":"","overlay-color":"","overlay-opacity":"","overlay-gradient":""},"tablet":{"background-color":"","background-image":"","background-repeat":"repeat","background-position":"center center","background-size":"auto","background-attachment":"scroll","background-type":"","background-media":"","overlay-type":"","overlay-color":"","overlay-opacity":"","overlay-gradient":""},"mobile":{"background-color":"","background-image":"","background-repeat":"repeat","background-position":"center center","background-size":"auto","background-attachment":"scroll","background-type":"","background-media":"","overlay-type":"","overlay-color":"","overlay-opacity":"","overlay-gradient":""}},"ast-content-background-meta":{"desktop":{"background-color":"var(--ast-global-color-5)","background-image":"","background-repeat":"repeat","background-position":"center center","background-size":"auto","background-attachment":"scroll","background-type":"","background-media":"","overlay-type":"","overlay-color":"","overlay-opacity":"","overlay-gradient":""},"tablet":{"background-color":"var(--ast-global-color-5)","background-image":"","background-repeat":"repeat","background-position":"center center","background-size":"auto","background-attachment":"scroll","background-type":"","background-media":"","overlay-type":"","overlay-color":"","overlay-opacity":"","overlay-gradient":""},"mobile":{"background-color":"var(--ast-global-color-5)","background-image":"","background-repeat":"repeat","background-position":"center center","background-size":"auto","background-attachment":"scroll","background-type":"","background-media":"","overlay-type":"","overlay-color":"","overlay-opacity":"","overlay-gradient":""}},"footnotes":""},"class_list":["post-2326","page","type-page","status-publish","hentry"],"post_mailing_queue_ids":[],"_links":{"self":[{"href":"https:\/\/agora.xtec.cat\/ernestlluchhospitalet\/wp-json\/wp\/v2\/pages\/2326","targetHints":{"allow":["GET"]}}],"collection":[{"href":"https:\/\/agora.xtec.cat\/ernestlluchhospitalet\/wp-json\/wp\/v2\/pages"}],"about":[{"href":"https:\/\/agora.xtec.cat\/ernestlluchhospitalet\/wp-json\/wp\/v2\/types\/page"}],"author":[{"embeddable":true,"href":"https:\/\/agora.xtec.cat\/ernestlluchhospitalet\/wp-json\/wp\/v2\/users\/1"}],"replies":[{"embeddable":true,"href":"https:\/\/agora.xtec.cat\/ernestlluchhospitalet\/wp-json\/wp\/v2\/comments?post=2326"}],"version-history":[{"count":6,"href":"https:\/\/agora.xtec.cat\/ernestlluchhospitalet\/wp-json\/wp\/v2\/pages\/2326\/revisions"}],"predecessor-version":[{"id":3056,"href":"https:\/\/agora.xtec.cat\/ernestlluchhospitalet\/wp-json\/wp\/v2\/pages\/2326\/revisions\/3056"}],"up":[{"embeddable":true,"href":"https:\/\/agora.xtec.cat\/ernestlluchhospitalet\/wp-json\/wp\/v2\/pages\/2321"}],"wp:attachment":[{"href":"https:\/\/agora.xtec.cat\/ernestlluchhospitalet\/wp-json\/wp\/v2\/media?parent=2326"}],"curies":[{"name":"wp","href":"https:\/\/api.w.org\/{rel}","templated":true}]}}