{"id":22,"date":"2014-09-18T12:19:57","date_gmt":"2014-09-18T12:19:57","guid":{"rendered":"http:\/\/agora.xtec.cat\/ernestlluchhospitalet\/?page_id=22"},"modified":"2025-02-12T16:21:02","modified_gmt":"2025-02-12T15:21:02","slug":"lescola","status":"publish","type":"page","link":"https:\/\/agora.xtec.cat\/ernestlluchhospitalet\/lescola\/","title":{"rendered":"L&#8217;escola"},"content":{"rendered":"<p><span style=\"font-weight: 400;\">L\u2019escola Ernest Lluch \u00e9s un centre p\u00fablic depenent, directament, del Departament d\u2019Educaci\u00f3 de la Generalitat de Catalunya. <\/span><\/p>\n<p><span style=\"font-weight: 400;\">Va iniciar el seu funcionament el setembre de 2010 per tal de donar resposta a la creixent demanda de places escolars a la zona, iniciant el seu funcionament en uns m\u00f2duls prefabricats que acollien \u00a0nens i nenes de P3 a P-5.<\/span><\/p>\n<p><span style=\"font-weight: 400;\">Actualment \u00e9s un centre d&#8217;una l\u00ednia amb un quatre nivells doblats, que acull un total de 350<\/span> <span style=\"font-weight: 400;\">nens i nenes de I3 a 6\u00e8 de Prim\u00e0ria. <\/span><\/p>\n<p><span style=\"font-weight: 400;\">La seva seu \u00e9s al passatge Colom 19, cantonada amb el carrer Montseny, al cor del barri.<\/span><\/p>\n<p><span style=\"font-weight: 400;\">Des dels seus inicis l&#8217;escola ha fet un aposta decidida per tal de ser un bon referent educatiu de barri, fent palesa la seva voluntat d&#8217;esdevenir un servei p\u00fablic de qualitat.<\/span><\/p>\n<p><span style=\"font-weight: 400;\">Som, per sobre de tot, una Comunitat Educativa acollidora, amb un gran equip de professionals que es caracteritzen pel seu comprom\u00eds amb el creixement dels nens i nenes, amb \u00a0la formaci\u00f3 i la innovaci\u00f3. I amb unes fam\u00edlies que ens ajuden cada dia a fer de l&#8217;Ernest una escola de tots i totes.<\/span><\/p>\n<p><span style=\"font-weight: 400;\">Amb aquesta vocaci\u00f3 d&#8217;innovaci\u00f3 i millora portem a terme diferents projectes i din\u00e0miques d&#8217;aula que s\u00f3n referents d\u2019\u00e8xit educatiu. Estem especialment satisfets i satisfetes de la col\u00b7laboraci\u00f3 amb l&#8217;escola de M\u00fasica Centre de les Arts de l&#8217;Hospitalet, de la participaci\u00f3 en el Consell dels Infants de la ciutat, \u00a0dels projectes de ci\u00e8ncies, matem\u00e0tiques i literatura infantil, de l&#8217;acompanyament individualitzat i l&#8217;acci\u00f3 tutorial, dels projectes referits a la identitat personal, compartits amb les fam\u00edlies, o del tractament de la llengua anglesa, entre d&#8217;altres. <\/span><\/p>\n<p><span style=\"font-weight: 400;\">Som Comunitat, som escola p\u00fablica de qualitat a l&#8217;Hospitalet i volem ser, per als nostres nens i nenes, un referent que els acompanyi en el present i en el futur.<\/span><\/p>\n","protected":false},"excerpt":{"rendered":"<p>L\u2019escola Ernest Lluch \u00e9s un centre p\u00fablic depenent, directament, del Departament d\u2019Educaci\u00f3 de la Generalitat de Catalunya. Va iniciar el [&hellip;]<\/p>\n","protected":false},"author":2,"featured_media":0,"parent":0,"menu_order":0,"comment_status":"closed","ping_status":"closed","template":"","meta":{"_bbp_topic_count":0,"_bbp_reply_count":0,"_bbp_total_topic_count":0,"_bbp_total_reply_count":0,"_bbp_voice_count":0,"_bbp_anonymous_reply_count":0,"_bbp_topic_count_hidden":0,"_bbp_reply_count_hidden":0,"_bbp_forum_subforum_count":0,"site-sidebar-layout":"default","site-content-layout":"","ast-site-content-layout":"default","site-content-style":"default","site-sidebar-style":"default","ast-global-header-display":"","ast-banner-title-visibility":"","ast-main-header-display":"","ast-hfb-above-header-display":"","ast-hfb-below-header-display":"","ast-hfb-mobile-header-display":"","site-post-title":"","ast-breadcrumbs-content":"","ast-featured-img":"","footer-sml-layout":"","theme-transparent-header-meta":"","adv-header-id-meta":"","stick-header-meta":"","header-above-stick-meta":"","header-main-stick-meta":"","header-below-stick-meta":"","astra-migrate-meta-layouts":"set","ast-page-background-enabled":"default","ast-page-background-meta":{"desktop":{"background-color":"var(--ast-global-color-4)","background-image":"","background-repeat":"repeat","background-position":"center center","background-size":"auto","background-attachment":"scroll","background-type":"","background-media":"","overlay-type":"","overlay-color":"","overlay-opacity":"","overlay-gradient":""},"tablet":{"background-color":"","background-image":"","background-repeat":"repeat","background-position":"center center","background-size":"auto","background-attachment":"scroll","background-type":"","background-media":"","overlay-type":"","overlay-color":"","overlay-opacity":"","overlay-gradient":""},"mobile":{"background-color":"","background-image":"","background-repeat":"repeat","background-position":"center center","background-size":"auto","background-attachment":"scroll","background-type":"","background-media":"","overlay-type":"","overlay-color":"","overlay-opacity":"","overlay-gradient":""}},"ast-content-background-meta":{"desktop":{"background-color":"var(--ast-global-color-5)","background-image":"","background-repeat":"repeat","background-position":"center center","background-size":"auto","background-attachment":"scroll","background-type":"","background-media":"","overlay-type":"","overlay-color":"","overlay-opacity":"","overlay-gradient":""},"tablet":{"background-color":"var(--ast-global-color-5)","background-image":"","background-repeat":"repeat","background-position":"center center","background-size":"auto","background-attachment":"scroll","background-type":"","background-media":"","overlay-type":"","overlay-color":"","overlay-opacity":"","overlay-gradient":""},"mobile":{"background-color":"var(--ast-global-color-5)","background-image":"","background-repeat":"repeat","background-position":"center center","background-size":"auto","background-attachment":"scroll","background-type":"","background-media":"","overlay-type":"","overlay-color":"","overlay-opacity":"","overlay-gradient":""}},"footnotes":""},"class_list":["post-22","page","type-page","status-publish","hentry"],"post_mailing_queue_ids":[],"_links":{"self":[{"href":"https:\/\/agora.xtec.cat\/ernestlluchhospitalet\/wp-json\/wp\/v2\/pages\/22","targetHints":{"allow":["GET"]}}],"collection":[{"href":"https:\/\/agora.xtec.cat\/ernestlluchhospitalet\/wp-json\/wp\/v2\/pages"}],"about":[{"href":"https:\/\/agora.xtec.cat\/ernestlluchhospitalet\/wp-json\/wp\/v2\/types\/page"}],"author":[{"embeddable":true,"href":"https:\/\/agora.xtec.cat\/ernestlluchhospitalet\/wp-json\/wp\/v2\/users\/2"}],"replies":[{"embeddable":true,"href":"https:\/\/agora.xtec.cat\/ernestlluchhospitalet\/wp-json\/wp\/v2\/comments?post=22"}],"version-history":[{"count":3,"href":"https:\/\/agora.xtec.cat\/ernestlluchhospitalet\/wp-json\/wp\/v2\/pages\/22\/revisions"}],"predecessor-version":[{"id":2842,"href":"https:\/\/agora.xtec.cat\/ernestlluchhospitalet\/wp-json\/wp\/v2\/pages\/22\/revisions\/2842"}],"wp:attachment":[{"href":"https:\/\/agora.xtec.cat\/ernestlluchhospitalet\/wp-json\/wp\/v2\/media?parent=22"}],"curies":[{"name":"wp","href":"https:\/\/api.w.org\/{rel}","templated":true}]}}