{"id":19,"date":"2014-09-17T14:56:56","date_gmt":"2014-09-17T12:56:56","guid":{"rendered":"http:\/\/agora.xtec.cat\/emusvilatorrada\/?page_id=19"},"modified":"2026-04-29T14:53:04","modified_gmt":"2026-04-29T12:53:04","slug":"escola-2","status":"publish","type":"page","link":"https:\/\/agora.xtec.cat\/emusvilatorrada\/","title":{"rendered":"L&#8217;Escola"},"content":{"rendered":"\n<div class=\"wp-block-columns is-layout-flex wp-container-core-columns-is-layout-2 wp-block-columns-is-layout-flex\" style=\"padding-bottom:0\">\n<div class=\"wp-block-column is-vertically-aligned-center is-layout-flow wp-block-column-is-layout-flow\">\n<div class=\"wp-block-columns is-layout-flex wp-container-core-columns-is-layout-1 wp-block-columns-is-layout-flex\">\n<div class=\"wp-block-column is-vertically-aligned-center is-layout-flow wp-block-column-is-layout-flow\" style=\"flex-basis:33.33%\">\n<figure class=\"wp-block-image aligncenter size-full is-resized\"><a href=\"https:\/\/agora.xtec.cat\/emusvilatorrada\/wp-content\/uploads\/usu3031\/2024\/10\/Logo-40-trans.png\"><img loading=\"lazy\" decoding=\"async\" width=\"462\" height=\"626\" src=\"https:\/\/agora.xtec.cat\/emusvilatorrada\/wp-content\/uploads\/usu3031\/2024\/10\/Logo-40-trans.png\" alt=\"\" class=\"wp-image-3247\" style=\"width:165px;height:auto\" srcset=\"https:\/\/agora.xtec.cat\/emusvilatorrada\/wp-content\/uploads\/usu3031\/2024\/10\/Logo-40-trans.png 462w, https:\/\/agora.xtec.cat\/emusvilatorrada\/wp-content\/uploads\/usu3031\/2024\/10\/Logo-40-trans-221x300.png 221w\" sizes=\"auto, (max-width: 462px) 100vw, 462px\" \/><\/a><\/figure>\n<\/div>\n\n\n\n<div class=\"wp-block-column is-vertically-aligned-center is-layout-flow wp-block-column-is-layout-flow\" style=\"padding-top:0;padding-bottom:0;flex-basis:66.66%\">\n<figure class=\"wp-block-embed is-type-video is-provider-youtube wp-block-embed-youtube wp-embed-aspect-16-9 wp-has-aspect-ratio\"><div class=\"wp-block-embed__wrapper\">\n<div class=\"ast-oembed-container \" style=\"height: 100%;\"><iframe loading=\"lazy\" title=\"Ve del Mas\" width=\"500\" height=\"281\" src=\"https:\/\/www.youtube.com\/embed\/CdXrzLx6rgc?feature=oembed\" frameborder=\"0\" allow=\"accelerometer; autoplay; clipboard-write; encrypted-media; gyroscope; picture-in-picture; web-share\" referrerpolicy=\"strict-origin-when-cross-origin\" allowfullscreen><\/iframe><\/div>\n<\/div><\/figure>\n\n\n\n<p class=\"has-text-align-right has-small-font-size\" style=\"padding-top:0;padding-bottom:0\"><sup><em>Lletra i m\u00fasica: Xiula<\/em><\/sup><\/p>\n<\/div>\n<\/div>\n<\/div>\n<\/div>\n\n\n\n<hr class=\"wp-block-separator has-alpha-channel-opacity\"\/>\n\n\n\n<div class=\"wp-block-columns are-vertically-aligned-center is-layout-flex wp-container-core-columns-is-layout-3 wp-block-columns-is-layout-flex\">\n<div class=\"wp-block-column is-layout-flow wp-block-column-is-layout-flow\">\n<div class=\"wp-block-media-text is-stacked-on-mobile\" style=\"grid-template-columns:38% auto\"><figure class=\"wp-block-media-text__media\"><a href=\"https:\/\/agora.xtec.cat\/emusvilatorrada\/wp-content\/uploads\/usu3031\/2026\/04\/Formulari_inscripcio_2627.pdf\" target=\"_blank\" rel=\"noreferrer noopener\"><img loading=\"lazy\" decoding=\"async\" width=\"496\" height=\"702\" src=\"https:\/\/agora.xtec.cat\/emusvilatorrada\/wp-content\/uploads\/usu3031\/2023\/04\/CARTELL-1R-CONTACTE-496\u200a\u00d7\u200a702.png\" alt=\"\" class=\"wp-image-3171 size-full\" srcset=\"https:\/\/agora.xtec.cat\/emusvilatorrada\/wp-content\/uploads\/usu3031\/2023\/04\/CARTELL-1R-CONTACTE-496\u200a\u00d7\u200a702.png 496w, https:\/\/agora.xtec.cat\/emusvilatorrada\/wp-content\/uploads\/usu3031\/2023\/04\/CARTELL-1R-CONTACTE-496\u200a\u00d7\u200a702-212x300.png 212w\" sizes=\"auto, (max-width: 496px) 100vw, 496px\" \/><\/a><\/figure><div class=\"wp-block-media-text__content\">\n<h3 class=\"wp-block-heading\">Vine a fer m\u00fasica amb nosaltres!<\/h3>\n\n\n\n<p>Omple el <a href=\"https:\/\/agora.xtec.cat\/emusvilatorrada\/wp-content\/uploads\/usu3031\/2026\/04\/Formulari_inscripcio_2627.pdf\" target=\"_blank\" rel=\"noreferrer noopener nofollow\">formulari de preinscripci\u00f3<\/a> i envia\u2019ns-el per e-mail i, tant aviat com puguem, ens posarem en contacte amb tu per informar-te de tots aquells dubtes que encara puguis tenir i de com continuar amb el proc\u00e9s de matr\u00edcula.<\/p>\n\n\n\n<p>\u00c9s la teva primera visita? Encara no n\u2019est\u00e0s conven\u00e7ut? En aquestes p\u00e0gines podr\u00e0s con\u00e8ixer-nos i veure totes les activitats que fem i en les que podr\u00e0s participar. Navega, remena, contacta\u2019ns, pregunta\u2026<\/p>\n\n\n\n<h3 class=\"wp-block-heading\">T\u2019esperem!<\/h3>\n<\/div><\/div>\n<\/div>\n<\/div>\n","protected":false},"excerpt":{"rendered":"<p>Lletra i m\u00fasica: Xiula Vine a fer m\u00fasica amb nosaltres! Omple el formulari de preinscripci\u00f3 i envia\u2019ns-el per e-mail i, tant aviat com puguem, ens posarem en contacte amb tu per informar-te de tots aquells dubtes que encara puguis tenir i de com continuar amb el proc\u00e9s de matr\u00edcula. \u00c9s la teva primera visita? Encara [&hellip;]<\/p>\n","protected":false},"author":1,"featured_media":0,"parent":0,"menu_order":0,"comment_status":"closed","ping_status":"closed","template":"page-templates\/side-menu.php","meta":{"_bbp_topic_count":0,"_bbp_reply_count":0,"_bbp_total_topic_count":0,"_bbp_total_reply_count":0,"_bbp_voice_count":0,"_bbp_anonymous_reply_count":0,"_bbp_topic_count_hidden":0,"_bbp_reply_count_hidden":0,"_bbp_forum_subforum_count":0,"site-sidebar-layout":"default","site-content-layout":"","ast-site-content-layout":"default","site-content-style":"default","site-sidebar-style":"default","ast-global-header-display":"","ast-banner-title-visibility":"","ast-main-header-display":"","ast-hfb-above-header-display":"","ast-hfb-below-header-display":"","ast-hfb-mobile-header-display":"","site-post-title":"disabled","ast-breadcrumbs-content":"","ast-featured-img":"","footer-sml-layout":"","theme-transparent-header-meta":"","adv-header-id-meta":"","stick-header-meta":"","header-above-stick-meta":"","header-main-stick-meta":"","header-below-stick-meta":"","astra-migrate-meta-layouts":"set","ast-page-background-enabled":"default","ast-page-background-meta":{"desktop":{"background-color":"var(--ast-global-color-4)","background-image":"","background-repeat":"repeat","background-position":"center center","background-size":"auto","background-attachment":"scroll","background-type":"","background-media":"","overlay-type":"","overlay-color":"","overlay-opacity":"","overlay-gradient":""},"tablet":{"background-color":"","background-image":"","background-repeat":"repeat","background-position":"center center","background-size":"auto","background-attachment":"scroll","background-type":"","background-media":"","overlay-type":"","overlay-color":"","overlay-opacity":"","overlay-gradient":""},"mobile":{"background-color":"","background-image":"","background-repeat":"repeat","background-position":"center center","background-size":"auto","background-attachment":"scroll","background-type":"","background-media":"","overlay-type":"","overlay-color":"","overlay-opacity":"","overlay-gradient":""}},"ast-content-background-meta":{"desktop":{"background-color":"var(--ast-global-color-5)","background-image":"","background-repeat":"repeat","background-position":"center center","background-size":"auto","background-attachment":"scroll","background-type":"","background-media":"","overlay-type":"","overlay-color":"","overlay-opacity":"","overlay-gradient":""},"tablet":{"background-color":"var(--ast-global-color-5)","background-image":"","background-repeat":"repeat","background-position":"center center","background-size":"auto","background-attachment":"scroll","background-type":"","background-media":"","overlay-type":"","overlay-color":"","overlay-opacity":"","overlay-gradient":""},"mobile":{"background-color":"var(--ast-global-color-5)","background-image":"","background-repeat":"repeat","background-position":"center center","background-size":"auto","background-attachment":"scroll","background-type":"","background-media":"","overlay-type":"","overlay-color":"","overlay-opacity":"","overlay-gradient":""}},"footnotes":""},"class_list":["post-19","page","type-page","status-publish","hentry"],"post_mailing_queue_ids":[],"_links":{"self":[{"href":"https:\/\/agora.xtec.cat\/emusvilatorrada\/wp-json\/wp\/v2\/pages\/19","targetHints":{"allow":["GET"]}}],"collection":[{"href":"https:\/\/agora.xtec.cat\/emusvilatorrada\/wp-json\/wp\/v2\/pages"}],"about":[{"href":"https:\/\/agora.xtec.cat\/emusvilatorrada\/wp-json\/wp\/v2\/types\/page"}],"author":[{"embeddable":true,"href":"https:\/\/agora.xtec.cat\/emusvilatorrada\/wp-json\/wp\/v2\/users\/1"}],"replies":[{"embeddable":true,"href":"https:\/\/agora.xtec.cat\/emusvilatorrada\/wp-json\/wp\/v2\/comments?post=19"}],"version-history":[{"count":6,"href":"https:\/\/agora.xtec.cat\/emusvilatorrada\/wp-json\/wp\/v2\/pages\/19\/revisions"}],"predecessor-version":[{"id":3380,"href":"https:\/\/agora.xtec.cat\/emusvilatorrada\/wp-json\/wp\/v2\/pages\/19\/revisions\/3380"}],"wp:attachment":[{"href":"https:\/\/agora.xtec.cat\/emusvilatorrada\/wp-json\/wp\/v2\/media?parent=19"}],"curies":[{"name":"wp","href":"https:\/\/api.w.org\/{rel}","templated":true}]}}