{"id":711,"date":"2021-10-21T09:43:06","date_gmt":"2021-10-21T07:43:06","guid":{"rendered":"https:\/\/agora.xtec.cat\/ehtg\/?page_id=711"},"modified":"2024-09-18T09:33:42","modified_gmt":"2024-09-18T07:33:42","slug":"borsa-de-treball","status":"publish","type":"page","link":"https:\/\/agora.xtec.cat\/ehtg\/borsa-de-treball\/","title":{"rendered":"Borsa de treball"},"content":{"rendered":"<h3 style=\"text-align: center;\"><a href=\"https:\/\/forms.gle\/9SEnHdMsUjo2E2WT7\" target=\"_blank\" rel=\"noopener\">Afegir nova oferta<\/a><\/h3>\n<h3 style=\"text-align: center;\"><a href=\"https:\/\/docs.google.com\/spreadsheets\/d\/1zeS-jsi3wC98C7WtgpCIkp6Iuo4uP1szNiLXAcsrzL8\/edit?usp=drive_link\" target=\"_blank\" rel=\"noopener\">Ofertes de treball<\/a><\/h3>\n<h5 style=\"text-align: center;\"><strong>L&#8217;alumnat i ex-alumnat del centre poden accedir a les ofertes, sempre logant-se amb el correu @ehtg.<\/strong><\/h5>\n<p>&nbsp;<\/p>\n<p>La borsa de treball \u00e9s un espai que pret\u00e9n posar en contacte les empreses del sector i el nostre alumnat i exalumnat. No \u00e9s un servei d&#8217;ocupaci\u00f3. El que fem \u00e9s posar a disposici\u00f3 del nostre alumnat ofertes i oportunitats de feina i publicar durant 20 dies ofertes fetes per empreses del sector.<\/p>\n<p>Darrere aquesta conflu\u00e8ncia de les ofertes i demandes de treball, la missi\u00f3 \u00e9s facilitar un treball al nostre alumnat i ajudar les empreses del sector a trobar personal format i competent. Perseguim una millora del sector.<\/p>\n<p>El centre tamb\u00e9 t\u00e9 servei d\u2019orientaci\u00f3. Actualment, les crisis, la desocupaci\u00f3 i els problemes d\u2019adaptaci\u00f3, produ\u00efts per l\u2019evoluci\u00f3 constant de les t\u00e8cniques i del ram, fan que el sector demani perfils com el del nostre alumnat.<\/p>\n","protected":false},"excerpt":{"rendered":"<p><a href=\"https:\/\/forms.gle\/9SEnHdMsUjo2E2WT7\" target=\"_blank\" rel=\"noopener\">Afegir nova oferta<\/a><br \/>\n<a href=\"https:\/\/docs.google.com\/spreadsheets\/d\/1zeS-jsi3wC98C7WtgpCIkp6Iuo4uP1szNiLXAcsrzL8\/edit?usp=drive_link\" target=\"_blank\" rel=\"noopener\">Ofertes de treball<\/a><br \/>\nL&#8217;alumnat i ex-alumnat del centre poden accedir a les ofertes, sempre logant-se amb el correu @ehtg.<br \/>\n&nbsp;<br \/>\nLa borsa de treball \u00e9s un espai que pret\u00e9n posar en contacte les empreses del sector i el nostre alumnat&hellip;  <a href=\"https:\/\/agora.xtec.cat\/ehtg\/borsa-de-treball\/\" title=\"Read Borsa de treball\">Llegeix m\u00e9s\u00bb<\/a><\/p>\n","protected":false},"author":1,"featured_media":0,"parent":0,"menu_order":0,"comment_status":"closed","ping_status":"closed","template":"","meta":{"_bbp_topic_count":0,"_bbp_reply_count":0,"_bbp_total_topic_count":0,"_bbp_total_reply_count":0,"_bbp_voice_count":0,"_bbp_anonymous_reply_count":0,"_bbp_topic_count_hidden":0,"_bbp_reply_count_hidden":0,"_bbp_forum_subforum_count":0,"footnotes":""},"class_list":["post-711","page","type-page","status-publish","hentry"],"post_mailing_queue_ids":[],"_links":{"self":[{"href":"https:\/\/agora.xtec.cat\/ehtg\/wp-json\/wp\/v2\/pages\/711","targetHints":{"allow":["GET"]}}],"collection":[{"href":"https:\/\/agora.xtec.cat\/ehtg\/wp-json\/wp\/v2\/pages"}],"about":[{"href":"https:\/\/agora.xtec.cat\/ehtg\/wp-json\/wp\/v2\/types\/page"}],"author":[{"embeddable":true,"href":"https:\/\/agora.xtec.cat\/ehtg\/wp-json\/wp\/v2\/users\/1"}],"replies":[{"embeddable":true,"href":"https:\/\/agora.xtec.cat\/ehtg\/wp-json\/wp\/v2\/comments?post=711"}],"version-history":[{"count":6,"href":"https:\/\/agora.xtec.cat\/ehtg\/wp-json\/wp\/v2\/pages\/711\/revisions"}],"predecessor-version":[{"id":13021,"href":"https:\/\/agora.xtec.cat\/ehtg\/wp-json\/wp\/v2\/pages\/711\/revisions\/13021"}],"wp:attachment":[{"href":"https:\/\/agora.xtec.cat\/ehtg\/wp-json\/wp\/v2\/media?parent=711"}],"curies":[{"name":"wp","href":"https:\/\/api.w.org\/{rel}","templated":true}]}}