{"id":609,"date":"2021-09-28T17:09:30","date_gmt":"2021-09-28T15:09:30","guid":{"rendered":"https:\/\/agora.xtec.cat\/ehtg\/?page_id=609"},"modified":"2025-12-17T15:44:51","modified_gmt":"2025-12-17T14:44:51","slug":"servei-dassessorament-i-reconeixement","status":"publish","type":"page","link":"https:\/\/agora.xtec.cat\/ehtg\/servei-dassessorament-i-reconeixement\/","title":{"rendered":"Servei d&#8217;assessorament i reconeixement"},"content":{"rendered":"<p style=\"text-align: center;\"><em><strong>Servei d&#8217;Acreditaci\u00f3 de Compet\u00e8ncies Professionals<\/strong><\/em><\/p>\n<p style=\"text-align: center;\">\u00c9s una oportunitat perqu\u00e8 les persones amb experi\u00e8ncia laboral o formaci\u00f3 no reconeguda oficialment puguin obtenir una certificaci\u00f3 oficial.<\/p>\n<p style=\"text-align: center;\">L&#8217;acreditaci\u00f3 facilita la millora del curr\u00edculum i amplia les oportunitats d&#8217;inserci\u00f3 i promoci\u00f3 laboral. A m\u00e9s, un cop finalitzat el procediment, oferim orientaci\u00f3 per continuar l&#8217;itinerari formatiu m\u00e9s adequat a cada persona.<\/p>\n<p style=\"text-align: center;\"><strong><a href=\"https:\/\/fp.gencat.cat\/ca\/acreditacio\/em-vull-acreditar\/\">Em vull acreditar<\/a> <\/strong><\/p>\n<p style=\"text-align: center;\"><strong>(<\/strong>Informaci\u00f3 espec\u00edfica i\/o actualitzada sobre el servei d&#8217;Acreditaci\u00f3 de compet\u00e8ncies professionals)<\/p>\n<p style=\"text-align: center;\"><strong><a href=\"https:\/\/fp.gencat.cat\/ca\/acreditacio\/\">Informaci\u00f3 sobre Acreditaci\u00f3<\/a><\/strong><\/p>\n<p style=\"text-align: center;\"><strong><a href=\"https:\/\/fp.gencat.cat\/ca\/acreditacio\/em-vull-acreditar\/cercador-dels-punts-dinformacio-i-orientacio\">Cercador punts d\u2019informaci\u00f3 i orientaci\u00f3<\/a><\/strong><\/p>\n<p style=\"text-align: center;\"><strong><a href=\"https:\/\/fp.gencat.cat\/web\/.content\/06_Acreditacio\/guies-i-manuals-PDF\/FAQS-servei-dAcreditacio-competencies-professionals.pdf\">FAQs<\/a> <\/strong><\/p>\n<p style=\"text-align: center;\"><strong>(<\/strong>Servei d&#8217;acreditaci\u00f3 de compet\u00e8ncies professionals)<\/p>\n<p>&nbsp;<\/p>\n<p style=\"text-align: center;\"><strong><em>Servei d&#8217;assessorament en la formaci\u00f3 professional<\/em><\/strong><\/p>\n<p style=\"text-align: center;\">Aquest servei t\u00e9 per objectiu definir i orientar un itinerari formatiu i professional de la persona interessada per aconseguir-ne millorar la qualificaci\u00f3. Compta amb l&#8217;atenci\u00f3 personalitzada d&#8217;experts de la fam\u00edlia professional escollida.\u200b<\/p>\n<p style=\"text-align: center;\">Durant el proc\u00e9s d&#8217;assessorament, que es desenvolupa al llarg de 2 o 3 sessions presencials al centre, l&#8217;usuari aporta tota la documentaci\u00f3 de qu\u00e8 disposa perqu\u00e8 li sigui valorat l&#8217;expedient formatiu i laboral.\u200b<\/p>\n<p style=\"text-align: center;\">Com a resultat del proc\u00e9s l&#8217;usuari obt\u00e9 un informe d&#8217;assessorament que cont\u00e9 el seu itinerari amb les recomanacions per dur-lo a terme.\u200b<\/p>\n<p style=\"text-align: center;\">Aquest informe \u00e9s un requisit previ per sol\u00b7licitar el servei de reconeixement acad\u00e8mic dels aprenentatges que s&#8217;hagin assolit mitjan\u00e7ant l&#8217;experi\u00e8ncia laboral o en activitats socials.\u200b<\/p>\n<p style=\"text-align: center;\"><strong>Destinataris<\/strong><\/p>\n<p style=\"text-align: center;\">Persones amb experi\u00e8ncia laboral i formaci\u00f3 pr\u00e8via que estiguin interessades a millorar la seva qualificaci\u00f3 i que vulguin rebre assessorament personalitzat per aconseguir-ho.\u200b<\/p>\n<p style=\"text-align: center;\"><a href=\"http:\/\/https\/triaeducativa.gencat.cat\/ca\/fp\/cataleg-serveis\/assessorament\/index.html\">Servei d\u2019assessorament<\/a><\/p>\n<p>&nbsp;<\/p>\n<p style=\"text-align: center;\"><strong><em>Servei de reconeixement acad\u00e8mic dels aprenentatges assolits mitjan\u00e7ant l&#8217;experi\u00e8ncia laboral o en activitats socials\u200b<\/em><\/strong><\/p>\n<p style=\"text-align: center;\">S&#8217;adre\u00e7a a les persones que vulguin tenir un reconeixement acad\u00e8mic dels aprenentatges adquirits amb l&#8217;experi\u00e8ncia laboral o en activitats socials relacionats amb un determinat cicle formatiu.\u200b<\/p>\n<p style=\"text-align: center;\">Una junta de reconeixement avalua l&#8217;usuari. Aquesta est\u00e0 integrada per dos professors del cicle formatiu i es constitueix en el centre educatiu.\u200b<\/p>\n<p style=\"text-align: center;\">La junta analitza l&#8217;informe d&#8217;assessorament, obtingut en el servei d&#8217;assessorament, i els altres documents que aporta la persona de les unitats formatives o cr\u00e8dits que vol que li siguin reconeguts. Tamb\u00e9 convoca la persona per fer-li una entrevista personal de contrastaci\u00f3 i valorar, de forma col\u00b7legiada, els aprenentatges assolits mitjan\u00e7ant l&#8217;experi\u00e8ncia laboral o en activitats socials.\u200b<\/p>\n<p style=\"text-align: center;\">Si la junta reconeix acad\u00e8micament determinades unitats formatives o cr\u00e8dits, el centre emet un certificat parcial amb valor acad\u00e8mic.\u200b<\/p>\n<p style=\"text-align: center;\">Posteriorment, si es vol obtenir el t\u00edtol del cicle corresponent i convalidar les unitats formatives o cr\u00e8dits (reconeguts) cal matricular-se, totalment o parcial, en el cicle formatiu corresponent, acreditant els requisits acad\u00e8mics d&#8217;acc\u00e9s que s&#8217;estableixen per als cicles formatius de grau mitj\u00e0 o superior, segons correspongui.\u200b<\/p>\n<p style=\"text-align: center;\">La convalidaci\u00f3 de les unitats formatives o cr\u00e8dits certificats en els centres del Departament d&#8217;Ensenyament \u00e9s gratu\u00efta.\u200b<\/p>\n<p style=\"text-align: center;\">Si es completa un cr\u00e8dit, una unitat formativa o un m\u00f2dul d&#8217;un cicle formatiu trav\u00e9s del reconeixement acad\u00e8mic, es far\u00e0 constar com a nota de &#8220;5&#8221;en l&#8217;expedient acad\u00e8mic.<\/p>\n<p style=\"text-align: center;\"><strong>Destinataris<\/strong><\/p>\n<p style=\"text-align: center;\">S&#8217;adre\u00e7a a persones que vulguin tenir un reconeixement acad\u00e8mic dels aprenentatges adquirits amb l&#8217;experi\u00e8ncia laboral o en activitats socials en relaci\u00f3 amb els t\u00edtols oficials de formaci\u00f3 professional.<\/p>\n<p style=\"text-align: center;\"><strong>Per sol\u00b7licitar el servei cal complir els requisits seg\u00fcents:\u200b<\/strong><\/p>\n<p style=\"text-align: center;\">Haver complert 18 anys\u200b<\/p>\n<p style=\"text-align: center;\">Acreditar experi\u00e8ncia laboral o en activitats socials d&#8217;almenys 2 anys en el sector<\/p>\n<p style=\"text-align: center;\">Disposar de l&#8217;informe d&#8217;assessorament obtingut en el servei d&#8217;assessorament, o document equivalent de convocat\u00f2ries d&#8217;acreditaci\u00f3 o validaci\u00f3 amb l&#8217;orientaci\u00f3 i\/o assessorament del mateix t\u00edtol o d&#8217;un t\u00edtol af\u00ed.\u200b<\/p>\n<p>&nbsp;<\/p>\n<p style=\"text-align: center;\">El fet de participar en el servei d&#8217;assessorament no comporta reserva de places pel servei de reconeixement.\u200b<\/p>\n<p style=\"text-align: center;\"><a href=\"https:\/\/triaeducativa.gencat.cat\/ca\/fp\/cataleg-serveis\/reconeixement-academic\/\">Servei de reconeixement<\/a><\/p>\n<p style=\"text-align: right;\"><strong>Actialitzat: 17\/12\/2025<\/strong><\/p>\n","protected":false},"excerpt":{"rendered":"<p>Servei d&#8217;Acreditaci\u00f3 de Compet\u00e8ncies Professionals<br \/>\n\u00c9s una oportunitat perqu\u00e8 les persones amb experi\u00e8ncia laboral o formaci\u00f3 no reconeguda oficialment puguin obtenir una certificaci\u00f3 oficial.<br \/>\nL&#8217;acreditaci\u00f3 facilita la millora del curr\u00edculum i amplia les oportunitats d&#8217;inserci\u00f3 i promoci\u00f3 laboral. A m\u00e9s, un cop finalitzat el procediment, oferim orientaci\u00f3&hellip;  <a href=\"https:\/\/agora.xtec.cat\/ehtg\/servei-dassessorament-i-reconeixement\/\" title=\"Read Servei d&#8217;assessorament i reconeixement\">Llegeix m\u00e9s\u00bb<\/a><\/p>\n","protected":false},"author":1,"featured_media":0,"parent":0,"menu_order":0,"comment_status":"closed","ping_status":"closed","template":"","meta":{"_bbp_topic_count":0,"_bbp_reply_count":0,"_bbp_total_topic_count":0,"_bbp_total_reply_count":0,"_bbp_voice_count":0,"_bbp_anonymous_reply_count":0,"_bbp_topic_count_hidden":0,"_bbp_reply_count_hidden":0,"_bbp_forum_subforum_count":0,"footnotes":""},"class_list":["post-609","page","type-page","status-publish","hentry"],"post_mailing_queue_ids":[],"_links":{"self":[{"href":"https:\/\/agora.xtec.cat\/ehtg\/wp-json\/wp\/v2\/pages\/609","targetHints":{"allow":["GET"]}}],"collection":[{"href":"https:\/\/agora.xtec.cat\/ehtg\/wp-json\/wp\/v2\/pages"}],"about":[{"href":"https:\/\/agora.xtec.cat\/ehtg\/wp-json\/wp\/v2\/types\/page"}],"author":[{"embeddable":true,"href":"https:\/\/agora.xtec.cat\/ehtg\/wp-json\/wp\/v2\/users\/1"}],"replies":[{"embeddable":true,"href":"https:\/\/agora.xtec.cat\/ehtg\/wp-json\/wp\/v2\/comments?post=609"}],"version-history":[{"count":5,"href":"https:\/\/agora.xtec.cat\/ehtg\/wp-json\/wp\/v2\/pages\/609\/revisions"}],"predecessor-version":[{"id":13534,"href":"https:\/\/agora.xtec.cat\/ehtg\/wp-json\/wp\/v2\/pages\/609\/revisions\/13534"}],"wp:attachment":[{"href":"https:\/\/agora.xtec.cat\/ehtg\/wp-json\/wp\/v2\/media?parent=609"}],"curies":[{"name":"wp","href":"https:\/\/api.w.org\/{rel}","templated":true}]}}