{"id":608,"date":"2021-09-28T17:09:30","date_gmt":"2021-09-28T15:09:30","guid":{"rendered":"https:\/\/agora.xtec.cat\/ehtg\/?page_id=608"},"modified":"2024-04-28T15:47:32","modified_gmt":"2024-04-28T13:47:32","slug":"matricula-semipresencial","status":"publish","type":"page","link":"https:\/\/agora.xtec.cat\/ehtg\/matricula-semipresencial\/","title":{"rendered":"Matr\u00edcula semipresencial"},"content":{"rendered":"<p>La modalitat semipresencial s\u2019adre\u00e7a a persones que no poden seguir l\u2019horari lectiu per raons laborals, perqu\u00e8 han de tenir cura d\u2019alguna persona o per qualsevol altra circumst\u00e0ncia excepcional que les impedeixi o dificulti l\u2019assist\u00e8ncia a la totalitat de les hores lectives.<\/p>\n<p>Els alumnes que optin per aquesta modalitat hauran d\u2019assistir presencialment almenys a la meitat de les hores previstes del m\u00f2dul\/cr\u00e8dit i hauran de fer totes les activitats programades per al m\u00f2dul\/cr\u00e8dit.<\/p>\n<p>Pel que fa a la metodologia, els centres hauran de tenir una pauta metodol\u00f2gica que comprengui el professorat que hi interv\u00e9, la proposta de r\u00e8gim d\u2019atenci\u00f3 personal a l\u2019alumnat, la relaci\u00f3 de materials o recursos curriculars que es posen a disposici\u00f3 de l\u2019alumnat pel seguiment de les activitats semipresencials i la distribuci\u00f3 prevista de l\u2019horari presencial.<\/p>\n<p>El professorat dels m\u00f2duls\/cr\u00e8dits de l\u2019alumnat en r\u00e8gim semipresencial tutoritzar\u00e0 les activitats del seu alumnat de forma telem\u00e0tica o per altres vies que es convinguin. L\u2019avaluaci\u00f3 dels continguts cursats de forma semipresencial es far\u00e0 de forma presencial.<\/p>\n<p><a href=\"http:\/\/xtec.gencat.cat\/web\/.content\/alfresco\/d\/a\/workspace\/SpacesStore\/11209\/38ff2d93-e9f2-43a7-8f1a-cadf426d8e09\/Resolucio_2520semipresencial.pdf\" target=\"_blank\" rel=\"noopener\">Resoluci\u00f3 matr\u00edcula semipresencial<\/a><\/p>\n<p>&nbsp;<\/p>\n","protected":false},"excerpt":{"rendered":"<p>La modalitat semipresencial s\u2019adre\u00e7a a persones que no poden seguir l\u2019horari lectiu per raons laborals, perqu\u00e8 han de tenir cura d\u2019alguna persona o per qualsevol altra circumst\u00e0ncia excepcional que les impedeixi o dificulti l\u2019assist\u00e8ncia a la totalitat de les hores lectives.<br \/>\nEls alumnes que optin per&hellip;  <a href=\"https:\/\/agora.xtec.cat\/ehtg\/matricula-semipresencial\/\" title=\"Read Matr\u00edcula semipresencial\">Llegeix m\u00e9s\u00bb<\/a><\/p>\n","protected":false},"author":1,"featured_media":0,"parent":0,"menu_order":0,"comment_status":"closed","ping_status":"closed","template":"","meta":{"_bbp_topic_count":0,"_bbp_reply_count":0,"_bbp_total_topic_count":0,"_bbp_total_reply_count":0,"_bbp_voice_count":0,"_bbp_anonymous_reply_count":0,"_bbp_topic_count_hidden":0,"_bbp_reply_count_hidden":0,"_bbp_forum_subforum_count":0,"footnotes":""},"class_list":["post-608","page","type-page","status-publish","hentry"],"post_mailing_queue_ids":[],"_links":{"self":[{"href":"https:\/\/agora.xtec.cat\/ehtg\/wp-json\/wp\/v2\/pages\/608","targetHints":{"allow":["GET"]}}],"collection":[{"href":"https:\/\/agora.xtec.cat\/ehtg\/wp-json\/wp\/v2\/pages"}],"about":[{"href":"https:\/\/agora.xtec.cat\/ehtg\/wp-json\/wp\/v2\/types\/page"}],"author":[{"embeddable":true,"href":"https:\/\/agora.xtec.cat\/ehtg\/wp-json\/wp\/v2\/users\/1"}],"replies":[{"embeddable":true,"href":"https:\/\/agora.xtec.cat\/ehtg\/wp-json\/wp\/v2\/comments?post=608"}],"version-history":[{"count":3,"href":"https:\/\/agora.xtec.cat\/ehtg\/wp-json\/wp\/v2\/pages\/608\/revisions"}],"predecessor-version":[{"id":1645,"href":"https:\/\/agora.xtec.cat\/ehtg\/wp-json\/wp\/v2\/pages\/608\/revisions\/1645"}],"wp:attachment":[{"href":"https:\/\/agora.xtec.cat\/ehtg\/wp-json\/wp\/v2\/media?parent=608"}],"curies":[{"name":"wp","href":"https:\/\/api.w.org\/{rel}","templated":true}]}}