{"id":598,"date":"2021-09-28T17:09:29","date_gmt":"2021-09-28T15:09:29","guid":{"rendered":"https:\/\/agora.xtec.cat\/ehtg\/?page_id=598"},"modified":"2025-03-24T15:45:44","modified_gmt":"2025-03-24T14:45:44","slug":"cfgm-cuina-i-gastronomia","status":"publish","type":"page","link":"https:\/\/agora.xtec.cat\/ehtg\/cfgm-cuina-i-gastronomia\/","title":{"rendered":"Cuina i gastronomia"},"content":{"rendered":"<p>Aqu\u00ed trobareu la fitxa de descripci\u00f3 i informaci\u00f3 del <a href=\"https:\/\/docs.google.com\/document\/d\/1sxH6d_Wcxu42XMDw5PN7ZnoT_mkPH6IP\/edit?usp=sharing&amp;ouid=102292695986353364982&amp;rtpof=true&amp;sd=true\" target=\"_blank\" rel=\"noopener\">cicle de cuina i gastronomia (CFPM_HT10)<\/a><\/p>\n<p>I m\u00e9s informaci\u00f3 en aquest <a href=\"https:\/\/triaeducativa.gencat.cat\/ca\/estudis\/?cuina-gastronomia&amp;p_id=80\" target=\"_blank\" rel=\"noopener\">enlla\u00e7 d&#8217;Educaci\u00f3 Gencat<\/a><\/p>\n<p><iframe loading=\"lazy\" src=\"\/\/www.youtube.com\/embed\/CUSxTakr5YI\" width=\"560\" height=\"314\" allowfullscreen=\"allowfullscreen\"><\/iframe><\/p>\n<p>&nbsp;<\/p>\n<p style=\"text-align: right;\"><strong>Actualitzat: 21\/03\/2025<\/strong><\/p>\n","protected":false},"excerpt":{"rendered":"<p>Aqu\u00ed trobareu la fitxa de descripci\u00f3 i informaci\u00f3 del <a href=\"https:\/\/docs.google.com\/document\/d\/1sxH6d_Wcxu42XMDw5PN7ZnoT_mkPH6IP\/edit?usp=sharing&amp;ouid=102292695986353364982&amp;rtpof=true&amp;sd=true\" target=\"_blank\" rel=\"noopener\">cicle de cuina i gastronomia (CFPM_HT10)<\/a><br \/>\nI m\u00e9s informaci\u00f3 en aquest <a href=\"https:\/\/triaeducativa.gencat.cat\/ca\/estudis\/?cuina-gastronomia&amp;p_id=80\" target=\"_blank\" rel=\"noopener\">enlla\u00e7 d&#8217;Educaci\u00f3 Gencat<\/a><\/p>\n<p>&nbsp;<br \/>\nActualitzat: 21\/03\/2025<\/p>\n","protected":false},"author":1,"featured_media":0,"parent":0,"menu_order":0,"comment_status":"closed","ping_status":"closed","template":"","meta":{"_bbp_topic_count":0,"_bbp_reply_count":0,"_bbp_total_topic_count":0,"_bbp_total_reply_count":0,"_bbp_voice_count":0,"_bbp_anonymous_reply_count":0,"_bbp_topic_count_hidden":0,"_bbp_reply_count_hidden":0,"_bbp_forum_subforum_count":0,"footnotes":""},"class_list":["post-598","page","type-page","status-publish","hentry"],"post_mailing_queue_ids":[],"_links":{"self":[{"href":"https:\/\/agora.xtec.cat\/ehtg\/wp-json\/wp\/v2\/pages\/598","targetHints":{"allow":["GET"]}}],"collection":[{"href":"https:\/\/agora.xtec.cat\/ehtg\/wp-json\/wp\/v2\/pages"}],"about":[{"href":"https:\/\/agora.xtec.cat\/ehtg\/wp-json\/wp\/v2\/types\/page"}],"author":[{"embeddable":true,"href":"https:\/\/agora.xtec.cat\/ehtg\/wp-json\/wp\/v2\/users\/1"}],"replies":[{"embeddable":true,"href":"https:\/\/agora.xtec.cat\/ehtg\/wp-json\/wp\/v2\/comments?post=598"}],"version-history":[{"count":7,"href":"https:\/\/agora.xtec.cat\/ehtg\/wp-json\/wp\/v2\/pages\/598\/revisions"}],"predecessor-version":[{"id":13141,"href":"https:\/\/agora.xtec.cat\/ehtg\/wp-json\/wp\/v2\/pages\/598\/revisions\/13141"}],"wp:attachment":[{"href":"https:\/\/agora.xtec.cat\/ehtg\/wp-json\/wp\/v2\/media?parent=598"}],"curies":[{"name":"wp","href":"https:\/\/api.w.org\/{rel}","templated":true}]}}