{"id":564,"date":"2021-09-28T17:02:21","date_gmt":"2021-09-28T15:02:21","guid":{"rendered":"https:\/\/agora.xtec.cat\/ehtg\/?page_id=564"},"modified":"2024-04-28T13:40:50","modified_gmt":"2024-04-28T11:40:50","slug":"projectes-descola","status":"publish","type":"page","link":"https:\/\/agora.xtec.cat\/ehtg\/projectes-descola\/","title":{"rendered":"Projectes d&#8217;escola"},"content":{"rendered":"<p style=\"text-align: justify;\">L&#8217;EHTG entenen l&#8217;ensenyament com una tasca que demana renovar-se, actualitzar-se i innovar constantment per aconseguir els millors resultats. Les necessitats de l&#8217;entorn, de les fam\u00edlies, de l&#8217;alumnat, de cada persona que participa del proc\u00e9s d&#8217;ensenyament-aprenentatge s\u00f3n canviants, i un bon centre educatiu no nom\u00e9s ha de ser capa\u00e7 d&#8217;adaptar-s&#8217;hi, sin\u00f3 que ha de fer-ho amb il\u00b7lusi\u00f3 i amb imaginaci\u00f3. I aix\u00ed \u00e9s com entenem que hem de treballar. Per aix\u00f2 tenim sempre en marxa projectes d&#8217;innovaci\u00f3 i\/o de millora educativa.<\/p>\n","protected":false},"excerpt":{"rendered":"<p>L&#8217;EHTG entenen l&#8217;ensenyament com una tasca que demana renovar-se, actualitzar-se i innovar constantment per aconseguir els millors resultats. Les necessitats de l&#8217;entorn, de les fam\u00edlies, de l&#8217;alumnat, de cada persona que participa del proc\u00e9s d&#8217;ensenyament-aprenentatge s\u00f3n canviants, i un bon centre educatiu no nom\u00e9s ha&hellip;  <a href=\"https:\/\/agora.xtec.cat\/ehtg\/projectes-descola\/\" title=\"Read Projectes d&#8217;escola\">Llegeix m\u00e9s\u00bb<\/a><\/p>\n","protected":false},"author":1,"featured_media":0,"parent":0,"menu_order":0,"comment_status":"closed","ping_status":"closed","template":"","meta":{"_bbp_topic_count":0,"_bbp_reply_count":0,"_bbp_total_topic_count":0,"_bbp_total_reply_count":0,"_bbp_voice_count":0,"_bbp_anonymous_reply_count":0,"_bbp_topic_count_hidden":0,"_bbp_reply_count_hidden":0,"_bbp_forum_subforum_count":0,"footnotes":""},"class_list":["post-564","page","type-page","status-publish","hentry"],"post_mailing_queue_ids":[],"_links":{"self":[{"href":"https:\/\/agora.xtec.cat\/ehtg\/wp-json\/wp\/v2\/pages\/564","targetHints":{"allow":["GET"]}}],"collection":[{"href":"https:\/\/agora.xtec.cat\/ehtg\/wp-json\/wp\/v2\/pages"}],"about":[{"href":"https:\/\/agora.xtec.cat\/ehtg\/wp-json\/wp\/v2\/types\/page"}],"author":[{"embeddable":true,"href":"https:\/\/agora.xtec.cat\/ehtg\/wp-json\/wp\/v2\/users\/1"}],"replies":[{"embeddable":true,"href":"https:\/\/agora.xtec.cat\/ehtg\/wp-json\/wp\/v2\/comments?post=564"}],"version-history":[{"count":3,"href":"https:\/\/agora.xtec.cat\/ehtg\/wp-json\/wp\/v2\/pages\/564\/revisions"}],"predecessor-version":[{"id":12692,"href":"https:\/\/agora.xtec.cat\/ehtg\/wp-json\/wp\/v2\/pages\/564\/revisions\/12692"}],"wp:attachment":[{"href":"https:\/\/agora.xtec.cat\/ehtg\/wp-json\/wp\/v2\/media?parent=564"}],"curies":[{"name":"wp","href":"https:\/\/api.w.org\/{rel}","templated":true}]}}