{"id":563,"date":"2021-09-28T17:02:21","date_gmt":"2021-09-28T15:02:21","guid":{"rendered":"https:\/\/agora.xtec.cat\/ehtg\/?page_id=563"},"modified":"2025-07-18T20:02:54","modified_gmt":"2025-07-18T18:02:54","slug":"preinscripcio-i-matricula","status":"publish","type":"page","link":"https:\/\/agora.xtec.cat\/ehtg\/preinscripcio-i-matricula\/","title":{"rendered":"Matr\u00edcula GM"},"content":{"rendered":"<h1 style=\"text-align: center;\">Matr\u00edcula Grau Mitj\u00e0 25\/26<\/h1>\n<h4 style=\"text-align: center;\">Calendari:<\/h4>\n<h4 style=\"text-align: center;\"><a href=\"https:\/\/preinscripcio.gencat.cat\/ca\/estudis\/fp-grau-mitja\/matriculat\/formalitzacio\/\" target=\"_blank\" rel=\"noopener\">Alumnat nou al centre<\/a><\/h4>\n<h4 style=\"text-align: center;\"><a href=\"https:\/\/docs.google.com\/spreadsheets\/d\/1yFneQP41T4efEezPnz5hDuCWMoKzzykVAFl4IiHxdmU\/edit?usp=sharing\" target=\"_blank\" rel=\"noopener\">Alumnat del centre<\/a><\/h4>\n<p>&nbsp;<\/p>\n<p>Cal portar la seg\u00fcent documentaci\u00f3 preparada:<\/p>\n<p><span style=\"color: #ff0000;\"><strong>L&#8217;ALUMNAT QUE ES MATRICULI, CAL QUE PORTI (sigui alumnat nou o del centre), ORIGINAL I FOTOC\u00d2PIA<br \/>\n<\/strong><\/span><\/p>\n<ol>\n<li style=\"font-weight: 400;\" aria-level=\"1\">DNI.<\/li>\n<li style=\"font-weight: 400;\" aria-level=\"1\">Targeta sanit\u00e0ria.<\/li>\n<li style=\"font-weight: 400;\" aria-level=\"1\">Certificat de qualificacions i\/o historial acad\u00e8mic i\/o t\u00edtol (nom\u00e9s alumnat no matriculat al centre el curs 24-25).<\/li>\n<li style=\"font-weight: 400;\" aria-level=\"1\">Per alumnat assignat en segona opci\u00f3, cal que portin el resguard de preinscripci\u00f3.<\/li>\n<\/ol>\n<p><span style=\"font-weight: 400;\">En el cas d&#8217;<\/span><b>alumnat menor<\/b><span style=\"font-weight: 400;\">\u00a0d&#8217;edat tamb\u00e9 cal:<\/span><\/p>\n<ol>\n<li style=\"font-weight: 400;\" aria-level=\"1\">DNI pare\/mare i\/o tutor\/a legal.<\/li>\n<li style=\"font-weight: 400;\" aria-level=\"1\">Llibre de fam\u00edlia o document que justifiqui el parentiu.<\/li>\n<\/ol>\n<p><strong>Altres documents per omplir i portar el dia de matr\u00edcula:<\/strong><\/p>\n<ul>\n<li><a style=\"font-size: 1.125em; font-weight: bold;\" href=\"https:\/\/agora.xtec.cat\/ehtg\/wp-content\/uploads\/usu2642\/2025\/06\/GM-2025-26.pdf\" target=\"_blank\" rel=\"noopener\">Pagament matr\u00edcula\u00a0 2025-26<\/a><\/li>\n<\/ul>\n<ul>\n<li><strong>Resguard del pagament<\/strong><\/li>\n<li><strong>Cal omplir el formulari seg\u00fcent, el qual us generar\u00e0 un .pdf al e-mail informat al mateix formulari. El dia de la matr\u00edcula cal portar-lo signat a la secretaria del centre.<\/strong><\/li>\n<\/ul>\n<p><a href=\"https:\/\/forms.gle\/tbMzazMSY78H7tE7A\" target=\"_blank\" rel=\"noopener\">Enlla\u00e7 al formulari de dades d&#8217;alumnat.<\/a><\/p>\n<p><strong>Informaci\u00f3 d&#8217;uniformes, llibres i eines:<\/strong><\/p>\n<p><a href=\"https:\/\/docs.google.com\/document\/d\/13f_0MRDtsZX--hYIuDfVMy7POJprsWJUKBW_ArfuPfQ\/edit?tab=t.0\">LLIBRES pel Curs 25 &#8211; 26<\/a><\/p>\n<p><a href=\"https:\/\/agora.xtec.cat\/ehtg\/wp-content\/uploads\/usu2642\/2025\/07\/UNIFORMES-de-Grau-Mitja-curs-2025-2026.pdf\" target=\"_blank\" rel=\"noopener\">UNIFORMES de Grau Mitj\u00e0 curs 2025-2026<\/a><\/p>\n<p><a href=\"https:\/\/agora.xtec.cat\/ehtg\/wp-content\/uploads\/usu2642\/2025\/07\/EINES-GM-i-GS-Cuina-i-Serveis-TALL-FI-25-26-1.pdf\" target=\"_blank\" rel=\"noopener\">EINES GM i GS Cuina i Serveis TALL FI 25-26<\/a><\/p>\n<p><a href=\"https:\/\/agora.xtec.cat\/ehtg\/wp-content\/uploads\/usu2642\/2025\/07\/EINES-CICLE-GM-DE-PASTISSERIA-CURS-2025-2026.pdf\" target=\"_blank\" rel=\"noopener\">EINES CICLE GM DE PASTISSERIA CURS 2025-2026<\/a> (Compra en l\u00ednia, cal seguir les instruccions que apareixen al document, qualsevol dubte ens posen contactar al centre).<\/p>\n<p><a href=\"https:\/\/docs.google.com\/document\/d\/1E1rcRBeBR7lodkIU46I0fk_wR6eWwBmE0GTC_GKHT60\/edit?tab=t.0\">IMPORTANT LLEGIR: Informaci\u00f3 general del curs<\/a><\/p>\n<p><a href=\"https:\/\/agora.xtec.cat\/ehtg\/wp-content\/uploads\/usu2642\/2023\/07\/Mapa-esmpreses-material.pdf\" target=\"_blank\" rel=\"noopener\">Mapa empreses material<\/a><\/p>\n<p>&nbsp;<\/p>\n<div class=\"article-content\">\n<div id=\"ctl00_PlaceHolderMain_ctl05__ControlWrapper_RichHtmlField\" class=\"ms-rtestate-field\" aria-labelledby=\"ctl00_PlaceHolderMain_ctl05_label\">\n<p style=\"text-align: right;\"><strong>Actualitzat: 17\/07\/2025<\/strong><\/p>\n<\/div>\n<\/div>\n","protected":false},"excerpt":{"rendered":"<p>Matr\u00edcula Grau Mitj\u00e0 25\/26<br \/>\nCalendari:<br \/>\n<a href=\"https:\/\/preinscripcio.gencat.cat\/ca\/estudis\/fp-grau-mitja\/matriculat\/formalitzacio\/\" target=\"_blank\" rel=\"noopener\">Alumnat nou al centre<\/a><br \/>\n<a href=\"https:\/\/docs.google.com\/spreadsheets\/d\/1yFneQP41T4efEezPnz5hDuCWMoKzzykVAFl4IiHxdmU\/edit?usp=sharing\" target=\"_blank\" rel=\"noopener\">Alumnat del centre<\/a><br \/>\n&nbsp;<br \/>\nCal portar la seg\u00fcent documentaci\u00f3 preparada:<br \/>\nL&#8217;ALUMNAT QUE ES MATRICULI, CAL QUE PORTI (sigui alumnat nou o del centre), ORIGINAL I FOTOC\u00d2PIA<\/p>\n<ol>\n<li style=\"font-weight: 400;\" aria-level=\"1\">DNI.<\/li>\n<li style=\"font-weight: 400;\" aria-level=\"1\">Targeta sanit\u00e0ria.<\/li>\n<li style=\"font-weight: 400;\" aria-level=\"1\">Certificat&hellip;  <a href=\"https:\/\/agora.xtec.cat\/ehtg\/preinscripcio-i-matricula\/\" title=\"Read Matr\u00edcula GM\">Llegeix m\u00e9s\u00bb<\/a><br \/>\n","protected":false},"author":1,"featured_media":0,"parent":0,"menu_order":0,"comment_status":"closed","ping_status":"closed","template":"","meta":{"_bbp_topic_count":0,"_bbp_reply_count":0,"_bbp_total_topic_count":0,"_bbp_total_reply_count":0,"_bbp_voice_count":0,"_bbp_anonymous_reply_count":0,"_bbp_topic_count_hidden":0,"_bbp_reply_count_hidden":0,"_bbp_forum_subforum_count":0,"footnotes":""},"class_list":["post-563","page","type-page","status-publish","hentry"],"post_mailing_queue_ids":[],"_links":{"self":[{"href":"https:\/\/agora.xtec.cat\/ehtg\/wp-json\/wp\/v2\/pages\/563","targetHints":{"allow":["GET"]}}],"collection":[{"href":"https:\/\/agora.xtec.cat\/ehtg\/wp-json\/wp\/v2\/pages"}],"about":[{"href":"https:\/\/agora.xtec.cat\/ehtg\/wp-json\/wp\/v2\/types\/page"}],"author":[{"embeddable":true,"href":"https:\/\/agora.xtec.cat\/ehtg\/wp-json\/wp\/v2\/users\/1"}],"replies":[{"embeddable":true,"href":"https:\/\/agora.xtec.cat\/ehtg\/wp-json\/wp\/v2\/comments?post=563"}],"version-history":[{"count":7,"href":"https:\/\/agora.xtec.cat\/ehtg\/wp-json\/wp\/v2\/pages\/563\/revisions"}],"predecessor-version":[{"id":13368,"href":"https:\/\/agora.xtec.cat\/ehtg\/wp-json\/wp\/v2\/pages\/563\/revisions\/13368"}],"wp:attachment":[{"href":"https:\/\/agora.xtec.cat\/ehtg\/wp-json\/wp\/v2\/media?parent=563"}],"curies":[{"name":"wp","href":"https:\/\/api.w.org\/{rel}","templated":true}]}}