{"id":561,"date":"2021-09-28T17:02:21","date_gmt":"2021-09-28T15:02:21","guid":{"rendered":"https:\/\/agora.xtec.cat\/ehtg\/?page_id=561"},"modified":"2025-10-02T10:21:06","modified_gmt":"2025-10-02T08:21:06","slug":"la-botiga","status":"publish","type":"page","link":"https:\/\/agora.xtec.cat\/ehtg\/la-botiga\/","title":{"rendered":"La botiga"},"content":{"rendered":"<p>L&#8217;EHTG disposa d&#8217;un espai de venda, on l&#8217;alumnat del centre fa pr\u00e0ctiques d&#8217;atenci\u00f3 al p\u00fablic i venda. En aquest espai es posen a disposici\u00f3 les elaboracions de fleca i pastisseria, i racions de menjar elaborat al centre.<\/p>\n<p><strong>L&#8217;horari marc de la botiga \u00e9s dilluns i dimecres de 15:30 a 16:30 h i de 17:00 a 18:00 h\u00a0 i els dmarts i divendres 11:15 a 13:00 h.<\/strong> Tot i aix\u00f2, per necessitats pedag\u00f2giques es pot modificar l&#8217;horari sense previ av\u00eds.<\/p>\n<p><strong>Preguem respecte i paci\u00e8ncia<\/strong>, recordin que som una escola, estem utilitzant l&#8217;espai per fer unes pr\u00e0ctiques pedag\u00f2giques, on l&#8217;alumnat pugui aprendre de forma vivencial.<\/p>\n<p>L&#8217;espai botiga \u00e9s petit, <strong>els demanem que respectin el torn d&#8217;entrada i compra<\/strong>, moltes gr\u00e0cies.<\/p>\n<p style=\"text-align: right;\"><strong>Actualitzat: 2\/10\/2025<\/strong><\/p>\n","protected":false},"excerpt":{"rendered":"<p>L&#8217;EHTG disposa d&#8217;un espai de venda, on l&#8217;alumnat del centre fa pr\u00e0ctiques d&#8217;atenci\u00f3 al p\u00fablic i venda. En aquest espai es posen a disposici\u00f3 les elaboracions de fleca i pastisseria, i racions de menjar elaborat al centre.<br \/>\nL&#8217;horari marc de la botiga \u00e9s dilluns i dimecres&hellip;  <a href=\"https:\/\/agora.xtec.cat\/ehtg\/la-botiga\/\" title=\"Read La botiga\">Llegeix m\u00e9s\u00bb<\/a><\/p>\n","protected":false},"author":1,"featured_media":0,"parent":0,"menu_order":0,"comment_status":"closed","ping_status":"closed","template":"","meta":{"_bbp_topic_count":0,"_bbp_reply_count":0,"_bbp_total_topic_count":0,"_bbp_total_reply_count":0,"_bbp_voice_count":0,"_bbp_anonymous_reply_count":0,"_bbp_topic_count_hidden":0,"_bbp_reply_count_hidden":0,"_bbp_forum_subforum_count":0,"footnotes":""},"class_list":["post-561","page","type-page","status-publish","hentry"],"post_mailing_queue_ids":[],"_links":{"self":[{"href":"https:\/\/agora.xtec.cat\/ehtg\/wp-json\/wp\/v2\/pages\/561","targetHints":{"allow":["GET"]}}],"collection":[{"href":"https:\/\/agora.xtec.cat\/ehtg\/wp-json\/wp\/v2\/pages"}],"about":[{"href":"https:\/\/agora.xtec.cat\/ehtg\/wp-json\/wp\/v2\/types\/page"}],"author":[{"embeddable":true,"href":"https:\/\/agora.xtec.cat\/ehtg\/wp-json\/wp\/v2\/users\/1"}],"replies":[{"embeddable":true,"href":"https:\/\/agora.xtec.cat\/ehtg\/wp-json\/wp\/v2\/comments?post=561"}],"version-history":[{"count":6,"href":"https:\/\/agora.xtec.cat\/ehtg\/wp-json\/wp\/v2\/pages\/561\/revisions"}],"predecessor-version":[{"id":13469,"href":"https:\/\/agora.xtec.cat\/ehtg\/wp-json\/wp\/v2\/pages\/561\/revisions\/13469"}],"wp:attachment":[{"href":"https:\/\/agora.xtec.cat\/ehtg\/wp-json\/wp\/v2\/media?parent=561"}],"curies":[{"name":"wp","href":"https:\/\/api.w.org\/{rel}","templated":true}]}}