{"id":560,"date":"2021-09-28T17:02:21","date_gmt":"2021-09-28T15:02:21","guid":{"rendered":"https:\/\/agora.xtec.cat\/ehtg\/?page_id=560"},"modified":"2025-10-06T19:23:04","modified_gmt":"2025-10-06T17:23:04","slug":"restaurant-de-degustacio","status":"publish","type":"page","link":"https:\/\/agora.xtec.cat\/ehtg\/restaurant-de-degustacio\/","title":{"rendered":"Restaurant de degustaci\u00f3"},"content":{"rendered":"<h1>Qu\u00e8 oferim<\/h1>\n<div class=\"text mb15\">\n<p>Un men\u00fa degustaci\u00f3 integrat per plats d&#8217;un seguit de cartes tem\u00e0tiques que es canvien al llarg del curs.<\/p>\n<p>Aquest men\u00fa confeccionat per l&#8217;alumnat i professorat de l&#8217;EHTG est\u00e0 format per: aperitiu, entrant fred, entrant calent, peix, carn, prepostres, postres, caf\u00e8 o infusi\u00f3 i <em>petits fours<\/em>.<\/p>\n<p>Preu: <strong>40\u00a0\u20ac<\/strong> amb el maridatge de vins. IVA incl\u00f2s.<\/p>\n<p><strong>\u00a0 \u00a0 \u00a0 \u00a0 \u00a0 35 \u20ac<\/strong> sense vins. IVA incl\u00f2s.<\/p>\n<h1>Horari<\/h1>\n<p>Horari d\u2019entrada: de 13:00 h a 14:00 h. <strong>Nom\u00e9s migdies.<\/strong><\/p>\n<p>De dilluns a divendres, els dies lectius. Tancat en per\u00edode de vacances escolars o dies festius.<\/p>\n<p><strong>Es prega puntualitat. Per a un correcte acabament de la classe, els clients han de finalitzar la seva estada al menjador no m\u00e9s tard de les 16:00 h.<\/strong><\/p>\n<p>Gr\u00e0cies per la seva comprensi\u00f3.<\/p>\n<p><strong>Per a reserves truqueu al 972 22 01 22.<\/strong><\/p>\n<\/div>\n<p><strong>Actualitzat: 06\/10\/25<\/strong><\/p>\n","protected":false},"excerpt":{"rendered":"<p>Qu\u00e8 oferim<\/p>\n<p>Un men\u00fa degustaci\u00f3 integrat per plats d&#8217;un seguit de cartes tem\u00e0tiques que es canvien al llarg del curs.<br \/>\nAquest men\u00fa confeccionat per l&#8217;alumnat i professorat de l&#8217;EHTG est\u00e0 format per: aperitiu, entrant fred, entrant calent, peix, carn, prepostres, postres, caf\u00e8 o infusi\u00f3 i petits fours.<br \/>\nPreu:&hellip;  <a href=\"https:\/\/agora.xtec.cat\/ehtg\/restaurant-de-degustacio\/\" title=\"Read Restaurant de degustaci\u00f3\">Llegeix m\u00e9s\u00bb<\/a><\/p>\n","protected":false},"author":1,"featured_media":0,"parent":0,"menu_order":0,"comment_status":"closed","ping_status":"closed","template":"","meta":{"_bbp_topic_count":0,"_bbp_reply_count":0,"_bbp_total_topic_count":0,"_bbp_total_reply_count":0,"_bbp_voice_count":0,"_bbp_anonymous_reply_count":0,"_bbp_topic_count_hidden":0,"_bbp_reply_count_hidden":0,"_bbp_forum_subforum_count":0,"footnotes":""},"class_list":["post-560","page","type-page","status-publish","hentry"],"post_mailing_queue_ids":[],"_links":{"self":[{"href":"https:\/\/agora.xtec.cat\/ehtg\/wp-json\/wp\/v2\/pages\/560","targetHints":{"allow":["GET"]}}],"collection":[{"href":"https:\/\/agora.xtec.cat\/ehtg\/wp-json\/wp\/v2\/pages"}],"about":[{"href":"https:\/\/agora.xtec.cat\/ehtg\/wp-json\/wp\/v2\/types\/page"}],"author":[{"embeddable":true,"href":"https:\/\/agora.xtec.cat\/ehtg\/wp-json\/wp\/v2\/users\/1"}],"replies":[{"embeddable":true,"href":"https:\/\/agora.xtec.cat\/ehtg\/wp-json\/wp\/v2\/comments?post=560"}],"version-history":[{"count":6,"href":"https:\/\/agora.xtec.cat\/ehtg\/wp-json\/wp\/v2\/pages\/560\/revisions"}],"predecessor-version":[{"id":13481,"href":"https:\/\/agora.xtec.cat\/ehtg\/wp-json\/wp\/v2\/pages\/560\/revisions\/13481"}],"wp:attachment":[{"href":"https:\/\/agora.xtec.cat\/ehtg\/wp-json\/wp\/v2\/media?parent=560"}],"curies":[{"name":"wp","href":"https:\/\/api.w.org\/{rel}","templated":true}]}}