{"id":558,"date":"2021-09-28T17:02:21","date_gmt":"2021-09-28T15:02:21","guid":{"rendered":"https:\/\/agora.xtec.cat\/ehtg\/?page_id=558"},"modified":"2025-09-23T13:23:05","modified_gmt":"2025-09-23T11:23:05","slug":"restaurants","status":"publish","type":"page","link":"https:\/\/agora.xtec.cat\/ehtg\/restaurants\/","title":{"rendered":"Restaurants"},"content":{"rendered":"<h3 style=\"text-align: center;\"><span style=\"color: #ff9900;\"><strong>Per a reserves truquin al 972 22 01 22<\/strong><\/span><\/h3>\n<p>&nbsp;<\/p>\n<p style=\"text-align: justify;\"><strong>Els nostres espai de restaurant son aules d&#8217;aplicaci\u00f3, on el nostre alumnat du a terme pr\u00e0ctiques reals. Aix\u00f2 \u00e9s un oportunitat \u00fanica, per\u00f2 tamb\u00e9 ens limita a un marc horari. \u00c9s per aquest motiu que preguem m\u00e0xima puntualitat, i\/o paci\u00e8ncia en cas de no poder accedir a la nostra oferta en cas de retard. De la mateixa manera preguem sortida abans de les 16:00 h.<\/strong><\/p>\n<p style=\"text-align: justify;\">Horari d\u2019entrada: de 13:00 h fins a 14:00 h. <strong>Nom\u00e9s migdies.\u00a0<\/strong><\/p>\n<p style=\"text-align: justify;\">De dilluns a divendres, els dies lectius. Tancat en per\u00edode de vacances escolars o dies festius.<\/p>\n<p style=\"text-align: justify;\">Gr\u00e0cies per la seva comprensi\u00f3.<\/p>\n<p>&nbsp;<\/p>\n<h5>Qu\u00e8 oferim<\/h5>\n<div class=\"text mb15\">\n<p style=\"text-align: justify;\">Un <strong>men\u00fa degustaci\u00f3<\/strong>, integrat per plats d&#8217;un seguit de cartes tem\u00e0tiques que es canvien al llarg del curs.<\/p>\n<p style=\"text-align: justify;\">Aquest men\u00fa confeccionat per l&#8217;alumnat i el professorat de l&#8217;Escola est\u00e0 format per: aperitiu, entrant fred, entrant calent, peix, carn, prepostres, postres, caf\u00e8 o infusi\u00f3 i <em>petits fours<\/em>.<\/p>\n<table style=\"width: 100%; border-collapse: collapse; border-color: #000000; border-style: solid; background-color: #90d3f0;\">\n<tbody>\n<tr>\n<td style=\"width: 50%; text-align: center;\">Preu<\/td>\n<td style=\"width: 50%; text-align: center;\">Format<\/td>\n<\/tr>\n<tr>\n<td style=\"width: 50%; text-align: center;\">40,00\u20ac (IVA incl\u00f2s)<\/td>\n<td style=\"width: 50%; text-align: center;\">Men\u00fa amb maridatge de vins<\/td>\n<\/tr>\n<tr>\n<td style=\"width: 50%; text-align: center;\">35,00\u20ac (IVA incl\u00f2s)<\/td>\n<td style=\"width: 50%; text-align: center;\">Men\u00fa sense vins<\/td>\n<\/tr>\n<\/tbody>\n<\/table>\n<p>Un <strong>men\u00fa del dia<\/strong>, integrat per plats de cuina catalana, que canvia setmanalment.<\/p>\n<p>Aquest men\u00fa confeccionat per l&#8217;alumnat i el professorat de l&#8217;Escola est\u00e0 format per: aperitiu, primer a escollir, segon a escollir i postres, pa, aigua, copa de vi o cervesa i caf\u00e8.<\/p>\n<table style=\"width: 100%; border-collapse: collapse; border-color: #000000; border-style: solid; background-color: #90d3f0;\">\n<tbody>\n<tr>\n<td style=\"width: 50%; text-align: center;\">Preu<\/td>\n<td style=\"width: 50%; text-align: center;\">Format<\/td>\n<\/tr>\n<tr>\n<td style=\"width: 50%; text-align: center;\">16,50\u20ac (IVA incl\u00f2s)<\/td>\n<td style=\"width: 50%; text-align: center;\">Men\u00fa amb aigua, caf\u00e8 i copa de vi o cervesa<\/td>\n<\/tr>\n<\/tbody>\n<\/table>\n<\/div>\n<p>&nbsp;<\/p>\n<p style=\"text-align: justify;\">L\u2019Escola compleix amb la normativa en mat\u00e8ria de seguretat aliment\u00e0ria que es mostra a continuaci\u00f3.<\/p>\n<p style=\"text-align: justify;\">1. Reglamento (CE) N\u00fam. 852\/2004 del Parlamento Europeo y del Consejo sobre la higiene de los productos alimenticios.<\/p>\n<p style=\"text-align: justify;\">2. Reglamento (CE) N\u00fam. 1169\/2011 sobre la informaci\u00f3n alimentaria facilitada al consumidor.<\/p>\n<p style=\"text-align: justify;\">3. Reglamento (CE) N\u00fam. 853\/2004 del Parlamento Europeo y del Consejo y el Real Decreto N\u00fam. 1420\/2006 sobre la prevenci\u00f3n de parasitosis por anisakis en productos de pesca subministrados por los establecimientos al consumidor final.<\/p>\n<p style=\"text-align: justify;\">4. Reial decret 140\/2003, de 7 de febrer, pel qual s\u2019estableixen els criteris sanitaris de la qualitat de l\u2019aigua de consum.<\/p>\n<p style=\"text-align: justify;\">5. Llei 3\/2020, de l&#8217;11 de mar\u00e7, de prevenci\u00f3 de les p\u00e8rdues i el malbaratament alimentaris.<\/p>\n<p>&nbsp;<\/p>\n<p><strong>Actualitzat: 23\/09\/2025<\/strong><\/p>\n","protected":false},"excerpt":{"rendered":"<p>Per a reserves truquin al 972 22 01 22<br \/>\n&nbsp;<br \/>\nEls nostres espai de restaurant son aules d&#8217;aplicaci\u00f3, on el nostre alumnat du a terme pr\u00e0ctiques reals. Aix\u00f2 \u00e9s un oportunitat \u00fanica, per\u00f2 tamb\u00e9 ens limita a un marc horari. \u00c9s per aquest motiu que preguem m\u00e0xima&hellip;  <a href=\"https:\/\/agora.xtec.cat\/ehtg\/restaurants\/\" title=\"Read Restaurants\">Llegeix m\u00e9s\u00bb<\/a><\/p>\n","protected":false},"author":1,"featured_media":0,"parent":0,"menu_order":0,"comment_status":"closed","ping_status":"closed","template":"","meta":{"_bbp_topic_count":0,"_bbp_reply_count":0,"_bbp_total_topic_count":0,"_bbp_total_reply_count":0,"_bbp_voice_count":0,"_bbp_anonymous_reply_count":0,"_bbp_topic_count_hidden":0,"_bbp_reply_count_hidden":0,"_bbp_forum_subforum_count":0,"footnotes":""},"class_list":["post-558","page","type-page","status-publish","hentry"],"post_mailing_queue_ids":[],"_links":{"self":[{"href":"https:\/\/agora.xtec.cat\/ehtg\/wp-json\/wp\/v2\/pages\/558","targetHints":{"allow":["GET"]}}],"collection":[{"href":"https:\/\/agora.xtec.cat\/ehtg\/wp-json\/wp\/v2\/pages"}],"about":[{"href":"https:\/\/agora.xtec.cat\/ehtg\/wp-json\/wp\/v2\/types\/page"}],"author":[{"embeddable":true,"href":"https:\/\/agora.xtec.cat\/ehtg\/wp-json\/wp\/v2\/users\/1"}],"replies":[{"embeddable":true,"href":"https:\/\/agora.xtec.cat\/ehtg\/wp-json\/wp\/v2\/comments?post=558"}],"version-history":[{"count":7,"href":"https:\/\/agora.xtec.cat\/ehtg\/wp-json\/wp\/v2\/pages\/558\/revisions"}],"predecessor-version":[{"id":13461,"href":"https:\/\/agora.xtec.cat\/ehtg\/wp-json\/wp\/v2\/pages\/558\/revisions\/13461"}],"wp:attachment":[{"href":"https:\/\/agora.xtec.cat\/ehtg\/wp-json\/wp\/v2\/media?parent=558"}],"curies":[{"name":"wp","href":"https:\/\/api.w.org\/{rel}","templated":true}]}}