{"id":557,"date":"2021-09-28T17:02:20","date_gmt":"2021-09-28T15:02:20","guid":{"rendered":"https:\/\/agora.xtec.cat\/ehtg\/?page_id=557"},"modified":"2025-11-12T12:49:03","modified_gmt":"2025-11-12T11:49:03","slug":"tramits","status":"publish","type":"page","link":"https:\/\/agora.xtec.cat\/ehtg\/tramits\/","title":{"rendered":"Tr\u00e0mits"},"content":{"rendered":"<p>A cadascun dels enlla\u00e7os seg\u00fcents trobareu un formulari amb el qual podreu obtenir la documentaci\u00f3\/sol\u00b7licitud que requeriu.<\/p>\n<p>Un cop completat el formulari, rebreu un correu amb un arxiu PDF amb la documentaci\u00f3 sol\u00b7licitada. Per tramitar-la, cal signar digitalment el document i enviar-lo al correu secretariaehtg@ehtg.cat, indicant a l&#8217;assumpte <em>Nom de la sol\u00b7licitud cognoms nom <\/em>(per exemple:<em> Baixa de formaci\u00f3 Garcia Garcia Manel<\/em>).<\/p>\n<p><strong>La firma digital nom\u00e9s pot ser una de les seg\u00fcents:\u00a0<\/strong><\/p>\n<ul>\n<li>IDcat<\/li>\n<li>DNI electr\u00f2nic<\/li>\n<li>Certificat de la &#8220;F\u00e1brica Nacional de Moneda y Timbre&#8221; (FNMT)<\/li>\n<li>TCAT\/TCATP<\/li>\n<\/ul>\n<p><a href=\"https:\/\/espai.educacio.gencat.cat\/Recursos\/Admnistracio-Digital\/Signatura-Electronica\/Pagines\/default.aspx#!#h23\">En aquest enlla\u00e7 trobareu tota la informaci\u00f3 sobre com utilitzar la firma digital.<\/a><\/p>\n<p><strong>En cas de no disposar de firma electr\u00f2nica, s&#8217;ha d&#8217;imprimir el document i signar-lo manualment. En aquest cas s&#8217;haur\u00e0 d&#8217;entregar el document a la secretaria del centre personalment.<\/strong><\/p>\n<p style=\"text-align: center;\"><strong>Sol\u00b7licituds per presentar a Secretaria<\/strong><\/p>\n<p style=\"text-align: center;\"><span style=\"color: #000000;\"><strong><a class=\"button small\" style=\"width: 250px; padding: 1em; margin: 0.1em; color: #000000; background-color: #33bbff; border: 3px solid #0a0a0a;\" href=\"https:\/\/docs.google.com\/forms\/d\/e\/1FAIpQLSdSv5R24rliQdPMS87R7sQidEgRWUrcGWSWC2SrJLwp8DhCvg\/viewform?usp=sharing&amp;ouid=115161167227128493547\" target=\"_blank\" rel=\"noopener noreferrer\">CERTIFICATS<\/a><\/strong><\/span><\/p>\n<p style=\"text-align: center;\"><strong><span style=\"color: #000000;\"><a class=\"button small\" style=\"width: 250px; padding: 1em; margin: 0.1em; color: #000000; background-color: #33bbff; border: 3px solid #0a0a0a;\" href=\"https:\/\/forms.gle\/irc6ysmLqZqNL4Ki7\" target=\"_blank\" rel=\"noopener\">BAIXA DE LA FORMACI\u00d3<\/a><\/span><\/strong><\/p>\n<p style=\"text-align: center;\"><a class=\"button small\" style=\"width: 250px; padding: 1em; font-weight: absolute; margin: 0.1em; color: #0a0a0a; background-color: #33bbff; border: 3px solid #0a0a0a;\" href=\"https:\/\/docs.google.com\/forms\/d\/e\/1FAIpQLSdDEAVIPiPVXzahnjOyKH3BhcUWG48GI243uzXFQSpcu0HNAw\/viewform?usp=sharing&amp;ouid=115161167227128493547\" target=\"_blank\" rel=\"noopener noreferrer\">AUTORITZACI\u00d3 A TERCERS<\/a><\/p>\n<p style=\"text-align: center;\"><a class=\"button small\" style=\"width: 250px; padding: 1em; font-weight: absolute; margin: 0.1em; color: #0a0a0a; background-color: #33bbff; border: 3px solid #0a0a0a;\" href=\"https:\/\/forms.gle\/3fib5mEQ27KzoBtv6\" target=\"_blank\" rel=\"noopener noreferrer\">SEMIPRESENCIALITAT<\/a><\/p>\n<p style=\"text-align: center;\"><a class=\"button small\" style=\"width: 250px; padding: 1em; font-weight: absolute; margin: 0.1em; color: #0a0a0a; background-color: #33bbff; border: 3px solid #0a0a0a;\" href=\"https:\/\/docs.google.com\/forms\/d\/e\/1FAIpQLSfC9oxeYtQzIrRqFcKLvM6PEN9m7hPXSAzrJuxIZNAcGydZFw\/viewform?usp=sharing&amp;ouid=115161167227128493547\" target=\"_blank\" rel=\"noopener noreferrer\">SOL\u00b7LICITUD GEN\u00c8RICA<\/a><\/p>\n<p style=\"text-align: center;\"><a class=\"button small\" style=\"width: 250px; padding: 1em; font-weight: absolute; margin: 0.1em; color: #0a0a0a; background-color: #33bbff; border: 3px solid #0a0a0a;\" href=\"https:\/\/docs.google.com\/forms\/d\/e\/1FAIpQLScyjmeBvNdYepKmdEtDmQ_ug1sfDxRx9ohNXtHRGd5_ZEBJUA\/viewform?usp=sharing&amp;ouid=115161167227128493547\" target=\"_blank\" rel=\"noopener noreferrer\">CONVALIDACIONS<\/a><\/p>\n<p style=\"text-align: center;\"><strong>Presentaci\u00f3 sol\u00b7licituds de convalidaci\u00f3 fins al 26 de setembre<\/strong><\/p>\n<p style=\"text-align: center;\"><a class=\"button small\" style=\"width: 250px; padding: 1em; font-weight: absolute; margin: 0.1em; color: #0a0a0a; background-color: #33bbff; border: 3px solid #0a0a0a;\" href=\"https:\/\/agora.xtec.cat\/ehtg\/beques\/\" target=\"_blank\" rel=\"noopener noreferrer\">BEQUES<\/a><\/p>\n<p style=\"text-align: center;\"><strong>Cal lliurar les qualificacions del curs anterior a Secretaria per poder tramitar les beques<\/strong><\/p>\n<p>&nbsp;<\/p>\n<p style=\"text-align: right;\"><strong>Actualitzat: 02\/04\/2025<\/strong><\/p>\n","protected":false},"excerpt":{"rendered":"<p>A cadascun dels enlla\u00e7os seg\u00fcents trobareu un formulari amb el qual podreu obtenir la documentaci\u00f3\/sol\u00b7licitud que requeriu.<br \/>\nUn cop completat el formulari, rebreu un correu amb un arxiu PDF amb la documentaci\u00f3 sol\u00b7licitada. Per tramitar-la, cal signar digitalment el document i enviar-lo al correu secretariaehtg@ehtg.cat, indicant&hellip;  <a href=\"https:\/\/agora.xtec.cat\/ehtg\/tramits\/\" title=\"Read Tr\u00e0mits\">Llegeix m\u00e9s\u00bb<\/a><\/p>\n","protected":false},"author":1,"featured_media":0,"parent":0,"menu_order":0,"comment_status":"closed","ping_status":"closed","template":"","meta":{"_bbp_topic_count":0,"_bbp_reply_count":0,"_bbp_total_topic_count":0,"_bbp_total_reply_count":0,"_bbp_voice_count":0,"_bbp_anonymous_reply_count":0,"_bbp_topic_count_hidden":0,"_bbp_reply_count_hidden":0,"_bbp_forum_subforum_count":0,"footnotes":""},"class_list":["post-557","page","type-page","status-publish","hentry"],"post_mailing_queue_ids":[],"_links":{"self":[{"href":"https:\/\/agora.xtec.cat\/ehtg\/wp-json\/wp\/v2\/pages\/557","targetHints":{"allow":["GET"]}}],"collection":[{"href":"https:\/\/agora.xtec.cat\/ehtg\/wp-json\/wp\/v2\/pages"}],"about":[{"href":"https:\/\/agora.xtec.cat\/ehtg\/wp-json\/wp\/v2\/types\/page"}],"author":[{"embeddable":true,"href":"https:\/\/agora.xtec.cat\/ehtg\/wp-json\/wp\/v2\/users\/1"}],"replies":[{"embeddable":true,"href":"https:\/\/agora.xtec.cat\/ehtg\/wp-json\/wp\/v2\/comments?post=557"}],"version-history":[{"count":7,"href":"https:\/\/agora.xtec.cat\/ehtg\/wp-json\/wp\/v2\/pages\/557\/revisions"}],"predecessor-version":[{"id":13526,"href":"https:\/\/agora.xtec.cat\/ehtg\/wp-json\/wp\/v2\/pages\/557\/revisions\/13526"}],"wp:attachment":[{"href":"https:\/\/agora.xtec.cat\/ehtg\/wp-json\/wp\/v2\/media?parent=557"}],"curies":[{"name":"wp","href":"https:\/\/api.w.org\/{rel}","templated":true}]}}