{"id":556,"date":"2021-09-28T17:02:20","date_gmt":"2021-09-28T15:02:20","guid":{"rendered":"https:\/\/agora.xtec.cat\/ehtg\/?page_id=556"},"modified":"2024-04-28T12:10:28","modified_gmt":"2024-04-28T10:10:28","slug":"informacio","status":"publish","type":"page","link":"https:\/\/agora.xtec.cat\/ehtg\/informacio\/","title":{"rendered":"Informaci\u00f3"},"content":{"rendered":"<p><strong>HORARI D&#8217;ATENCI\u00d3 AL P\u00daBLIC DE SETEMBRE A JUNY<\/strong><\/p>\n<p>De dilluns a divendres de 8:00 a 15:30 hores<\/p>\n<p>Dijous fins 16:30 hores<\/p>\n<p><strong>DADES DE CONTACTE<\/strong><\/p>\n<p>Tel\u00e8fon: 972 22 01 22<\/p>\n<p>E-mail: <a href=\"secretaria@ehtg.cat\">secretariaehtg@ehtg.cat<\/a><\/p>\n","protected":false},"excerpt":{"rendered":"<p>HORARI D&#8217;ATENCI\u00d3 AL P\u00daBLIC DE SETEMBRE A JUNY<br \/>\nDe dilluns a divendres de 8:00 a 15:30 hores<br \/>\nDijous fins 16:30 hores<br \/>\nDADES DE CONTACTE<br \/>\nTel\u00e8fon: 972 22 01 22<br \/>\nE-mail: <a href=\"secretaria@ehtg.cat\">secretariaehtg@ehtg.cat<\/a><\/p>\n","protected":false},"author":1,"featured_media":0,"parent":0,"menu_order":0,"comment_status":"closed","ping_status":"closed","template":"","meta":{"_bbp_topic_count":0,"_bbp_reply_count":0,"_bbp_total_topic_count":0,"_bbp_total_reply_count":0,"_bbp_voice_count":0,"_bbp_anonymous_reply_count":0,"_bbp_topic_count_hidden":0,"_bbp_reply_count_hidden":0,"_bbp_forum_subforum_count":0,"footnotes":""},"class_list":["post-556","page","type-page","status-publish","hentry"],"post_mailing_queue_ids":[],"_links":{"self":[{"href":"https:\/\/agora.xtec.cat\/ehtg\/wp-json\/wp\/v2\/pages\/556","targetHints":{"allow":["GET"]}}],"collection":[{"href":"https:\/\/agora.xtec.cat\/ehtg\/wp-json\/wp\/v2\/pages"}],"about":[{"href":"https:\/\/agora.xtec.cat\/ehtg\/wp-json\/wp\/v2\/types\/page"}],"author":[{"embeddable":true,"href":"https:\/\/agora.xtec.cat\/ehtg\/wp-json\/wp\/v2\/users\/1"}],"replies":[{"embeddable":true,"href":"https:\/\/agora.xtec.cat\/ehtg\/wp-json\/wp\/v2\/comments?post=556"}],"version-history":[{"count":4,"href":"https:\/\/agora.xtec.cat\/ehtg\/wp-json\/wp\/v2\/pages\/556\/revisions"}],"predecessor-version":[{"id":1563,"href":"https:\/\/agora.xtec.cat\/ehtg\/wp-json\/wp\/v2\/pages\/556\/revisions\/1563"}],"wp:attachment":[{"href":"https:\/\/agora.xtec.cat\/ehtg\/wp-json\/wp\/v2\/media?parent=556"}],"curies":[{"name":"wp","href":"https:\/\/api.w.org\/{rel}","templated":true}]}}