{"id":505,"date":"2021-09-13T17:19:57","date_gmt":"2021-09-13T15:19:57","guid":{"rendered":"https:\/\/agora.xtec.cat\/ehtg\/?page_id=505"},"modified":"2025-12-18T14:17:15","modified_gmt":"2025-12-18T13:17:15","slug":"cfgs","status":"publish","type":"page","link":"https:\/\/agora.xtec.cat\/ehtg\/cfgs\/","title":{"rendered":"Cicles formatius de grau superior"},"content":{"rendered":"<table style=\"height: 135px; width: 100.342%; background-color: #90d3f0; border-color: #000000; border-style: solid;\">\n<tbody>\n<tr style=\"height: 1px;\">\n<td style=\"width: 242.281px; height: 10px; text-align: center;\"><strong>CICLE<\/strong><\/td>\n<td style=\"width: 242.281px; height: 10px; text-align: center;\"><strong>FAM\u00cdLIA<\/strong><\/td>\n<td style=\"width: 242.281px; height: 10px; text-align: center;\"><strong>CODI<\/strong><\/td>\n<\/tr>\n<tr style=\"height: 1px;\">\n<td style=\"width: 242.281px; height: 34px; text-align: center;\"><a href=\"https:\/\/agora.xtec.cat\/ehtg\/direccio-de-cuina\/\" target=\"_blank\" rel=\"noopener\">Direcci\u00f3 en cuina<\/a><\/td>\n<td style=\"width: 242.281px; height: 34px; text-align: center;\">Hoteleria i turisme<\/td>\n<td style=\"width: 242.281px; height: 34px; text-align: center;\">HTD0<\/td>\n<\/tr>\n<tr style=\"height: 1px;\">\n<td style=\"width: 242.281px; height: 10px; text-align: center;\"><a href=\"https:\/\/agora.xtec.cat\/ehtg\/direccio-de-serveis-en-restauracio\/\" target=\"_blank\" rel=\"noopener\">Direcci\u00f3 en serveis de restauraci\u00f3<\/a><\/td>\n<td style=\"width: 242.281px; height: 10px; text-align: center;\">Hoteleria i turisme<\/td>\n<td style=\"width: 242.281px; height: 10px; text-align: center;\">HTE0<\/td>\n<\/tr>\n<tr style=\"height: 1px;\">\n<td style=\"width: 242.281px; height: 38px; text-align: center;\"><a href=\"https:\/\/agora.xtec.cat\/ehtg\/gestio-dallotjaments-turistics\/\" target=\"_blank\" rel=\"noopener\">Gesti\u00f3 d&#8217;allotjaments tur\u00edstics<\/a><\/td>\n<td style=\"width: 242.281px; height: 38px; text-align: center;\">Hoteleria i turisme<\/td>\n<td style=\"width: 242.281px; height: 38px; text-align: center;\">HTB0<\/td>\n<\/tr>\n<tr style=\"height: 1px;\">\n<td style=\"width: 242.281px; height: 33px; text-align: center;\"><a href=\"https:\/\/agora.xtec.cat\/ehtg\/guia-informacio-i-assistencia-turistiques\/\" target=\"_blank\" rel=\"noopener\">Guia, Informaci\u00f3 i Assist\u00e8ncia Tur\u00edstiques<\/a><\/td>\n<td style=\"width: 242.281px; height: 33px; text-align: center;\">Hoteleria i turisme<\/td>\n<td style=\"width: 242.281px; height: 33px; text-align: center;\">HTF0<\/td>\n<\/tr>\n<tr style=\"height: 1px;\">\n<td style=\"width: 242.281px; height: 10px; text-align: center;\"><a href=\"https:\/\/agora.xtec.cat\/ehtg\/agencia-de-viatges-i-gestio-desdeveniments\/\" target=\"_blank\" rel=\"noopener\">Ag\u00e8ncies de Viatges i Gesti\u00f3 d&#8217;Esdeveniments<\/a><\/td>\n<td style=\"width: 242.281px; height: 10px; text-align: center;\">Hoteleria i turisme<\/td>\n<td style=\"width: 242.281px; height: 10px; text-align: center;\">HTA0<\/td>\n<\/tr>\n<\/tbody>\n<\/table>\n<p style=\"text-align: center;\"><a class=\"button small\" style=\"width: 250px; padding: 0.5em; font-weight: absolute; margin: 0.1em; color: #0a0a0a; background-color: #33bbff; border: 3px solid #0a0a0a;\" href=\"https:\/\/agora.xtec.cat\/ehtg\/beques\/\" target=\"_blank\" rel=\"noopener noreferrer\">BEQUES<\/a> \u00a0 \u00a0<a class=\"button small\" style=\"width: 250px; padding: 0.5em; font-weight: absolute; margin: 0.1em; color: #0a0a0a; background-color: #33bbff; border: 3px solid #0a0a0a;\" href=\"https:\/\/docs.google.com\/spreadsheets\/d\/1qA_HnU_OzfFuwcG5rjByVo6sEqTDqq6jpGCnf3SJGEU\/edit?usp=sharing\" target=\"_blank\" rel=\"noopener noreferrer\">CALENDARI CURS<\/a><\/p>\n<p style=\"text-align: center;\"><a class=\"button small\" style=\"width: 250px; padding: 0.5em; font-weight: absolute; margin: 0.1em; color: #0a0a0a; background-color: #33bbff; border: 3px solid #0a0a0a;\" href=\"https:\/\/agora.xtec.cat\/ehtg\/convalidacions\/\" target=\"_blank\" rel=\"noopener noreferrer\">COVALIDACIONS<\/a> \u00a0\u00a0 <a class=\"button small\" style=\"width: 250px; padding: 0.5em; font-weight: absolute; margin: 0.1em; color: #0a0a0a; background-color: #33bbff; border: 3px solid #0a0a0a;\" href=\"https:\/\/agora.xtec.cat\/ehtg\/preinscripcio-i-matricula-gs\/\" target=\"_blank\" rel=\"noopener noreferrer\">MATRICULA<\/a><\/p>\n<p style=\"text-align: center;\"><a class=\"button small\" style=\"width: 250px; padding: 0.5em; font-weight: absolute; margin: 0.1em; color: #0a0a0a; background-color: #33bbff; border: 3px solid #0a0a0a;\" href=\"https:\/\/agora.xtec.cat\/ehtg\/?page_id=12624&amp;preview=true\" target=\"_blank\" rel=\"noopener noreferrer\">PREINSCRIPCI\u00d3<\/a> \u00a0\u00a0 <a class=\"button small\" style=\"width: 250px; padding: 0.5em; font-weight: absolute; margin: 0.1em; color: #0a0a0a; background-color: #33bbff; border: 3px solid #0a0a0a;\" href=\"https:\/\/agora.xtec.cat\/ehtg\/tramits\/\" target=\"_blank\" rel=\"noopener noreferrer\">TR\u00c0MITS<\/a><\/p>\n<p style=\"text-align: justify;\">Els cicles formatius de grau superior (CFGS) s\u00f3n estudis professionalitzadors que formen part de l&#8217;educaci\u00f3 superior i que preparen l\u2019alumnat per a l&#8217;activitat qualificada en un camp professional.<\/p>\n<p style=\"text-align: justify;\">Aquests ensenyaments tenen una durada de 2.000 hores (en dos cursos acad\u00e8mics) i s&#8217;agrupen en fam\u00edlies professionals.<\/p>\n<p style=\"text-align: justify;\">La titulaci\u00f3 que s&#8217;obt\u00e9 en finalitzar un cicle formatiu de grau superior \u00e9s la de <strong>t\u00e8cnic o t\u00e8cnica superior del perfil professional corresponent<\/strong>, que permet incorporar-se al m\u00f3n laboral i accedir a estudis universitaris.<\/p>\n<p style=\"text-align: justify;\"><strong>Tenen acc\u00e9s directe al cicle<\/strong> les persones que compleixen algun dels requisits seg\u00fcents:<\/p>\n<ul>\n<li style=\"text-align: justify;\">Tenir el t\u00edtol de batxillerat, tenir el t\u00edtol de t\u00e8cnic de formaci\u00f3 professional o d\u2019arts pl\u00e0stiques i disseny, t\u00e8cnic superior de formaci\u00f3 professional o d&#8217;arts pl\u00e0stiques i disseny o t\u00e8cnic especialista.<\/li>\n<li style=\"text-align: justify;\">Haver superat el segon curs de batxillerat de qualsevol modalitat de batxillerat experimental.<\/li>\n<li style=\"text-align: justify;\">Haver superat el curs d&#8217;orientaci\u00f3 universit\u00e0ria (COU) o el preuniversitari.<\/li>\n<li style=\"text-align: justify;\">Tenir el t\u00edtol de batxillerat per haver cursat el batxillerat unificat polivalent (BUP), tenir qualsevol titulaci\u00f3 universit\u00e0ria o una d&#8217;equivalent, o haver superat la prova d&#8217;acc\u00e9s a la universitat per a m\u00e9s grans de 25 anys o de 45 anys, o haver accedit a la universitat per haver acreditat experi\u00e8ncia laboral o professional tenint complerts 40 anys.<\/li>\n<li style=\"text-align: justify;\">Les persones que no compleixen cap dels requisits esmentats han de superar una prova d&#8217;acc\u00e9s. Per<br \/>\npresentar-s&#8217;hi cal tenir 19 anys o b\u00e9 complir-los durant l&#8217;any natural en qu\u00e8 es realitza la prova.<\/li>\n<\/ul>\n<p style=\"text-align: justify;\"><strong>Preinscripci\u00f3 i matr\u00edcula<\/strong><\/p>\n<p style=\"text-align: justify;\">Per cursar el cicle cal formalitzar la sol\u00b7licitud i presentar-la al centre per a l&#8217;ensenyament demanat en primer lloc. Quan el nombre de sol\u00b7licituds \u00e9s superior a l&#8217;oferta, les peticions s&#8217;ordenen, dins de cada via d&#8217;acc\u00e9s i d&#8217;acord amb les prioritats que pertoquin, segons la qualificaci\u00f3 mitjana dels estudis o la qualificaci\u00f3 de la prova que permet l&#8217;acc\u00e9s al cicle.<\/p>\n<p style=\"text-align: justify;\"><strong>Els imports de la matr\u00edcula dels centres dependents del Departament d&#8217;Educaci\u00f3 s\u00f3n:<\/strong><\/p>\n<p style=\"text-align: justify;\"><em>Pels cicles LOE<\/em><\/p>\n<ul>\n<li style=\"text-align: justify;\">Per curs: 360 euros.<\/li>\n<li style=\"text-align: justify;\">Per unitat formativa: 25 euros; per m\u00f2dul de formaci\u00f3 en centres de treball (FCT): 25 euros.<\/li>\n<\/ul>\n<p style=\"text-align: justify;\"><em>Pels cicles LOGSE<\/em><\/p>\n<ul>\n<li style=\"text-align: justify;\">Per curs: 360 euros.<\/li>\n<li style=\"text-align: justify;\">Per cr\u00e8dit: 65 euros, per m\u00f2dul de formaci\u00f3 en centres de treball (FCT): 65 euros.<\/li>\n<li style=\"text-align: justify;\">Per la compleci\u00f3 (per cr\u00e8dit): 20 euros.<\/li>\n<\/ul>\n<p style=\"text-align: justify;\">Consulteu els sup\u00f2sits d&#8217;exempcions i bonificacions generals i espec\u00edfiques a l&#8217;apartat de preus p\u00fablics del web del Departament d&#8217;Educaci\u00f3.<\/p>\n<p><strong>Continu\u00eftat<\/strong><\/p>\n<p>Les persones que superen un cicle formatiu de grau superior obtenen el t\u00edtol de t\u00e8cnic superior, que els permet accedir:<\/p>\n<ul>\n<li>A qualsevol estudi universitari oficial de grau o cicles formatius de grau superior.<\/li>\n<li>Al m\u00f3n laboral.<\/li>\n<\/ul>\n<p style=\"text-align: justify;\">Amb aquests estudis s&#8217;obt\u00e9 el t\u00edtol de t\u00e8cnic superior o t\u00e8cnica superior, que permet accedir a qualsevol estudi universitari oficial de grau. Les persones que s&#8217;han graduat en un cicle formatiu de grau superior poden obtenir la convalidaci\u00f3 de cr\u00e8dits universitaris ECTS. Per a m\u00e9s informaci\u00f3, consulteu el Canal Universitats.<\/p>\n<p>En aquest enlla\u00e7 trobareu la <a href=\"https:\/\/preinscripcio.gencat.cat\/ca\/estudis\/fp-grau-superior\/informat\/consulta-notes-tall\/\"><span style=\"color: #ff6600;\"><strong>nota de tall de refer\u00e8ncia del curs 2024-2025<\/strong><\/span><\/a><\/p>\n<p>&nbsp;<\/p>\n<p><strong>Normativa<\/strong><\/p>\n<p>Llei org\u00e0nica 5\/2002, de 19 de juny, de les qualificacions i de la formaci\u00f3 professional (BOE n\u00fam. 147, de 20.6.2002)<\/p>\n<p>Decret 284\/2011, d\u20191 de mar\u00e7, d\u2019ordenaci\u00f3 general de la formaci\u00f3 professional inicial (DOGC n\u00fam. 5830, de\u00a03.3.2011)<\/p>\n<p style=\"text-align: right;\"><strong>Actualitzat: 24\/03\/2025<\/strong><\/p>\n","protected":false},"excerpt":{"rendered":"<p>CICLE<br \/>\nFAM\u00cdLIA<br \/>\nCODI<\/p>\n<p><a href=\"https:\/\/agora.xtec.cat\/ehtg\/direccio-de-cuina\/\" target=\"_blank\" rel=\"noopener\">Direcci\u00f3 en cuina<\/a><br \/>\nHoteleria i turisme<br \/>\nHTD0<\/p>\n<p><a href=\"https:\/\/agora.xtec.cat\/ehtg\/direccio-de-serveis-en-restauracio\/\" target=\"_blank\" rel=\"noopener\">Direcci\u00f3 en serveis de restauraci\u00f3<\/a><br \/>\nHoteleria i turisme<br \/>\nHTE0<\/p>\n<p><a href=\"https:\/\/agora.xtec.cat\/ehtg\/gestio-dallotjaments-turistics\/\" target=\"_blank\" rel=\"noopener\">Gesti\u00f3 d&#8217;allotjaments tur\u00edstics<\/a><br \/>\nHoteleria i turisme<br \/>\nHTB0<\/p>\n<p><a href=\"https:\/\/agora.xtec.cat\/ehtg\/guia-informacio-i-assistencia-turistiques\/\" target=\"_blank\" rel=\"noopener\">Guia, Informaci\u00f3 i Assist\u00e8ncia Tur\u00edstiques<\/a><br \/>\nHoteleria i turisme<br \/>\nHTF0<\/p>\n<p><a href=\"https:\/\/agora.xtec.cat\/ehtg\/agencia-de-viatges-i-gestio-desdeveniments\/\" target=\"_blank\" rel=\"noopener\">Ag\u00e8ncies de Viatges i Gesti\u00f3 d&#8217;Esdeveniments<\/a><br \/>\nHoteleria i turisme<br \/>\nHTA0<\/p>\n<p><a class=\"button small\"&hellip;  <a href=\"https:\/\/agora.xtec.cat\/ehtg\/cfgs\/\" title=\"Read Cicles formatius de grau superior\">Llegeix m\u00e9s\u00bb<\/a><\/p>\n","protected":false},"author":1,"featured_media":0,"parent":0,"menu_order":0,"comment_status":"closed","ping_status":"closed","template":"","meta":{"_bbp_topic_count":0,"_bbp_reply_count":0,"_bbp_total_topic_count":0,"_bbp_total_reply_count":0,"_bbp_voice_count":0,"_bbp_anonymous_reply_count":0,"_bbp_topic_count_hidden":0,"_bbp_reply_count_hidden":0,"_bbp_forum_subforum_count":0,"footnotes":""},"class_list":["post-505","page","type-page","status-publish","hentry"],"post_mailing_queue_ids":[],"_links":{"self":[{"href":"https:\/\/agora.xtec.cat\/ehtg\/wp-json\/wp\/v2\/pages\/505","targetHints":{"allow":["GET"]}}],"collection":[{"href":"https:\/\/agora.xtec.cat\/ehtg\/wp-json\/wp\/v2\/pages"}],"about":[{"href":"https:\/\/agora.xtec.cat\/ehtg\/wp-json\/wp\/v2\/types\/page"}],"author":[{"embeddable":true,"href":"https:\/\/agora.xtec.cat\/ehtg\/wp-json\/wp\/v2\/users\/1"}],"replies":[{"embeddable":true,"href":"https:\/\/agora.xtec.cat\/ehtg\/wp-json\/wp\/v2\/comments?post=505"}],"version-history":[{"count":7,"href":"https:\/\/agora.xtec.cat\/ehtg\/wp-json\/wp\/v2\/pages\/505\/revisions"}],"predecessor-version":[{"id":13541,"href":"https:\/\/agora.xtec.cat\/ehtg\/wp-json\/wp\/v2\/pages\/505\/revisions\/13541"}],"wp:attachment":[{"href":"https:\/\/agora.xtec.cat\/ehtg\/wp-json\/wp\/v2\/media?parent=505"}],"curies":[{"name":"wp","href":"https:\/\/api.w.org\/{rel}","templated":true}]}}