{"id":4363,"date":"2023-10-20T17:01:25","date_gmt":"2023-10-20T15:01:25","guid":{"rendered":"https:\/\/agora.xtec.cat\/ehtg\/?page_id=4363"},"modified":"2025-09-27T12:31:18","modified_gmt":"2025-09-27T10:31:18","slug":"convalidacions","status":"publish","type":"page","link":"https:\/\/agora.xtec.cat\/ehtg\/convalidacions\/","title":{"rendered":"Convalidacions"},"content":{"rendered":"<p>INSTRUCCIONS: Porteu\u00a0la\u00a0<a href=\"https:\/\/docs.google.com\/forms\/d\/e\/1FAIpQLScyjmeBvNdYepKmdEtDmQ_ug1sfDxRx9ohNXtHRGd5_ZEBJUA\/viewform?usp=sharing&amp;ouid=115161167227128493547\" target=\"_blank\" rel=\"noopener\"><strong>sol\u00b7licitud de convalidaci\u00f3<\/strong><\/a>\u00a0<em>\u00a0junt amb el certificat de notes on consti la nota i el m\u00f2dul o uf que voleu convalidar.<\/em> Fins el 26 de setembre.<\/p>\n<p>S\u2019aplica el que estableix al\u00a0<em>\u201cReal Decreto 1085\/2020, de 9 de diciembre, por el que se establecen convalidaciones de m\u00f3dulos profesionales de los t\u00edtulos de Formaci\u00f3n Profesional del sistema educativo espa\u00f1ol y las medidas para su aplicaci\u00f3n, y se modifica el Real Decreto 1147\/2011, de 29 de julio, por el que se establece la ordenaci\u00f3n general de la formaci\u00f3n profesional del sistema educativo.\u201d\u00a0<\/em><a href=\"https:\/\/agora.xtec.cat\/ins-esport\/wp-content\/uploads\/usu2109\/2023\/09\/BOE-A-2020-17274-C-1-DECRET-CONVALIDACIONS.pdf\"><em>Decret convalidacions<\/em><\/a><\/p>\n<p><strong><u>Convalidacions FOL (Formaci\u00f3 i orientaci\u00f3 laboral)<\/u><\/strong><\/p>\n<ol>\n<li><strong>a) Alumnat que t\u00e9 aprovat FOL LOGSE i est\u00e0 matriculat en un cicle LOE<\/strong><\/li>\n<\/ol>\n<p><strong>Li permet convalidar la unitat formativa 1<\/strong>\u00a0(\u201cIncorporaci\u00f3 al treball\u201d)\u00a0<strong>tant a grau superior com a grau mitj\u00e0.<\/strong><\/p>\n<p>La possessi\u00f3 del certificat de nivell b\u00e0sic en prevenci\u00f3 de riscos laborals, que s\u2019estableix al\u00a0<a href=\"http:\/\/www.boe.es\/buscar\/doc.php?id=BOE-A-1997-1853\">Reial Decret 39\/1997<\/a>, de 17 de gener, pel qual s\u2019aprova el Reglament dels Serveis de Prevenci\u00f3, permet convalidar la unitat formativa 2 (\u201cPrevenci\u00f3 de riscos laborals\u201d) del m\u00f2dul professional FOL.<\/p>\n<p>El centre educatiu convalidar\u00e0 la\u00a0<strong>unitat formativa 2<\/strong>\u00a0als alumnes que justifiquin estar en possessi\u00f3 d\u2019un Certificat de formaci\u00f3 en prevenci\u00f3 de riscos laborals, que habilita per desenvolupar les funcions de nivell b\u00e0sic, amb els requisits seg\u00fcents:<\/p>\n<ul>\n<li>Denominaci\u00f3 i segell de l\u2019entitat certificadora, i signatura de la persona responsable<\/li>\n<li>Nom i cognoms de la persona que ha cursat la formaci\u00f3<\/li>\n<li>Denominaci\u00f3 i durada del curs<\/li>\n<li>Localitat i data d\u2019expedici\u00f3 del certificar<\/li>\n<li>Text en qu\u00e8 s\u2019indica \u201ccapacita per al desenvolupament de funcions de nivell b\u00e0sic segons el Reial Decret 39\/1997 (segons el contingut de l\u2019annex IV A o IV B)\u201d<\/li>\n<\/ul>\n<p>Aquesta convalidaci\u00f3 l\u2019atorga la direcci\u00f3 del centre, per tant convalida i trasllada la qualificaci\u00f3 del FOL LOE aportat, sigui del nivell que sigui.<\/p>\n<ol>\n<li><strong>b) Alumnat que t\u00e9 aprovat FOL LOE i est\u00e0 matriculat en un cicle LOE<\/strong><\/li>\n<\/ol>\n<p>En aquest cas s\u2019aplica el que estableix el Reial Decret del cicle LOE que cursa. Si cursa un cicle de grau mitj\u00e0 cal aplicar l\u2019article 14.2 i si cursa un cicle de grau superior l\u2019article 15.2. Segons el Reial Decret, aquest m\u00f2dul professional \u00e9s com\u00fa a tots els cicles formatius LOE (com no fa refer\u00e8ncia al grau, vol dir que tant \u00e9s que sigui grau mitj\u00e0 com grau superior).<\/p>\n<p>Aquesta convalidaci\u00f3 l\u2019atorga la direcci\u00f3 del centre, per tant convalida i trasllada la qualificaci\u00f3 del FOL LOE aportat, sigui del nivell que sigui.<\/p>\n<ol>\n<li><strong>c) Alumnat que t\u00e9 altres titulacions o ensenyaments<\/strong><\/li>\n<\/ol>\n<p>En aquest cas no es pot aplicar cap norma, i cal fer arribar a la Direcci\u00f3 General la sol\u00b7licitud de convalidaci\u00f3 com a convalidaci\u00f3 singular.<\/p>\n<p>Aquesta convalidaci\u00f3 singular atorgada per la Direcci\u00f3 General ha de fer-se constar \u201cconvalidat\u201d en les qualificacions; si est\u00e0 matriculat en un cicle LOGSE no intervindr\u00e0 en la mitjana global del cicle i\u00a0<strong>si est\u00e0 matriculat en un cicle LOE ser\u00e0 considerat com a 5<\/strong>\u00a0a efectes del c\u00e0lcul de la mitjana global del cicle.<\/p>\n<p><strong><u>Convalidacions EIE (Empresa i iniciativa emprenedora)<\/u><\/strong><\/p>\n<ol>\n<li><strong>a) Alumnat que t\u00e9 aprovat Administraci\u00f3, gesti\u00f3 i comercialitzaci\u00f3 en la petita empresa LOGSE, Organitzaci\u00f3 i gesti\u00f3 d\u2019una explotaci\u00f3 agr\u00e0ria LOGSE, Organitzaci\u00f3 i gesti\u00f3 d\u2019una explotaci\u00f3 agr\u00e0ria familiar LOGSE, Organitzaci\u00f3 i gesti\u00f3 d\u2019una petita empresa d\u2019activitats de temps lliure i socioeducatives LOGSE, o b\u00e9 disposa del t\u00edtol de t\u00e8cnic en Gesti\u00f3 administrativa LOGSE o del t\u00edtol de t\u00e8cnic superior en Administraci\u00f3 i finances LOGSE i est\u00e0 matriculat en un cicle LOE<\/strong><\/li>\n<\/ol>\n<p>En aquest cas s\u2019aplica el que estableixen els Reial Decret dels t\u00edtols LOE que han substitu\u00eft els cicles que tenien els cr\u00e8dits mencionats concatenat amb el Reial Decret del cicle LOE que cursa. Li permet convalidar el M\u00f2dul professional \u201cEmpresa i iniciativa emprenedora\u201d tant a grau superior com a grau mitj\u00e0.<\/p>\n<ol>\n<li><strong>b) Alumnat que t\u00e9 aprovat EIE LOE i est\u00e0 matriculat en un cicle LOE<\/strong><\/li>\n<\/ol>\n<p>En aquest cas s\u2019aplica el que estableix el Reial Decret del cicle LOE que cursa. Si cursa un cicle de grau mitj\u00e0 cal aplicar l\u2019article 14.2 i si cursa un cicle de grau superior cal aplicar l\u2019article 15.2. Segons el Reial Decret, aquest m\u00f2dul professional \u00e9s com\u00fa a tots els cicles formatius LOE (com no fa refer\u00e8ncia al grau, vol dir que tant \u00e9s que sigui grau mitj\u00e0 com grau superior).<\/p>\n<p>Aquesta convalidaci\u00f3 l\u2019atorga la direcci\u00f3 del centre, per tant convalida i trasllada la qualificaci\u00f3 del FOL LOE aportat, sigui del nivell que sigui.<\/p>\n<ol>\n<li><strong>c) Alumnat que t\u00e9 altres titulacions o ensenyaments i est\u00e0 matriculat en un cicle LOE<\/strong><\/li>\n<\/ol>\n<p>En aquest cas no es pot aplicar cap norma, i cal fer arribar a la Direcci\u00f3 General la sol\u00b7licitud de convalidaci\u00f3 com a convalidaci\u00f3 singular.<\/p>\n<p>Aquesta convalidaci\u00f3 singular atorgada per la Direcci\u00f3 General ha de fer-se constar \u201cconvalidat\u201d en les qualificacions, i\u00a0<strong>ser\u00e0 considerat com a 5<\/strong>\u00a0a efectes del c\u00e0lcul de la mitjana global del cicle.<\/p>\n<p>&nbsp;<\/p>\n<p><span style=\"text-decoration: underline;\"><strong>Convalidacions Angl\u00e8s<\/strong><\/span><\/p>\n<ol>\n<li>a) Alumnat que t\u00e9 aprovat Angl\u00e8s LOE i est\u00e0 matriculat en un cicle LOE<\/li>\n<\/ol>\n<p>En aquest cas s\u2019aplica el que estableix el Reial Decret del cicle LOE que cursa. Si ha cursat un cicle de grau mitj\u00e0, es aplicable a un altre grau mitj\u00e0 i si ha cursat un cicle de grau superior \u00e9s aplicable a un altre grau superior, Segons el Reial Decret, aquest m\u00f2dul professional \u00e9s com\u00fa a tots els cicles formatius LOE (com no fa refer\u00e8ncia al grau, vol dir que tant \u00e9s que sigui grau mitj\u00e0 com grau superior).<\/p>\n<p>Aquesta convalidaci\u00f3 l\u2019atorga la direcci\u00f3 del centre, per tant convalida i trasllada la qualificaci\u00f3 d\u2019Angl\u00e8s aportada.<\/p>\n<ol>\n<li>b) Certificat de Nivel Intermedi (B1) EOI; Certificat B1 o superior; T\u00edtol de Grau en Filolog\u00eda Anglesa o Traducci\u00f3 e Interpretaci\u00f3 (Angl\u00e8s) : convalida Angl\u00e8s de cicle de grau mitj\u00e0. Aquesta convalidaci\u00f3 l\u2019atorga la direcci\u00f3 del centre amb \u201cCv\u201d convalidat, sense nota a efectes acad\u00e8mics.<\/li>\n<li>c) Certificat de Nivel Intermedi (B2) EOI; Certificat B2 o superior; T\u00edtol de Grau en Filolog\u00eda Anglesa o Traducci\u00f3 e Interpretaci\u00f3 (Angl\u00e8s) : convalida Angl\u00e8s de cicle de grau superior. Aquesta convalidaci\u00f3 l\u2019atorga la direcci\u00f3 del centre amb \u201cCv\u201d convalidat, sense nota a efectes acad\u00e8mics.<\/li>\n<\/ol>\n<p><span style=\"text-decoration: underline;\"><strong>Convalidaci\u00f3 entre cicles<\/strong><\/span><\/p>\n<p>Si la convalidaci\u00f3 l\u2019ha de resoldre el Departament d\u2019Educaci\u00f3 es considera <strong>convalidaci\u00f3 singular, diferents a les anteriorment explicades.<\/strong> L\u2019alumnat ha d\u2019assistir a classe i cursar les mat\u00e8ries fins que li sigui lliurada la resoluci\u00f3 positiva o negativa de la convalidaci\u00f3 (aquestes resolucions poden trigar fins a 6 mesos en ser atorgades). Si l\u2019alumne ha cursat els m\u00f2duls o cr\u00e8dits que preveia convalidar i ha estat qualificat positivament amb una nota superior a 5 pot renunciar a la convalidaci\u00f3 un cop atorgada, pr\u00e8via comunicaci\u00f3 a la secret\u00e0ria del centre.<\/p>\n<p>Les taules de convalidacions per fam\u00edlies professionals i cicles formatius \u201cnom\u00e9s\u201d s\u00f3n\u00a0 documents d\u2019orientaci\u00f3 i treball del centre. Si algun alumne o usuari del centre necessita m\u00e9s informaci\u00f3 us heu de remetre als documents \u201coficials\u201d: ordres, decrets, resolucions,\u2026<\/p>\n<p>Taula orientativa convalidacions<\/p>\n<p><strong>Documentaci\u00f3<\/strong><\/p>\n<p><a href=\"https:\/\/docs.google.com\/forms\/d\/e\/1FAIpQLScyjmeBvNdYepKmdEtDmQ_ug1sfDxRx9ohNXtHRGd5_ZEBJUA\/viewform?usp=sharing&amp;ouid=115161167227128493547\" target=\"_blank\" rel=\"noopener\">Sol\u00b7licitud de convalidacions gestionades pel centre<\/a><\/p>\n<p>Sol\u00b7licitud convalidacions singulars<\/p>\n<p>&nbsp;<\/p>\n","protected":false},"excerpt":{"rendered":"<p>INSTRUCCIONS: Porteu\u00a0la\u00a0<a href=\"https:\/\/docs.google.com\/forms\/d\/e\/1FAIpQLScyjmeBvNdYepKmdEtDmQ_ug1sfDxRx9ohNXtHRGd5_ZEBJUA\/viewform?usp=sharing&amp;ouid=115161167227128493547\" target=\"_blank\" rel=\"noopener\">sol\u00b7licitud de convalidaci\u00f3<\/a>\u00a0\u00a0junt amb el certificat de notes on consti la nota i el m\u00f2dul o uf que voleu convalidar. Fins el 26 de setembre.<br \/>\nS\u2019aplica el que estableix al\u00a0\u201cReal Decreto 1085\/2020, de 9 de diciembre, por el que se establecen convalidaciones&hellip;  <a href=\"https:\/\/agora.xtec.cat\/ehtg\/convalidacions\/\" title=\"Read Convalidacions\">Llegeix m\u00e9s\u00bb<\/a><\/p>\n","protected":false},"author":1,"featured_media":0,"parent":0,"menu_order":0,"comment_status":"closed","ping_status":"closed","template":"","meta":{"_bbp_topic_count":0,"_bbp_reply_count":0,"_bbp_total_topic_count":0,"_bbp_total_reply_count":0,"_bbp_voice_count":0,"_bbp_anonymous_reply_count":0,"_bbp_topic_count_hidden":0,"_bbp_reply_count_hidden":0,"_bbp_forum_subforum_count":0,"footnotes":""},"class_list":["post-4363","page","type-page","status-publish","hentry"],"post_mailing_queue_ids":[],"_links":{"self":[{"href":"https:\/\/agora.xtec.cat\/ehtg\/wp-json\/wp\/v2\/pages\/4363","targetHints":{"allow":["GET"]}}],"collection":[{"href":"https:\/\/agora.xtec.cat\/ehtg\/wp-json\/wp\/v2\/pages"}],"about":[{"href":"https:\/\/agora.xtec.cat\/ehtg\/wp-json\/wp\/v2\/types\/page"}],"author":[{"embeddable":true,"href":"https:\/\/agora.xtec.cat\/ehtg\/wp-json\/wp\/v2\/users\/1"}],"replies":[{"embeddable":true,"href":"https:\/\/agora.xtec.cat\/ehtg\/wp-json\/wp\/v2\/comments?post=4363"}],"version-history":[{"count":7,"href":"https:\/\/agora.xtec.cat\/ehtg\/wp-json\/wp\/v2\/pages\/4363\/revisions"}],"predecessor-version":[{"id":13463,"href":"https:\/\/agora.xtec.cat\/ehtg\/wp-json\/wp\/v2\/pages\/4363\/revisions\/13463"}],"wp:attachment":[{"href":"https:\/\/agora.xtec.cat\/ehtg\/wp-json\/wp\/v2\/media?parent=4363"}],"curies":[{"name":"wp","href":"https:\/\/api.w.org\/{rel}","templated":true}]}}