{"id":39,"date":"2014-09-17T16:36:44","date_gmt":"2014-09-17T16:36:44","guid":{"rendered":"http:\/\/agora.xtec.cat\/ehtg\/?page_id=39"},"modified":"2023-10-21T17:09:06","modified_gmt":"2023-10-21T15:09:06","slug":"instal%c2%b7lacions","status":"publish","type":"page","link":"https:\/\/agora.xtec.cat\/ehtg\/instal%c2%b7lacions\/","title":{"rendered":"Instal\u00b7lacions"},"content":{"rendered":"<header class=\"entry-header\">\n<p class=\"entry-title\" style=\"text-align: center;\"><strong><span style=\"font-family: inherit; font-size: 1em;\">Amb la inauguraci\u00f3 de la nova Escola per part del President de la Generalitat el setembre del 1992, es tanca l\u2019important proc\u00e9s d\u2019ampliaci\u00f3 i de reforma que va suposar la transformaci\u00f3 de l\u2019antiga Escola de Sant Narc\u00eds. Us presentem unes fotografies que il\u00b7lustren els diferents espais i instal\u00b7lacions de qu\u00e8 disposa el nostre centre.<\/span><\/strong><\/p>\n<p>&nbsp;<\/p>\n<\/header>\n<div class=\"entry-content\">\n<p><strong><em>Hall<\/em> d\u2019entrada<\/strong><\/p>\n<hr \/>\n<div class=\"slideshow_container slideshow_container_style-light\" data-slideshow-id=\"304\" data-style-name=\"style-light\" data-style-version=\"2.3.1\" data-slideshow-active=\"1\">\n<div class=\"slideshow_content\">\n<div class=\"slideshow_view\">\n<div class=\"slideshow_slide slideshow_slide_image\">\n<div class=\"slideshow_description_box slideshow_transparent\">\n<div class=\"slideshow_title\" style=\"text-align: justify;\"><em>Hall<\/em> entrada<\/div>\n<\/div>\n<\/div>\n<div style=\"text-align: justify;\"><\/div>\n<\/div>\n<div class=\"slideshow_view\" style=\"text-align: justify;\">\n<div class=\"slideshow_slide slideshow_slide_image\">\n<div class=\"slideshow_description_box slideshow_transparent\">\n<div class=\"slideshow_title\">Entrada principal<\/div>\n<div><\/div>\n<\/div>\n<\/div>\n<\/div>\n<div class=\"slideshow_view slideshow_currentView\" style=\"text-align: justify;\">\n<div><em>Hall<\/em> acc\u00e9s<\/div>\n<div><\/div>\n<\/div>\n<div class=\"slideshow_view\" style=\"text-align: justify;\">\n<div class=\"slideshow_slide slideshow_slide_image\">\n<div class=\"slideshow_description_box slideshow_transparent\">\n<div class=\"slideshow_title\"><em>Acc\u00e9s principal<\/em><\/div>\n<\/div>\n<\/div>\n<div><\/div>\n<\/div>\n<\/div>\n<div class=\"slideshow_button slideshow_next slideshow_transparent\" style=\"text-align: justify;\" tabindex=\"0\" title=\"Seg\u00fcent\" role=\"button\" data-next-text=\"Seg\u00fcent\"><\/div>\n<div style=\"text-align: justify;\" tabindex=\"0\" title=\"Seg\u00fcent\" role=\"button\" data-next-text=\"Seg\u00fcent\"><\/div>\n<\/div>\n<p style=\"text-align: justify;\">L&#8217;EHTG es caracteritza per la seva lluminositat i obertura a l&#8217;exterior. La llum i els espais amigables s\u00f3n unes de les caracter\u00edstiques que defineixen l\u2019arquitectura de les instal\u00b7lacions del centre.<\/p>\n<p>&nbsp;<\/p>\n<p><strong>Sala d\u2019actes<\/strong><\/p>\n<div class=\"slideshow_container slideshow_container_style-light\" data-slideshow-id=\"305\" data-style-name=\"style-light\" data-style-version=\"2.3.1\" data-slideshow-active=\"1\">\n<div class=\"slideshow_content\">\n<div class=\"slideshow_view slideshow_currentView\">\n<div class=\"slideshow_slide slideshow_slide_image\">\n<div class=\"slideshow_description_box slideshow_transparent\"><\/div>\n<\/div>\n<\/div>\n<\/div>\n<\/div>\n<p style=\"text-align: justify;\">La sala d\u2019actes, amb una capacitat per a unes 50 persones i equipada amb instal\u00b7lacions audiovisuals, \u00e9s el lloc on es fan presentacions i activitats de cada curs. Tamb\u00e9 s\u2019organitzen actes institucionals del Departament d\u2019Educaci\u00f3 i altres entitats.<\/p>\n<p>&nbsp;<\/p>\n<p><strong>Aula demostracions<\/strong><\/p>\n<div class=\"slideshow_container slideshow_container_style-light\" data-slideshow-id=\"306\" data-style-name=\"style-light\" data-style-version=\"2.3.1\" data-slideshow-active=\"1\">\n<div class=\"slideshow_content\">\n<div class=\"slideshow_view\">\n<div class=\"slideshow_slide slideshow_slide_image\">\n<div class=\"slideshow_description_box slideshow_transparent\"><\/div>\n<\/div>\n<\/div>\n<\/div>\n<\/div>\n<p>Aquesta aula serveix per fer classes i activitats pr\u00e0ctiques. S&#8217;hi fan tamb\u00e9 demostracions per al nostre alumnat i professorat i per a professionals i empreses del sector.<\/p>\n<p>&nbsp;<\/p>\n<p><strong><span class=\"blanc\">Restaurants i bar<\/span><br \/>\n<\/strong><\/p>\n<hr \/>\n<div class=\"slideshow_container slideshow_container_style-light\" data-slideshow-id=\"308\" data-style-name=\"style-light\" data-style-version=\"2.3.1\" data-slideshow-active=\"1\">\n<div class=\"slideshow_content\">\n<div class=\"slideshow_view\">\n<div class=\"slideshow_slide slideshow_slide_image\">\n<div class=\"slideshow_description_box slideshow_transparent\">\n<div class=\"slideshow_title\">Restaurant pedag\u00f2gic<\/div>\n<\/div>\n<\/div>\n<div><\/div>\n<\/div>\n<div class=\"slideshow_view slideshow_currentView\">\n<div class=\"slideshow_slide slideshow_slide_image\">\n<div class=\"slideshow_description_box slideshow_transparent\">\n<div class=\"slideshow_title\">Restaurant de degustaci\u00f3<\/div>\n<\/div>\n<\/div>\n<div><\/div>\n<\/div>\n<div class=\"slideshow_view\">\n<div class=\"slideshow_slide slideshow_slide_image\">\n<div class=\"slideshow_description_box slideshow_transparent\">\n<div class=\"slideshow_title\">La botiga<\/div>\n<\/div>\n<\/div>\n<\/div>\n<div class=\"slideshow_view\">\n<div class=\"slideshow_slide slideshow_slide_image\">\n<div class=\"slideshow_description_box slideshow_transparent\">\n<div class=\"slideshow_title\"><\/div>\n<\/div>\n<\/div>\n<\/div>\n<div class=\"slideshow_view\">\n<div class=\"slideshow_slide slideshow_slide_image\">\n<div class=\"slideshow_description_box slideshow_transparent\">\n<div class=\"slideshow_title\">El bar-cafeteria<\/div>\n<\/div>\n<\/div>\n<div><\/div>\n<\/div>\n<div class=\"slideshow_view\">\n<div class=\"slideshow_slide slideshow_slide_image\">\n<div class=\"slideshow_description_box slideshow_transparent\">\n<div class=\"slideshow_title\"><\/div>\n<\/div>\n<\/div>\n<\/div>\n<\/div>\n<\/div>\n<p style=\"text-align: justify;\">Les aules restaurant s\u00f3n els espais on l\u2019alumnat dels cicles d\u2019hostaleria realitzen les seves classes pr\u00e0ctiques. El centre disposa de diversos espais de restauraci\u00f3 separats per murs corredors que permeten separar o comunicar els espais. Dos d\u2019aquests restaurants estan oberts al p\u00fablic extern al centre.<\/p>\n<p style=\"text-align: justify;\">El restaurant de degustaci\u00f3 \u00e9s on se serveixen els plats m\u00e9s elaborats. \u00c9s un restaurant amb men\u00fa tancat i temporal i est\u00e0 obert a tothom. S&#8217;hi serveixen \u00fanicament dinars durant el curs acad\u00e8mic.<\/p>\n<p style=\"text-align: justify;\">El restaurant d&#8217;aplicaci\u00f3 tamb\u00e9 obre les seves portes al p\u00fablic extern al centre. S&#8217;hi serveixen \u00fanicament dinars i \u00e9s un restaurant de men\u00fa que canvia setmanalment.<\/p>\n<p style=\"text-align: justify;\">A la botiga fem ofertes de les elaboracions del cicle de pastisseria, i est\u00e0 oberta al p\u00fablic.<\/p>\n<p style=\"text-align: justify;\">La cafeteria-bar no est\u00e0 oberta al p\u00fablic, \u00e9s un espai d&#8217;\u00fas i oferta per a la comunitat educativa del centre.<\/p>\n<p>&nbsp;<\/p>\n<p><strong><span class=\"blanc\">Cuina \u2013 Forneria, pastisseria i confiteria<\/span><\/strong><\/p>\n<hr \/>\n<div class=\"slideshow_container slideshow_container_style-light\" data-slideshow-id=\"309\" data-style-name=\"style-light\" data-style-version=\"2.3.1\" data-slideshow-active=\"1\">\n<div class=\"slideshow_content\">\n<div class=\"slideshow_view\">\n<div class=\"slideshow_slide slideshow_slide_image\">\n<div class=\"slideshow_description_box slideshow_transparent\">\n<div class=\"slideshow_title\">Espais cuina<\/div>\n<\/div>\n<\/div>\n<\/div>\n<div class=\"slideshow_view\">\n<div><\/div>\n<\/div>\n<div class=\"slideshow_view slideshow_currentView\">\n<div class=\"slideshow_slide slideshow_slide_image\">\n<div class=\"slideshow_description_box slideshow_transparent\">\n<div class=\"slideshow_title\">Aula de pastisseria<\/div>\n<\/div>\n<\/div>\n<div><\/div>\n<\/div>\n<div class=\"slideshow_view\">\n<div class=\"slideshow_slide slideshow_slide_image\">\n<div class=\"slideshow_description_box slideshow_transparent\">\n<div class=\"slideshow_title\">Aula de panificaci\u00f3<\/div>\n<\/div>\n<\/div>\n<div><\/div>\n<\/div>\n<\/div>\n<div class=\"slideshow_button slideshow_next slideshow_transparent\" tabindex=\"0\" title=\"Seg\u00fcent\" role=\"button\" data-next-text=\"Seg\u00fcent\"><\/div>\n<\/div>\n<p style=\"text-align: justify;\">L\u2019aula de pastisseria \u00e9s l\u2019espai on es fan les classes pr\u00e0ctiques de pastisseria i confiteria. A l&#8217;aula de panificaci\u00f3 es fan les pr\u00e0ctiques de fleca.<\/p>\n<p style=\"text-align: justify;\">Les cuines ocupen una gran superf\u00edcie. Aquest espai est\u00e0 organitzat en diferents zones:<\/p>\n<ul>\n<li style=\"text-align: justify;\">L\u2019\u00e0rea de preelaboraci\u00f3 d\u2019aliments \u00e9s on es tallen i es preparen els aliments de qu\u00e8 estaran compostos els plats dels restaurants.<\/li>\n<li style=\"text-align: justify;\">L\u2019\u00e0rea de cuina pedag\u00f2gica \u00e9s el lloc on cada alumne t\u00e9 els seus fogons i tot el necessari per a l&#8217;elaboraci\u00f3 dels plats.<\/li>\n<li style=\"text-align: justify;\">L\u2019\u00e0rea de cuina central que funciona com la cuina d\u2019un restaurant, una sola cuina on es treballa en equip.<\/li>\n<li style=\"text-align: justify;\">L\u2019\u00e0rea de cuina de col\u00b7lectivitats \u00e9s l&#8217;espai on es cuina per volums m\u00e9s grans.<\/li>\n<\/ul>\n<p>&nbsp;<\/p>\n<p><strong><span class=\"blanc\">Habitaci\u00f3 d\u2019hotel i bugaderia, aula recepci\u00f3, i de turisme<\/span><\/strong><\/p>\n<div class=\"slideshow_container slideshow_container_style-light\" data-slideshow-id=\"310\" data-style-name=\"style-light\" data-style-version=\"2.3.1\" data-slideshow-active=\"1\">\n<div class=\"slideshow_button slideshow_next slideshow_transparent\" style=\"text-align: justify;\" tabindex=\"0\" title=\"Seg\u00fcent\" role=\"button\" data-next-text=\"Seg\u00fcent\"><\/div>\n<\/div>\n<p style=\"text-align: justify;\">L\u2019aula bugaderia \u00e9s l\u2019espai on es fan pr\u00e0ctiques de rentat i planxat de la roba per hotels i restaurants.<\/p>\n<p style=\"text-align: justify;\">A l&#8217;habitaci\u00f3, aprenem la preparaci\u00f3 i la realitzaci\u00f3 de la neteja d\u2019una habitaci\u00f3 d\u2019hotel.<\/p>\n<\/div>\n<p>&nbsp;<\/p>\n<p>&nbsp;<\/p>\n","protected":false},"excerpt":{"rendered":"<p>Amb la inauguraci\u00f3 de la nova Escola per part del President de la Generalitat el setembre del 1992, es tanca l\u2019important proc\u00e9s d\u2019ampliaci\u00f3 i de reforma que va suposar la transformaci\u00f3 de l\u2019antiga Escola de Sant Narc\u00eds. Us presentem unes fotografies que il\u00b7lustren els diferents&hellip;  <a href=\"https:\/\/agora.xtec.cat\/ehtg\/instal%c2%b7lacions\/\" title=\"Read Instal\u00b7lacions\">Llegeix m\u00e9s\u00bb<\/a><\/p>\n","protected":false},"author":1,"featured_media":0,"parent":0,"menu_order":30,"comment_status":"closed","ping_status":"closed","template":"","meta":{"_bbp_topic_count":0,"_bbp_reply_count":0,"_bbp_total_topic_count":0,"_bbp_total_reply_count":0,"_bbp_voice_count":0,"_bbp_anonymous_reply_count":0,"_bbp_topic_count_hidden":0,"_bbp_reply_count_hidden":0,"_bbp_forum_subforum_count":0,"footnotes":""},"class_list":["post-39","page","type-page","status-publish","hentry"],"post_mailing_queue_ids":[],"_links":{"self":[{"href":"https:\/\/agora.xtec.cat\/ehtg\/wp-json\/wp\/v2\/pages\/39","targetHints":{"allow":["GET"]}}],"collection":[{"href":"https:\/\/agora.xtec.cat\/ehtg\/wp-json\/wp\/v2\/pages"}],"about":[{"href":"https:\/\/agora.xtec.cat\/ehtg\/wp-json\/wp\/v2\/types\/page"}],"author":[{"embeddable":true,"href":"https:\/\/agora.xtec.cat\/ehtg\/wp-json\/wp\/v2\/users\/1"}],"replies":[{"embeddable":true,"href":"https:\/\/agora.xtec.cat\/ehtg\/wp-json\/wp\/v2\/comments?post=39"}],"version-history":[{"count":5,"href":"https:\/\/agora.xtec.cat\/ehtg\/wp-json\/wp\/v2\/pages\/39\/revisions"}],"predecessor-version":[{"id":4408,"href":"https:\/\/agora.xtec.cat\/ehtg\/wp-json\/wp\/v2\/pages\/39\/revisions\/4408"}],"wp:attachment":[{"href":"https:\/\/agora.xtec.cat\/ehtg\/wp-json\/wp\/v2\/media?parent=39"}],"curies":[{"name":"wp","href":"https:\/\/api.w.org\/{rel}","templated":true}]}}