{"id":3684,"date":"2023-03-14T11:56:39","date_gmt":"2023-03-14T10:56:39","guid":{"rendered":"https:\/\/agora.xtec.cat\/ehtg\/?page_id=3684"},"modified":"2023-10-21T17:12:22","modified_gmt":"2023-10-21T15:12:22","slug":"catskills","status":"publish","type":"page","link":"https:\/\/agora.xtec.cat\/ehtg\/catskills\/","title":{"rendered":"CATSKILLS"},"content":{"rendered":"<header class=\"entry-header\">\n<h4><\/h4>\n<h4><a href=\"https:\/\/projectes.xtec.cat\/catskills\/\" target=\"_blank\" rel=\"noopener\"><img loading=\"lazy\" decoding=\"async\" class=\"aligncenter\" src=\"https:\/\/projectes.xtec.cat\/catskills\/wp-content\/uploads\/usu2057\/2020\/04\/Catskillscolor.png\" alt=\"\" width=\"134\" height=\"103\" \/><\/a><\/h4>\n<h4><\/h4>\n<h4 class=\"entry-title\" style=\"text-align: center;\"><span style=\"font-size: 1.4375em;\">En qu\u00e8 consisteix?<\/span><\/h4>\n<\/header>\n<div class=\"entry-content\">\n<p style=\"text-align: center;\">El campionat de Catalunya de formaci\u00f3 professional, que se celebra cada dos anys, permet mostrar les habilitats i les compet\u00e8ncies professionals dels alumnes que hi participen. Les proves estan inspirades en les descripcions t\u00e8cniques que regeixen la competici\u00f3 internacional WorldSkills Competition.<\/p>\n<p style=\"text-align: center;\"><strong>VIDEO DE DIFUSI\u00d3 DEL PROGRAMA CATSKILLS<\/strong><\/p>\n<p style=\"text-align: center;\"><a href=\"https:\/\/drive.google.com\/file\/d\/19_yI-9N0wt3FIKpBEtEbozjxBlqjoxS7\/view\">Enlla\u00e7<\/a><\/p>\n<h4 style=\"text-align: center;\">Objectius<\/h4>\n<ul style=\"text-align: center;\">\n<li>Promoure l\u2019alta qualitat dels estudis de formaci\u00f3 professional que es duen a terme a diferents centres educatius del territori.<\/li>\n<li>Impulsar, promoure i prestigiar la formaci\u00f3 professional.<\/li>\n<li>Crear xarxes de col\u00b7laboraci\u00f3, entre els centres, el professorat participant i les empreses del sector.<\/li>\n<\/ul>\n<p style=\"text-align: center;\">El progr\u00e9s econ\u00f2mic d\u2019una regi\u00f3 est\u00e0 \u00edntimament lligat a la formaci\u00f3 de la seva poblaci\u00f3 activa. El jovent que es vol introduir en el m\u00f3n laboral ha de saber donar resposta a la necessitat empresarial del seu territori; \u00e9s per aix\u00f2 que empreses i autoritats educatives han de treballar conjuntament a fi d\u2019ajudar al progr\u00e9s econ\u00f2mic del territori.<\/p>\n<p style=\"text-align: center;\"><strong>Qui pot organitzar les competicions Catskills?<\/strong><\/p>\n<p style=\"text-align: center;\">Els centres educatius p\u00fablics depenents del Departament d\u2019Educaci\u00f3. Les proves s\u00f3n organitzades per un docent proposat pel centre educatiu i designat per la\u00a0 Direcci\u00f3 General de Formaci\u00f3 Professional.<\/p>\n<h4 style=\"text-align: center;\">Qui pot participar-hi?<\/h4>\n<p style=\"text-align: center;\">Els alumnes matriculats en cicles formatius de formaci\u00f3 professional de Catalunya (cada prova t\u00e9 un requisit d\u2019edat que s\u2019especifica a la directriu t\u00e8cnica corresponent).<\/p>\n<h4 style=\"text-align: center;\">Qu\u00e8 cal fer per inscriure-s\u2019hi?<\/h4>\n<p style=\"text-align: center;\">Els centres de formaci\u00f3 professional poden inscriure els competidors\/es per professi\u00f3\/modalitat d\u2019skill emplenant el formulari en l\u00ednia quan la inscripci\u00f3 est\u00e0 oberta.<\/p>\n<p>&nbsp;<\/p>\n<h4 style=\"text-align: center;\">Normativa<\/h4>\n<p style=\"text-align: center;\"><a href=\"https:\/\/dogc.gencat.cat\/ca\/pdogc_canals_interns\/pdogc_resultats_fitxa\/?action=fitxa&amp;documentId=763141&amp;language=ca_ES\" target=\"_blank\" rel=\"noopener noreferrer\">Resoluci\u00f3 ENS\/2481\/2016, de 27 d\u2019octubre<\/a>,<br \/>\nper la qual es crea el Programa d\u2019innovaci\u00f3 \u201cCampionat de Catalunya de la Formaci\u00f3 Professional i proves t\u00e8cniques de les olimp\u00edades d\u2019FP Skills\u201d (DOGC n\u00fam. 7243, de 9.11.2016)<\/p>\n<\/div>\n","protected":false},"excerpt":{"rendered":"<p><a href=\"https:\/\/projectes.xtec.cat\/catskills\/\" target=\"_blank\" rel=\"noopener\"><\/a><\/p>\n<p>En qu\u00e8 consisteix?<\/p>\n<p>El campionat de Catalunya de formaci\u00f3 professional, que se celebra cada dos anys, permet mostrar les habilitats i les compet\u00e8ncies professionals dels alumnes que hi participen. Les proves estan inspirades en les descripcions t\u00e8cniques que regeixen la competici\u00f3 internacional WorldSkills&hellip;  <a href=\"https:\/\/agora.xtec.cat\/ehtg\/catskills\/\" title=\"Read CATSKILLS\">Llegeix m\u00e9s\u00bb<\/a><\/p>\n","protected":false},"author":1,"featured_media":0,"parent":0,"menu_order":0,"comment_status":"closed","ping_status":"closed","template":"","meta":{"_bbp_topic_count":0,"_bbp_reply_count":0,"_bbp_total_topic_count":0,"_bbp_total_reply_count":0,"_bbp_voice_count":0,"_bbp_anonymous_reply_count":0,"_bbp_topic_count_hidden":0,"_bbp_reply_count_hidden":0,"_bbp_forum_subforum_count":0,"footnotes":""},"class_list":["post-3684","page","type-page","status-publish","hentry"],"post_mailing_queue_ids":[],"_links":{"self":[{"href":"https:\/\/agora.xtec.cat\/ehtg\/wp-json\/wp\/v2\/pages\/3684","targetHints":{"allow":["GET"]}}],"collection":[{"href":"https:\/\/agora.xtec.cat\/ehtg\/wp-json\/wp\/v2\/pages"}],"about":[{"href":"https:\/\/agora.xtec.cat\/ehtg\/wp-json\/wp\/v2\/types\/page"}],"author":[{"embeddable":true,"href":"https:\/\/agora.xtec.cat\/ehtg\/wp-json\/wp\/v2\/users\/1"}],"replies":[{"embeddable":true,"href":"https:\/\/agora.xtec.cat\/ehtg\/wp-json\/wp\/v2\/comments?post=3684"}],"version-history":[{"count":3,"href":"https:\/\/agora.xtec.cat\/ehtg\/wp-json\/wp\/v2\/pages\/3684\/revisions"}],"predecessor-version":[{"id":3688,"href":"https:\/\/agora.xtec.cat\/ehtg\/wp-json\/wp\/v2\/pages\/3684\/revisions\/3688"}],"wp:attachment":[{"href":"https:\/\/agora.xtec.cat\/ehtg\/wp-json\/wp\/v2\/media?parent=3684"}],"curies":[{"name":"wp","href":"https:\/\/api.w.org\/{rel}","templated":true}]}}