{"id":3672,"date":"2023-03-09T08:35:14","date_gmt":"2023-03-09T07:35:14","guid":{"rendered":"https:\/\/agora.xtec.cat\/ehtg\/?page_id=3672"},"modified":"2023-10-21T17:13:27","modified_gmt":"2023-10-21T15:13:27","slug":"dones-emprenedores","status":"publish","type":"page","link":"https:\/\/agora.xtec.cat\/ehtg\/dones-emprenedores\/","title":{"rendered":"Dones emprenedores"},"content":{"rendered":"<p>En aquesta secci\u00f3 deixem const\u00e0ncia de la petjada de les dones que emprenen en el sector de l&#8217;hostaleria i el turisme a trav\u00e9s d&#8217;un recull d&#8217;entrevistes.<\/p>\n<p>Entrevista a Natalya Prokopenko de la pastisseria Pralin\u00e9<\/p>\n<p><iframe loading=\"lazy\" title=\"Entrevista a Natalya Prokopenko\" width=\"500\" height=\"281\" src=\"https:\/\/www.youtube.com\/embed\/Ht0Gx30zawg?feature=oembed\" frameborder=\"0\" allow=\"accelerometer; autoplay; clipboard-write; encrypted-media; gyroscope; picture-in-picture; web-share\" referrerpolicy=\"strict-origin-when-cross-origin\" allowfullscreen><\/iframe><\/p>\n<p>Entrevista a Anna Payet de l&#8217;Hotel Casa Cacao<\/p>\n<p><iframe loading=\"lazy\" title=\"Entrevista Anna Payet\" width=\"500\" height=\"281\" src=\"https:\/\/www.youtube.com\/embed\/hZm8JY0UHGs?feature=oembed\" frameborder=\"0\" allow=\"accelerometer; autoplay; clipboard-write; encrypted-media; gyroscope; picture-in-picture; web-share\" referrerpolicy=\"strict-origin-when-cross-origin\" allowfullscreen><\/iframe><\/p>\n<p>Entrevista a Carme Picas del c\u00e0tering El Ginjoler<\/p>\n<p><iframe loading=\"lazy\" title=\"Entrevista Carme Picas\" width=\"500\" height=\"281\" src=\"https:\/\/www.youtube.com\/embed\/6jEuACJGUT0?feature=oembed\" frameborder=\"0\" allow=\"accelerometer; autoplay; clipboard-write; encrypted-media; gyroscope; picture-in-picture; web-share\" referrerpolicy=\"strict-origin-when-cross-origin\" allowfullscreen><\/iframe><\/p>\n<p>Entrevista a Laura Tejero del restaurant Divinium<\/p>\n<p><iframe loading=\"lazy\" title=\"Entrevista a la Sra. Laura Tejero del Restaurant Divinium\" width=\"500\" height=\"281\" src=\"https:\/\/www.youtube.com\/embed\/sxxZXOtmVtM?feature=oembed\" frameborder=\"0\" allow=\"accelerometer; autoplay; clipboard-write; encrypted-media; gyroscope; picture-in-picture; web-share\" referrerpolicy=\"strict-origin-when-cross-origin\" allowfullscreen><\/iframe><\/p>\n<p>&nbsp;<\/p>\n","protected":false},"excerpt":{"rendered":"<p>En aquesta secci\u00f3 deixem const\u00e0ncia de la petjada de les dones que emprenen en el sector de l&#8217;hostaleria i el turisme a trav\u00e9s d&#8217;un recull d&#8217;entrevistes.<br \/>\nEntrevista a Natalya Prokopenko de la pastisseria Pralin\u00e9<\/p>\n<p>Entrevista a Anna Payet de l&#8217;Hotel Casa Cacao<\/p>\n<p>Entrevista a Carme Picas del c\u00e0tering&hellip;  <a href=\"https:\/\/agora.xtec.cat\/ehtg\/dones-emprenedores\/\" title=\"Read Dones emprenedores\">Llegeix m\u00e9s\u00bb<\/a><\/p>\n","protected":false},"author":1,"featured_media":0,"parent":0,"menu_order":0,"comment_status":"closed","ping_status":"closed","template":"","meta":{"_bbp_topic_count":0,"_bbp_reply_count":0,"_bbp_total_topic_count":0,"_bbp_total_reply_count":0,"_bbp_voice_count":0,"_bbp_anonymous_reply_count":0,"_bbp_topic_count_hidden":0,"_bbp_reply_count_hidden":0,"_bbp_forum_subforum_count":0,"footnotes":""},"class_list":["post-3672","page","type-page","status-publish","hentry"],"post_mailing_queue_ids":[],"_links":{"self":[{"href":"https:\/\/agora.xtec.cat\/ehtg\/wp-json\/wp\/v2\/pages\/3672","targetHints":{"allow":["GET"]}}],"collection":[{"href":"https:\/\/agora.xtec.cat\/ehtg\/wp-json\/wp\/v2\/pages"}],"about":[{"href":"https:\/\/agora.xtec.cat\/ehtg\/wp-json\/wp\/v2\/types\/page"}],"author":[{"embeddable":true,"href":"https:\/\/agora.xtec.cat\/ehtg\/wp-json\/wp\/v2\/users\/1"}],"replies":[{"embeddable":true,"href":"https:\/\/agora.xtec.cat\/ehtg\/wp-json\/wp\/v2\/comments?post=3672"}],"version-history":[{"count":3,"href":"https:\/\/agora.xtec.cat\/ehtg\/wp-json\/wp\/v2\/pages\/3672\/revisions"}],"predecessor-version":[{"id":3691,"href":"https:\/\/agora.xtec.cat\/ehtg\/wp-json\/wp\/v2\/pages\/3672\/revisions\/3691"}],"wp:attachment":[{"href":"https:\/\/agora.xtec.cat\/ehtg\/wp-json\/wp\/v2\/media?parent=3672"}],"curies":[{"name":"wp","href":"https:\/\/api.w.org\/{rel}","templated":true}]}}