{"id":3465,"date":"2023-01-16T08:44:56","date_gmt":"2023-01-16T07:44:56","guid":{"rendered":"https:\/\/agora.xtec.cat\/ehtg\/?page_id=3465"},"modified":"2023-10-22T10:25:02","modified_gmt":"2023-10-22T08:25:02","slug":"antics-alumnes-ehtg","status":"publish","type":"page","link":"https:\/\/agora.xtec.cat\/ehtg\/antics-alumnes-ehtg\/","title":{"rendered":"Antics Alumnes EHTG"},"content":{"rendered":"<p>Tot l&#8217;alumnat de la nostra Escola passa a formar part de l\u2019Associaci\u00f3 d\u2019Antics Alumnes de l\u2019EHTG, un cop finalitzada l&#8217;estada al centre.<\/p>\n<p>L\u2019Associaci\u00f3 d\u2019antics alumnes de la nostra Escola es va crear per tal de mantenir el contacte entre les diferents persones que han passat pel nostre centre.<\/p>\n<p>Ens podeu trobar a: <a href=\"aanticsalumnes@ehtg.com\">aanticsalumnes<span class=\"\">@ehtg<\/span>.com<\/a><\/p>\n<p>Un dels actes m\u00e9s importants i entranyable de l\u2019Associaci\u00f3, \u00e9s el dinar d\u2019antics alumnes, que es fa anualment, al voltant de finals de gener.<\/p>\n<p>Si ets antic alumnat de l\u2019Escola i no reps cap comunicaci\u00f3 nostre, pots clicar el seguen enlla\u00e7 i omplir el formulari amb les teves dades personals, i us mantindrem al dia de totes les novetats en relaci\u00f3 a les activitats que fem l\u2019Associaci\u00f3 d\u2019antics alumnes.<\/p>\n<p><a href=\"https:\/\/docs.google.com\/forms\/d\/e\/1FAIpQLSffh2sxNz14JDOE48yp7JSPFf6zvEvp6TGy9naPncWUAJfwQg\/viewform?usp=share_link\">ENLLA\u00c7 DEL FORMULARI<\/a><\/p>\n<p style=\"text-align: center;\"><b>Antics alumnes de l&#8217;EHTG<\/b><\/p>\n<div style=\"text-align: center;\"><a href=\"aanticsalumnes@ehtg.com\">aanticsalumnes<span class=\"\">@ehtg<\/span>.com<\/a><\/div>\n<div><\/div>\n<div>Girona, 16 de gener del 23<\/div>\n<div>\n<div><\/div>\n<\/div>\n","protected":false},"excerpt":{"rendered":"<p>Tot l&#8217;alumnat de la nostra Escola passa a formar part de l\u2019Associaci\u00f3 d\u2019Antics Alumnes de l\u2019EHTG, un cop finalitzada l&#8217;estada al centre.<br \/>\nL\u2019Associaci\u00f3 d\u2019antics alumnes de la nostra Escola es va crear per tal de mantenir el contacte entre les diferents persones que han passat pel&hellip;  <a href=\"https:\/\/agora.xtec.cat\/ehtg\/antics-alumnes-ehtg\/\" title=\"Read Antics Alumnes EHTG\">Llegeix m\u00e9s\u00bb<\/a><\/p>\n","protected":false},"author":1,"featured_media":0,"parent":0,"menu_order":0,"comment_status":"closed","ping_status":"closed","template":"","meta":{"_bbp_topic_count":0,"_bbp_reply_count":0,"_bbp_total_topic_count":0,"_bbp_total_reply_count":0,"_bbp_voice_count":0,"_bbp_anonymous_reply_count":0,"_bbp_topic_count_hidden":0,"_bbp_reply_count_hidden":0,"_bbp_forum_subforum_count":0,"footnotes":""},"class_list":["post-3465","page","type-page","status-publish","hentry"],"post_mailing_queue_ids":[],"_links":{"self":[{"href":"https:\/\/agora.xtec.cat\/ehtg\/wp-json\/wp\/v2\/pages\/3465","targetHints":{"allow":["GET"]}}],"collection":[{"href":"https:\/\/agora.xtec.cat\/ehtg\/wp-json\/wp\/v2\/pages"}],"about":[{"href":"https:\/\/agora.xtec.cat\/ehtg\/wp-json\/wp\/v2\/types\/page"}],"author":[{"embeddable":true,"href":"https:\/\/agora.xtec.cat\/ehtg\/wp-json\/wp\/v2\/users\/1"}],"replies":[{"embeddable":true,"href":"https:\/\/agora.xtec.cat\/ehtg\/wp-json\/wp\/v2\/comments?post=3465"}],"version-history":[{"count":3,"href":"https:\/\/agora.xtec.cat\/ehtg\/wp-json\/wp\/v2\/pages\/3465\/revisions"}],"predecessor-version":[{"id":3472,"href":"https:\/\/agora.xtec.cat\/ehtg\/wp-json\/wp\/v2\/pages\/3465\/revisions\/3472"}],"wp:attachment":[{"href":"https:\/\/agora.xtec.cat\/ehtg\/wp-json\/wp\/v2\/media?parent=3465"}],"curies":[{"name":"wp","href":"https:\/\/api.w.org\/{rel}","templated":true}]}}