{"id":2920,"date":"2022-09-12T14:19:37","date_gmt":"2022-09-12T12:19:37","guid":{"rendered":"https:\/\/agora.xtec.cat\/ehtg\/?page_id=2920"},"modified":"2023-10-07T13:26:00","modified_gmt":"2023-10-07T11:26:00","slug":"restaurants-3","status":"publish","type":"page","link":"https:\/\/agora.xtec.cat\/ehtg\/restaurants-3\/","title":{"rendered":"Restaurants"},"content":{"rendered":"<h3 style=\"text-align: center;\"><span style=\"color: #ff9900;\"><strong>Pour r\u00e9server, t\u00e9l\u00e9phone au 972 22 01 22<\/strong><\/span><\/h3>\n<p>&nbsp;<\/p>\n<p style=\"text-align: justify;\"><strong>Nos espaces de restaurant sont des salles d&#8217;application, o\u00f9 nos \u00e9tudiants r\u00e9alisent de practiques r\u00e9els. C&#8217;est une opportunit\u00e9 unique, mais elle nous limite aussi \u00e0 unes heures sp\u00e9cifiques. C&#8217;est pour cette raison que nous demandons ponctualit\u00e9, et\/ou de patience en cas de ne pas pouvoir acc\u00e9der \u00e0 notre offre en cas de retard. \u00c9galement, nous demandons un d\u00e9part avant 16 h.<\/strong><\/p>\n<p style=\"text-align: justify;\">Heure d&#8217;entr\u00e9e: de 13 h jusqu&#8217;\u00e0 14 h. <strong>Uniquement \u00e0 midi.<\/strong><\/p>\n<p style=\"text-align: justify;\">Du lundi au vendredi, les jours de classe. Ferm\u00e9 pendant les vacances scolaires ou les jours f\u00e9ri\u00e9s.<\/p>\n<p style=\"text-align: justify;\">Merci de votre compr\u00e9hension.<\/p>\n<p>&nbsp;<\/p>\n<h5>Notre offre<\/h5>\n<div class=\"text mb15\">\n<p style=\"text-align: justify;\">Un <strong>menu d\u00e9gustation<\/strong>, compos\u00e9 de plats issus d&#8217;une s\u00e9rie de menus th\u00e9matiques qui changent pendant l&#8217;ann\u00e9e scolaire.<\/p>\n<p style=\"text-align: justify;\">Ce menu pr\u00e9par\u00e9 par les \u00e9l\u00e8ves et professeurs de l&#8217;\u00c9cole se compose de: amuse-gueule, entr\u00e9e froide, entr\u00e9e chaude, poisson, viande, pr\u00e9-dessert, dessert, caf\u00e9 ou infusion et petits fours.<\/p>\n<table style=\"width: 100%; border-collapse: collapse; border-color: #000000; border-style: solid; background-color: #90d3f0;\">\n<tbody>\n<tr>\n<td style=\"width: 50%; text-align: center;\">Prix<\/td>\n<td style=\"width: 50%; text-align: center;\">Format<\/td>\n<\/tr>\n<tr>\n<td style=\"width: 50%; text-align: center;\">35\u20ac (TVA incluse)<\/td>\n<td style=\"width: 50%; text-align: center;\">Menu avec vin mariage<\/td>\n<\/tr>\n<tr>\n<td style=\"width: 50%; text-align: center;\">30\u20ac (TVA incluse)<\/td>\n<td style=\"width: 50%; text-align: center;\">Menu sans vins<\/td>\n<\/tr>\n<\/tbody>\n<\/table>\n<p>Un <strong>menu du jour<\/strong>, compos\u00e9 de plats catalans, qui change toutes les semaines.<\/p>\n<p>Ce menu pr\u00e9par\u00e9 par les \u00e9l\u00e8ves et professeurs de l&#8217;\u00c9cole se compose de: amuse-gueule, entr\u00e9e au choix, deuxi\u00e8me plat au choix et dessert, pain, de l&#8217;eau, verre de vin ou bi\u00e8re et caf\u00e9.<\/p>\n<table style=\"width: 100%; border-collapse: collapse; border-color: #000000; border-style: solid; background-color: #90d3f0;\">\n<tbody>\n<tr>\n<td style=\"width: 50%; text-align: center;\">Prix<\/td>\n<td style=\"width: 50%; text-align: center;\">Format<\/td>\n<\/tr>\n<tr>\n<td style=\"width: 50%; text-align: center;\">15\u20ac (TVA incluse)<\/td>\n<td style=\"width: 50%; text-align: center;\">Menu avec de l&#8217;eau, caf\u00e9 et verre de vin ou bi\u00e8re<\/td>\n<\/tr>\n<\/tbody>\n<\/table>\n<\/div>\n<p>&nbsp;<\/p>\n<p style=\"text-align: justify;\">L\u2019\u00c9cole respecte les r\u00e8gles de s\u00e9curit\u00e9 alimentaire indiqu\u00e9es ci-dessous.<\/p>\n<p style=\"text-align: justify;\">1. R\u00e8glement (CE) n\u00ba 852\/2004 du Parlement Europ\u00e9en et du Conseil sur l&#8217;hygi\u00e8ne des produits alimentaires.<\/p>\n<p style=\"text-align: justify;\">2. R\u00e8glement (CE) n\u00ba 1169\/2011 sur la information alimentaire fournie au consommateur.<\/p>\n<p style=\"text-align: justify;\">3. R\u00e8glement (CE) n\u00ba 853\/2004 du Parlement Europ\u00e9en et du Conseil et D\u00e9cret Royal n\u00ba 1420\/2006 sur la pr\u00e9vention de la parasitose par anisakis en produits de la p\u00eache fournis par les \u00e9tablissements au consommateur final.<\/p>\n<p style=\"text-align: justify;\">4. D\u00e9cret Royal 140\/2003, du 7 f\u00e9vrier, qui \u00e9tablit les crit\u00e8res sanitaires de qualit\u00e9 de l&#8217;eau potable.<\/p>\n<p style=\"text-align: justify;\">5. Loi 3\/2020, du 11 mars, de p\u00e9vention des pertes et le gaspillage alimentaires.<\/p>\n<p>&nbsp;<\/p>\n","protected":false},"excerpt":{"rendered":"<p>Pour r\u00e9server, t\u00e9l\u00e9phone au 972 22 01 22<br \/>\n&nbsp;<br \/>\nNos espaces de restaurant sont des salles d&#8217;application, o\u00f9 nos \u00e9tudiants r\u00e9alisent de practiques r\u00e9els. C&#8217;est une opportunit\u00e9 unique, mais elle nous limite aussi \u00e0 unes heures sp\u00e9cifiques. C&#8217;est pour cette raison que nous demandons ponctualit\u00e9, et\/ou de&hellip;  <a href=\"https:\/\/agora.xtec.cat\/ehtg\/restaurants-3\/\" title=\"Read Restaurants\">Llegeix m\u00e9s\u00bb<\/a><\/p>\n","protected":false},"author":1,"featured_media":0,"parent":0,"menu_order":0,"comment_status":"closed","ping_status":"closed","template":"","meta":{"_bbp_topic_count":0,"_bbp_reply_count":0,"_bbp_total_topic_count":0,"_bbp_total_reply_count":0,"_bbp_voice_count":0,"_bbp_anonymous_reply_count":0,"_bbp_topic_count_hidden":0,"_bbp_reply_count_hidden":0,"_bbp_forum_subforum_count":0,"footnotes":""},"class_list":["post-2920","page","type-page","status-publish","hentry"],"post_mailing_queue_ids":[],"_links":{"self":[{"href":"https:\/\/agora.xtec.cat\/ehtg\/wp-json\/wp\/v2\/pages\/2920","targetHints":{"allow":["GET"]}}],"collection":[{"href":"https:\/\/agora.xtec.cat\/ehtg\/wp-json\/wp\/v2\/pages"}],"about":[{"href":"https:\/\/agora.xtec.cat\/ehtg\/wp-json\/wp\/v2\/types\/page"}],"author":[{"embeddable":true,"href":"https:\/\/agora.xtec.cat\/ehtg\/wp-json\/wp\/v2\/users\/1"}],"replies":[{"embeddable":true,"href":"https:\/\/agora.xtec.cat\/ehtg\/wp-json\/wp\/v2\/comments?post=2920"}],"version-history":[{"count":4,"href":"https:\/\/agora.xtec.cat\/ehtg\/wp-json\/wp\/v2\/pages\/2920\/revisions"}],"predecessor-version":[{"id":4014,"href":"https:\/\/agora.xtec.cat\/ehtg\/wp-json\/wp\/v2\/pages\/2920\/revisions\/4014"}],"wp:attachment":[{"href":"https:\/\/agora.xtec.cat\/ehtg\/wp-json\/wp\/v2\/media?parent=2920"}],"curies":[{"name":"wp","href":"https:\/\/api.w.org\/{rel}","templated":true}]}}