{"id":2869,"date":"2022-07-12T09:53:52","date_gmt":"2022-07-12T07:53:52","guid":{"rendered":"https:\/\/agora.xtec.cat\/ehtg\/?page_id=2869"},"modified":"2025-06-18T09:13:25","modified_gmt":"2025-06-18T07:13:25","slug":"ife-auxiliar-en-serveis-de-restauracio-i-elaboracio-dapats","status":"publish","type":"page","link":"https:\/\/agora.xtec.cat\/ehtg\/ife-auxiliar-en-serveis-de-restauracio-i-elaboracio-dapats\/","title":{"rendered":"IFE Auxiliar en Serveis de Restauraci\u00f3 i Elaboraci\u00f3 d&#8217;\u00c0pats"},"content":{"rendered":"<div class=\"NG-menu__wrapper_title\" role=\"main\">\n<h4><\/h4>\n<\/div>\n<p style=\"text-align: center;\"><a class=\"button small\" style=\"width: 250px; padding: 1em; font-weight: absolute; margin: 0.1em; color: #0a0a0a; background-color: transparent; border: 3px solid #0a0a0a;\" href=\"https:\/\/agora.xtec.cat\/ehtg\/beques\/\" target=\"_blank\" rel=\"noopener noreferrer\">BEQUES<\/a> <a class=\"button small\" style=\"width: 250px; padding: 1em; font-weight: absolute; margin: 0.1em; color: #0a0a0a; background-color: transparent; border: 3px solid #0a0a0a;\" href=\"https:\/\/docs.google.com\/spreadsheets\/d\/1qA_HnU_OzfFuwcG5rjByVo6sEqTDqq6jpGCnf3SJGEU\/edit?usp=sharing\" target=\"_blank\" rel=\"noopener noreferrer\">CALENDARI CURS<\/a> \u00a0<a class=\"button small\" style=\"width: 250px; padding: 1em; font-weight: absolute; margin: 0.1em; color: #0a0a0a; background-color: transparent; border: 3px solid #0a0a0a;\" href=\"https:\/\/agora.xtec.cat\/ehtg\/matricula-ife\/\" target=\"_blank\" rel=\"noopener noreferrer\">MATRICULA<\/a> <a class=\"button small\" style=\"width: 250px; padding: 1em; font-weight: absolute; margin: 0.1em; color: #0a0a0a; background-color: transparent; border: 3px solid #0a0a0a;\" href=\"https:\/\/agora.xtec.cat\/ehtg\/preinscripcio-ife\/\">PREINSCRIPCI\u00d3<\/a> <a class=\"button small\" style=\"width: 250px; padding: 1em; font-weight: absolute; margin: 0.1em; color: #0a0a0a; background-color: transparent; border: 3px solid #0a0a0a;\" href=\"https:\/\/agora.xtec.cat\/ehtg\/tramits\/\" target=\"_blank\" rel=\"noopener noreferrer\">TR\u00c0MITS<\/a><\/p>\n<div class=\"NG-menu__wrapper_title\" role=\"main\">\n<h4><\/h4>\n<h3 class=\"NG-menu__title\" style=\"text-align: center;\"><a href=\"https:\/\/drive.google.com\/file\/d\/1GYQ1JsahcUqHOLLQv9buTPBNQ_Tb0vnV\/view?usp=sharing\" target=\"_blank\" rel=\"noopener\">Auxiliar en Serveis de Restauraci\u00f3 i Elaboraci\u00f3 d&#8217;\u00c0pats<\/a><\/h3>\n<\/div>\n<p style=\"text-align: center;\">\u00a0 \u00a0 \u00a0 \u00a0 \u00a0 \u00a0 \u00a0 \u00a0 \u00a0 \u00a0 \u00a0 \u00a0 \u00a0 \u00a0 \u00a0 \u00a0<a href=\"https:\/\/triaeducativa.gencat.cat\/ca\/fp\/ife\/itineraris\/auxiliar-serveis-restauracio-elaboracio-apats\/\" target=\"_blank\" rel=\"noopener\"><img loading=\"lazy\" decoding=\"async\" class=\"alignleft\" src=\"https:\/\/triaeducativa.gencat.cat\/.content\/icones\/fitxes\/icones-fitxes\/IFE-AuxiliarServeisRestauracioElaboracioApats.png?__scale=w:200,h:150,t:4\" width=\"251\" height=\"188\" \/><\/a><\/p>\n<p>Aquests estudis preparen per dur a terme tasques auxiliars en la producci\u00f3 culin\u00e0ria, el servei i la venda en restauraci\u00f3, seguint normes de seguretat i sostenibilitat. Tamb\u00e9 potencien la comunicaci\u00f3, l\u2019autonomia i la participaci\u00f3 en activitats comunit\u00e0ries.<\/p>\n<h4 style=\"text-align: left;\"><a href=\"https:\/\/triaeducativa.gencat.cat\/ca\/fp\/ife\/itineraris\/auxiliar-serveis-restauracio-elaboracio-apats\/\" target=\"_blank\" rel=\"noopener\">Informaci\u00f3 sobre la formaci\u00f3 IFE<\/a><\/h4>\n<p>&nbsp;<\/p>\n","protected":false},"excerpt":{"rendered":"<p><a class=\"button small\" style=\"width: 250px; padding: 1em; font-weight: absolute; margin: 0.1em; color: #0a0a0a; background-color: transparent; border: 3px solid #0a0a0a;\" href=\"https:\/\/agora.xtec.cat\/ehtg\/beques\/\" target=\"_blank\" rel=\"noopener noreferrer\">BEQUES<\/a> <a class=\"button small\" style=\"width: 250px; padding: 1em; font-weight: absolute; margin: 0.1em; color: #0a0a0a; background-color: transparent; border: 3px solid #0a0a0a;\" href=\"https:\/\/docs.google.com\/spreadsheets\/d\/1qA_HnU_OzfFuwcG5rjByVo6sEqTDqq6jpGCnf3SJGEU\/edit?usp=sharing\" target=\"_blank\" rel=\"noopener&hellip;  <a href=\"https:\/\/agora.xtec.cat\/ehtg\/ife-auxiliar-en-serveis-de-restauracio-i-elaboracio-dapats\/\" title=\"Read IFE Auxiliar en Serveis de Restauraci\u00f3 i Elaboraci\u00f3 d&#8217;\u00c0pats\">Llegeix m\u00e9s\u00bb<\/a><\/p>\n","protected":false},"author":1,"featured_media":0,"parent":0,"menu_order":0,"comment_status":"closed","ping_status":"closed","template":"","meta":{"_bbp_topic_count":0,"_bbp_reply_count":0,"_bbp_total_topic_count":0,"_bbp_total_reply_count":0,"_bbp_voice_count":0,"_bbp_anonymous_reply_count":0,"_bbp_topic_count_hidden":0,"_bbp_reply_count_hidden":0,"_bbp_forum_subforum_count":0,"footnotes":""},"class_list":["post-2869","page","type-page","status-publish","hentry"],"post_mailing_queue_ids":[],"_links":{"self":[{"href":"https:\/\/agora.xtec.cat\/ehtg\/wp-json\/wp\/v2\/pages\/2869","targetHints":{"allow":["GET"]}}],"collection":[{"href":"https:\/\/agora.xtec.cat\/ehtg\/wp-json\/wp\/v2\/pages"}],"about":[{"href":"https:\/\/agora.xtec.cat\/ehtg\/wp-json\/wp\/v2\/types\/page"}],"author":[{"embeddable":true,"href":"https:\/\/agora.xtec.cat\/ehtg\/wp-json\/wp\/v2\/users\/1"}],"replies":[{"embeddable":true,"href":"https:\/\/agora.xtec.cat\/ehtg\/wp-json\/wp\/v2\/comments?post=2869"}],"version-history":[{"count":6,"href":"https:\/\/agora.xtec.cat\/ehtg\/wp-json\/wp\/v2\/pages\/2869\/revisions"}],"predecessor-version":[{"id":13298,"href":"https:\/\/agora.xtec.cat\/ehtg\/wp-json\/wp\/v2\/pages\/2869\/revisions\/13298"}],"wp:attachment":[{"href":"https:\/\/agora.xtec.cat\/ehtg\/wp-json\/wp\/v2\/media?parent=2869"}],"curies":[{"name":"wp","href":"https:\/\/api.w.org\/{rel}","templated":true}]}}