{"id":2741,"date":"2022-05-18T18:06:38","date_gmt":"2022-05-18T16:06:38","guid":{"rendered":"https:\/\/agora.xtec.cat\/ehtg\/?page_id=2741"},"modified":"2025-07-17T19:42:37","modified_gmt":"2025-07-17T17:42:37","slug":"preinscripcio-i-matricula-gs","status":"publish","type":"page","link":"https:\/\/agora.xtec.cat\/ehtg\/preinscripcio-i-matricula-gs\/","title":{"rendered":"Preinscripci\u00f3 i matr\u00edcula GS"},"content":{"rendered":"<h1 style=\"text-align: center;\">Matr\u00edcula Grau Superior 25\/26<\/h1>\n<h4 style=\"text-align: center;\">Calendari:<\/h4>\n<h4 style=\"text-align: center;\"><a href=\"https:\/\/preinscripcio.gencat.cat\/ca\/estudis\/fp-grau-superior\/matriculat\/formalitzacio\/\" target=\"_blank\" rel=\"noopener\">Alumnat nou al centre<\/a><\/h4>\n<h4 style=\"text-align: center;\"><a href=\"https:\/\/docs.google.com\/spreadsheets\/d\/1yFneQP41T4efEezPnz5hDuCWMoKzzykVAFl4IiHxdmU\/edit?usp=sharing\" target=\"_blank\" rel=\"noopener\">Alumnat del centre<\/a><\/h4>\n<p><strong>Documents per omplir i portar el dia de matr\u00edcula:<\/strong><\/p>\n<p><span style=\"color: #ff0000;\"><strong>L\u2019ALUMNAT QUE ES MATRICULI, CAL QUE PORTI (sigui alumnat nou o del centre), ORIGINAL I FOTOC\u00d2PIA<br \/>\n<\/strong><\/span><\/p>\n<ol>\n<li aria-level=\"1\">DNI.<\/li>\n<li aria-level=\"1\">Targeta sanit\u00e0ria.<\/li>\n<li style=\"font-weight: 400;\" aria-level=\"1\">Certificat de qualificacions i\/o\u00a0 historial acad\u00e8mic i\/o t\u00edtol (nom\u00e9s alumnat no matriculat al centre durant el curs 24-25).<\/li>\n<li style=\"font-weight: 400;\" aria-level=\"1\">Per alumnat assignat en segona opci\u00f3, cal que portin el resguard de preinscripci\u00f3.<\/li>\n<\/ol>\n<p>En el cas d\u2019<b>alumnat menor<\/b>\u00a0d\u2019edat tamb\u00e9 cal:<\/p>\n<ol>\n<li aria-level=\"1\">DNI pare\/mare i\/o tutor\/a legal.<\/li>\n<li aria-level=\"1\">Llibre de fam\u00edlia o document que justifiqui el parentiu.<\/li>\n<\/ol>\n<p><strong>Altres documents per omplir i portar el dia de matr\u00edcula:<\/strong><\/p>\n<p>&nbsp;<\/p>\n<ul>\n<li><a style=\"font-family: inherit; font-size: 1em;\" href=\"https:\/\/agora.xtec.cat\/ehtg\/wp-content\/uploads\/usu2642\/2025\/06\/GS-2025-26.pdf\">Pagament matr\u00edcula Grau Superior &#8211; 2025-26<\/a><\/li>\n<\/ul>\n<ul>\n<li><strong>Resguard del pagament<\/strong><\/li>\n<li><strong>Cal omplir el formulari seg\u00fcent, el qual us generar\u00e0 un .pdf al e-mail informat al mateix formulari. El dia de la matr\u00edcula cal portar-lo signat a la secretaria del centre.<\/strong><\/li>\n<li><a style=\"font-family: inherit; font-size: 1em;\" href=\"https:\/\/forms.gle\/tbMzazMSY78H7tE7A\" target=\"_blank\" rel=\"noopener\">Enlla\u00e7 al formulari de dades d&#8217;alumnat.<\/a><\/li>\n<\/ul>\n<p><strong>Informaci\u00f3 d\u2019uniformes, llibres i eines:<\/strong><\/p>\n<p><a href=\"https:\/\/docs.google.com\/document\/d\/13f_0MRDtsZX--hYIuDfVMy7POJprsWJUKBW_ArfuPfQ\/edit?tab=t.0\">LLIBRES pel Curs 25-26<\/a><\/p>\n<p><a href=\"https:\/\/agora.xtec.cat\/ehtg\/wp-content\/uploads\/usu2642\/2025\/07\/UNIFORMES-de-Grau-Superior-Hostaleria-curs-2025-2026.pdf\" target=\"_blank\" rel=\"noopener\">UNIFORMES de Grau Superior Hostaleria curs 2025-2026<\/a><\/p>\n<p><a href=\"https:\/\/agora.xtec.cat\/ehtg\/wp-content\/uploads\/usu2642\/2025\/07\/EHTG-Turisme-GAT-GIAT-AVGE-1.pdf\" target=\"_blank\" rel=\"noopener\">EHTG Turisme GAT GIAT AVGE<\/a> (uniformes cicles turisme 2025-2026)<\/p>\n<p><a href=\"https:\/\/agora.xtec.cat\/ehtg\/wp-content\/uploads\/usu2642\/2025\/07\/EINES-GM-i-GS-Cuina-i-Serveis-TALL-FI-25-26.pdf\" target=\"_blank\" rel=\"noopener\">EINES GM i GS Cuina i Serveis TALL FI 25-26<\/a><\/p>\n<p><a href=\"https:\/\/docs.google.com\/document\/d\/1E1rcRBeBR7lodkIU46I0fk_wR6eWwBmE0GTC_GKHT60\/edit?tab=t.0\">IMPORTANT LLEGIR: Informaci\u00f3 general del curs <\/a><\/p>\n<p><a href=\"https:\/\/agora.xtec.cat\/ehtg\/wp-content\/uploads\/usu2642\/2023\/07\/Mapa-esmpreses-material.pdf\">Mapa empreses material<\/a><\/p>\n<div class=\"article-content\">\n<div id=\"ctl00_PlaceHolderMain_ctl05__ControlWrapper_RichHtmlField\" class=\"ms-rtestate-field\" aria-labelledby=\"ctl00_PlaceHolderMain_ctl05_label\">\n<p style=\"text-align: right;\"><strong>Actualitzat:17\/07\/2025<\/strong><\/p>\n<\/div>\n<\/div>\n","protected":false},"excerpt":{"rendered":"<p>Matr\u00edcula Grau Superior 25\/26<br \/>\nCalendari:<br \/>\n<a href=\"https:\/\/preinscripcio.gencat.cat\/ca\/estudis\/fp-grau-superior\/matriculat\/formalitzacio\/\" target=\"_blank\" rel=\"noopener\">Alumnat nou al centre<\/a><br \/>\n<a href=\"https:\/\/docs.google.com\/spreadsheets\/d\/1yFneQP41T4efEezPnz5hDuCWMoKzzykVAFl4IiHxdmU\/edit?usp=sharing\" target=\"_blank\" rel=\"noopener\">Alumnat del centre<\/a><br \/>\nDocuments per omplir i portar el dia de matr\u00edcula:<br \/>\nL\u2019ALUMNAT QUE ES MATRICULI, CAL QUE PORTI (sigui alumnat nou o del centre), ORIGINAL I FOTOC\u00d2PIA<\/p>\n<ol>\n<li aria-level=\"1\">DNI.<\/li>\n<li aria-level=\"1\">Targeta sanit\u00e0ria.<\/li>\n<li style=\"font-weight: 400;\" aria-level=\"1\">Certificat de&hellip;  <a href=\"https:\/\/agora.xtec.cat\/ehtg\/preinscripcio-i-matricula-gs\/\" title=\"Read Preinscripci\u00f3 i matr\u00edcula GS\">Llegeix m\u00e9s\u00bb<\/a><br \/>\n","protected":false},"author":1,"featured_media":0,"parent":0,"menu_order":0,"comment_status":"closed","ping_status":"closed","template":"","meta":{"_bbp_topic_count":0,"_bbp_reply_count":0,"_bbp_total_topic_count":0,"_bbp_total_reply_count":0,"_bbp_voice_count":0,"_bbp_anonymous_reply_count":0,"_bbp_topic_count_hidden":0,"_bbp_reply_count_hidden":0,"_bbp_forum_subforum_count":0,"footnotes":""},"class_list":["post-2741","page","type-page","status-publish","hentry"],"post_mailing_queue_ids":[],"_links":{"self":[{"href":"https:\/\/agora.xtec.cat\/ehtg\/wp-json\/wp\/v2\/pages\/2741","targetHints":{"allow":["GET"]}}],"collection":[{"href":"https:\/\/agora.xtec.cat\/ehtg\/wp-json\/wp\/v2\/pages"}],"about":[{"href":"https:\/\/agora.xtec.cat\/ehtg\/wp-json\/wp\/v2\/types\/page"}],"author":[{"embeddable":true,"href":"https:\/\/agora.xtec.cat\/ehtg\/wp-json\/wp\/v2\/users\/1"}],"replies":[{"embeddable":true,"href":"https:\/\/agora.xtec.cat\/ehtg\/wp-json\/wp\/v2\/comments?post=2741"}],"version-history":[{"count":7,"href":"https:\/\/agora.xtec.cat\/ehtg\/wp-json\/wp\/v2\/pages\/2741\/revisions"}],"predecessor-version":[{"id":13353,"href":"https:\/\/agora.xtec.cat\/ehtg\/wp-json\/wp\/v2\/pages\/2741\/revisions\/13353"}],"wp:attachment":[{"href":"https:\/\/agora.xtec.cat\/ehtg\/wp-json\/wp\/v2\/media?parent=2741"}],"curies":[{"name":"wp","href":"https:\/\/api.w.org\/{rel}","templated":true}]}}