{"id":2725,"date":"2022-05-15T18:16:33","date_gmt":"2022-05-15T16:16:33","guid":{"rendered":"https:\/\/agora.xtec.cat\/ehtg\/?page_id=2725"},"modified":"2022-05-15T18:36:04","modified_gmt":"2022-05-15T16:36:04","slug":"servicio-de-orientacion","status":"publish","type":"page","link":"https:\/\/agora.xtec.cat\/ehtg\/servicio-de-orientacion\/","title":{"rendered":"Servicio de Orientaci\u00f3n"},"content":{"rendered":"<h3 style=\"text-align: center;\"><span style=\"color: #3366ff;\"><strong>Servicio de Informaci\u00f3n y Orientaci\u00f3n Acad\u00e9mica-Profesional<\/strong><\/span><\/h3>\n<p style=\"text-align: center;\"><em><strong>Buz\u00f3n de contacto:<\/strong><\/em><\/p>\n<p style=\"text-align: center;\"><a href=\"mailto:orientacio@ehtg.cat\">orientacio@ehtg.cat <\/a><\/p>\n<p>La EHTG ofrece un servicio de informaci\u00f3n y orientaci\u00f3n acad\u00e9mica y profesional a la comunidad educativa de la escuela: de atenci\u00f3n personalizada al alumnado de ciclos formativos y personas interesadas en los estudios de FP para la construcci\u00f3n de su itinerario profesional en el sector de la restauraci\u00f3n y del turismo y a sus familias, y de cooperaci\u00f3n y trabajo en red con el equipo docente de los ciclos y especialistas de la red de apoyos a la educaci\u00f3n inclusiva.<\/p>\n<p>El servicio tambi\u00e9n se dirige a instituciones y empresas colaboradoras del sector, con el fin de aportar las respuestas y soluciones que, desde la formaci\u00f3n profesional inicial, se pueden dise\u00f1ar para la mejora de la cualificaci\u00f3n profesional, la ocupabilidad de las personas y la competitividad de las empresas.<\/p>\n<h4 style=\"text-align: center;\"><span style=\"color: #3366ff;\">EJES DE ACTUACI\u00d3N<\/span><\/h4>\n<h5><em><strong>LOS ALUMNOS Y PROFESORES<\/strong><\/em><\/h5>\n<p>Desde el Departamento de Orientaci\u00f3n en cooperaci\u00f3n con los\/las tutores\/as y el equipo docente, velamos por el bienestar emocional y el crecimiento personal y acad\u00e9mico de nuestros alumnos.<\/p>\n<p>Priorizamos la <strong>acogida y<\/strong> adaptaci\u00f3n de los alumnos a los ciclos formativos, teniendo presente que el cambio de etapa supone un proceso complejo. Realizamos un <strong>seguimiento y acompa\u00f1amiento individualizado<\/strong> a los alumnos que lo requieren por motivos personales, sociales y\/o acad\u00e9micos. La <strong>atenci\u00f3n a la diversidad<\/strong> y la mirada inclusiva en nuestra acci\u00f3n docente, las estrategias metodol\u00f3gicas y la construcci\u00f3n de un <strong>proyecto profesional y de vida<\/strong> del alumno, las ofrecemos desde la orientaci\u00f3n personal, acad\u00e9mica y profesional a lo largo de todo el ciclo, priorizando la toma de decisiones y la capacidad emprendedora en el \u00faltimo curso de ciclo.<\/p>\n<h5><\/h5>\n<h5><em><strong>LAS FAMILIAS<\/strong><\/em><\/h5>\n<p>Desde el Departamento de Orientaci\u00f3n, se considera muy importante la acogida y el acompa\u00f1amiento a les familias en los procesos educativo de sus hijos e hijas, por estos motivos se realizan tutor\u00edas compartidas con los\/las profesores\/as tutores\/as y las familias, asesor\u00e1ndolos en relaci\u00f3n a las dudad, inquietudes o retos que se les planteen a les familias y al alumnado.<\/p>\n<p>&nbsp;<\/p>\n<h5><strong><em>TRABAJO EN RED<\/em><\/strong><\/h5>\n<p>Desde el Departamento de Orientaci\u00f3n, trabajamos de manera cooperativa y colaborativa con el equipo docente y tutores\/as en el marco del Plan de Acci\u00f3n Tutorial (incidiendo en h\u00e1bitos y t\u00e9cnicas de estudio, salud emocional, resoluci\u00f3n de conflictos, motivaci\u00f3n, etc.), el IPOP (itinerario personal de orientaci\u00f3n profesional), Plan de Convivencia y otras iniciativas y proyectos educativos de la escuela, as\u00ed como promovemos el trabajo en red con otros profesionales especialistas de la red de apoyo a la educaci\u00f3n inclusiva (EAP, CSMIJ, CSMA, CDIAP, gabinetes psicopedag\u00f3gicos, etc.)<\/p>\n<p>&nbsp;<\/p>\n<p style=\"text-align: center;\">Webs de inter\u00e9s:<\/p>\n<p style=\"text-align: center;\"><a href=\"http:\/\/queestudiar.gencat.cat\/ca\/index.html\" target=\"_blank\" rel=\"noopener\">http:\/\/queestudiar.gencat.cat\/ca\/index.html<\/a><\/p>\n<p style=\"text-align: center;\"><a href=\"https:\/\/triaeducativa.gencat.cat\/ca\/inici\/\" target=\"_blank\" rel=\"noopener\">https:\/\/triaeducativa.gencat.cat\/ca\/inici\/<\/a><\/p>\n<p style=\"text-align: center;\"><a href=\"https:\/\/web.girona.cat\/consellfpo\/ofertafp\" target=\"_blank\" rel=\"noopener\">https:\/\/web.girona.cat\/consellfpo\/ofertafp<\/a><\/p>\n<p style=\"text-align: center;\"><a href=\"http:\/\/familiaiescola.gencat.cat\/ca\" target=\"_blank\" rel=\"noopener\">http:\/\/familiaiescola.gencat.cat\/ca<\/a><\/p>\n<p style=\"text-align: center;\"><a href=\"https:\/\/www.fapaes.cat\/\" target=\"_blank\" rel=\"noopener\">https:\/\/www.fapaes.cat<\/a><\/p>\n","protected":false},"excerpt":{"rendered":"<p>Servicio de Informaci\u00f3n y Orientaci\u00f3n Acad\u00e9mica-Profesional<br \/>\nBuz\u00f3n de contacto:<br \/>\n<a href=\"mailto:orientacio@ehtg.cat\">orientacio@ehtg.cat <\/a><br \/>\nLa EHTG ofrece un servicio de informaci\u00f3n y orientaci\u00f3n acad\u00e9mica y profesional a la comunidad educativa de la escuela: de atenci\u00f3n personalizada al alumnado de ciclos formativos y personas interesadas en los estudios de FP para&hellip;  <a href=\"https:\/\/agora.xtec.cat\/ehtg\/servicio-de-orientacion\/\" title=\"Read Servicio de Orientaci\u00f3n\">Llegeix m\u00e9s\u00bb<\/a><\/p>\n","protected":false},"author":1,"featured_media":0,"parent":0,"menu_order":0,"comment_status":"closed","ping_status":"closed","template":"","meta":{"_bbp_topic_count":0,"_bbp_reply_count":0,"_bbp_total_topic_count":0,"_bbp_total_reply_count":0,"_bbp_voice_count":0,"_bbp_anonymous_reply_count":0,"_bbp_topic_count_hidden":0,"_bbp_reply_count_hidden":0,"_bbp_forum_subforum_count":0,"footnotes":""},"class_list":["post-2725","page","type-page","status-publish","hentry"],"post_mailing_queue_ids":[],"_links":{"self":[{"href":"https:\/\/agora.xtec.cat\/ehtg\/wp-json\/wp\/v2\/pages\/2725","targetHints":{"allow":["GET"]}}],"collection":[{"href":"https:\/\/agora.xtec.cat\/ehtg\/wp-json\/wp\/v2\/pages"}],"about":[{"href":"https:\/\/agora.xtec.cat\/ehtg\/wp-json\/wp\/v2\/types\/page"}],"author":[{"embeddable":true,"href":"https:\/\/agora.xtec.cat\/ehtg\/wp-json\/wp\/v2\/users\/1"}],"replies":[{"embeddable":true,"href":"https:\/\/agora.xtec.cat\/ehtg\/wp-json\/wp\/v2\/comments?post=2725"}],"version-history":[{"count":3,"href":"https:\/\/agora.xtec.cat\/ehtg\/wp-json\/wp\/v2\/pages\/2725\/revisions"}],"predecessor-version":[{"id":2729,"href":"https:\/\/agora.xtec.cat\/ehtg\/wp-json\/wp\/v2\/pages\/2725\/revisions\/2729"}],"wp:attachment":[{"href":"https:\/\/agora.xtec.cat\/ehtg\/wp-json\/wp\/v2\/media?parent=2725"}],"curies":[{"name":"wp","href":"https:\/\/api.w.org\/{rel}","templated":true}]}}