{"id":2715,"date":"2022-05-15T17:50:09","date_gmt":"2022-05-15T15:50:09","guid":{"rendered":"https:\/\/agora.xtec.cat\/ehtg\/?page_id=2715"},"modified":"2022-05-15T18:12:06","modified_gmt":"2022-05-15T16:12:06","slug":"pfi-ptt-work-transition-programs","status":"publish","type":"page","link":"https:\/\/agora.xtec.cat\/ehtg\/pfi-ptt-work-transition-programs\/","title":{"rendered":"PFI-PTT. Work transition programs"},"content":{"rendered":"<h3 style=\"text-align: center;\"><strong><a href=\"https:\/\/agora.xtec.cat\/ehtg\/wp-content\/uploads\/usu2642\/2022\/03\/1-informacio-ptt-hostaleria-22-23.pdf\" target=\"_blank\" rel=\"noopener\">1 &#8211; PTT hospitality 22-23 information<\/a><\/strong><\/h3>\n<h3 style=\"text-align: center;\"><a href=\"https:\/\/agora.xtec.cat\/ehtg\/wp-content\/uploads\/usu2642\/2022\/03\/2-Triptic-PTT-hostaleria.pdf\">2 &#8211; PTT hospitality leaflet<\/a><\/h3>\n<p><iframe class=\"wp-embedded-content\" sandbox=\"allow-scripts\" security=\"restricted\" title=\"PFI-PTT SANIT\u00c0RIA GIRONA\" frameborder='0' width='1200' height='675' src='https:\/\/view.genially.com\/62382313e1e66b0019f6be7a#?secret=Fji3l5d1lf' data-secret='Fji3l5d1lf' scrolling='yes'><\/iframe><\/p>\n<p>The<strong>\u00a0PTT (<em>Pla de Transici\u00f3 al Treball<\/em>, &#8216;work transition plan&#8217;)<\/strong> is a <strong>PFI (<em>Programa de Formaci\u00f3 i Inserci\u00f3<\/em>, &#8216;training and employability program&#8217;)<\/strong> organised collaboratively between Girona City Council and the Department of Education of Generalitat de Catalunya. It is addressed to young students <strong>not<\/strong> having obtained the Compulsory Secondary Education certificate. Its main <strong>objectives <\/strong>are:<\/p>\n<ul>\n<li><strong>Provide <\/strong>the <strong>competences<\/strong> allowing students to <strong>labor insertion <\/strong><strong>or<\/strong> continue their <strong>training<\/strong>, either in middle-degree training programs or in the Adult School.<\/li>\n<li>Advice and <strong>personalised attention plan<\/strong>.<\/li>\n<li><strong>General training <\/strong>and professional training recognised with the professionalism <strong>certificate<\/strong>.<\/li>\n<\/ul>\n<p>The educational <strong>benefits<\/strong> for the students superen <strong>con provecho <\/strong>the program are:<\/p>\n<ul>\n<li>Being able to access directly the <strong>Middle-Degree Training Programs<\/strong>.<\/li>\n<li>Being able to obtain the <strong>Compulsory Secondary Education certificate<\/strong> in the <strong>Adult School once the course is finished <\/strong>without being 18 years old.<\/li>\n<\/ul>\n<p>The <strong>duration<\/strong> of the program is <strong>an academic year,<\/strong> from September to June. It offers the <strong>General Training Modules <\/strong>and the ones in <strong>Professional Training<\/strong>\u00a0(<strong>1000 hours<\/strong>).<\/p>\n<p>The <strong>requisites<\/strong> to be part of the program are:<\/p>\n<ul>\n<li>Being older than 16 years old and younger than 21 years old<\/li>\n<li>Not having obtained the Compusory Secondary Education certificate<\/li>\n<li>Interest in employability courses<\/li>\n<li><strong>Voluntary access and commitment of participation, attendance and work<\/strong><\/li>\n<\/ul>\n<h3><\/h3>\n","protected":false},"excerpt":{"rendered":"<p><a href=\"https:\/\/agora.xtec.cat\/ehtg\/wp-content\/uploads\/usu2642\/2022\/03\/1-informacio-ptt-hostaleria-22-23.pdf\" target=\"_blank\" rel=\"noopener\">1 &#8211; PTT hospitality 22-23 information<\/a><br \/>\n<a href=\"https:\/\/agora.xtec.cat\/ehtg\/wp-content\/uploads\/usu2642\/2022\/03\/2-Triptic-PTT-hostaleria.pdf\">2 &#8211; PTT hospitality leaflet<\/a><\/p>\n<p>The\u00a0PTT (Pla de Transici\u00f3 al Treball, &#8216;work transition plan&#8217;) is a PFI (Programa de Formaci\u00f3 i Inserci\u00f3, &#8216;training and employability program&#8217;) organised collaboratively between Girona City Council and the Department of Education&hellip;  <a href=\"https:\/\/agora.xtec.cat\/ehtg\/pfi-ptt-work-transition-programs\/\" title=\"Read PFI-PTT. Work transition programs\">Llegeix m\u00e9s\u00bb<\/a><\/p>\n","protected":false},"author":1,"featured_media":0,"parent":0,"menu_order":0,"comment_status":"closed","ping_status":"closed","template":"","meta":{"_bbp_topic_count":0,"_bbp_reply_count":0,"_bbp_total_topic_count":0,"_bbp_total_reply_count":0,"_bbp_voice_count":0,"_bbp_anonymous_reply_count":0,"_bbp_topic_count_hidden":0,"_bbp_reply_count_hidden":0,"_bbp_forum_subforum_count":0,"footnotes":""},"class_list":["post-2715","page","type-page","status-publish","hentry"],"post_mailing_queue_ids":[],"_links":{"self":[{"href":"https:\/\/agora.xtec.cat\/ehtg\/wp-json\/wp\/v2\/pages\/2715","targetHints":{"allow":["GET"]}}],"collection":[{"href":"https:\/\/agora.xtec.cat\/ehtg\/wp-json\/wp\/v2\/pages"}],"about":[{"href":"https:\/\/agora.xtec.cat\/ehtg\/wp-json\/wp\/v2\/types\/page"}],"author":[{"embeddable":true,"href":"https:\/\/agora.xtec.cat\/ehtg\/wp-json\/wp\/v2\/users\/1"}],"replies":[{"embeddable":true,"href":"https:\/\/agora.xtec.cat\/ehtg\/wp-json\/wp\/v2\/comments?post=2715"}],"version-history":[{"count":4,"href":"https:\/\/agora.xtec.cat\/ehtg\/wp-json\/wp\/v2\/pages\/2715\/revisions"}],"predecessor-version":[{"id":2724,"href":"https:\/\/agora.xtec.cat\/ehtg\/wp-json\/wp\/v2\/pages\/2715\/revisions\/2724"}],"wp:attachment":[{"href":"https:\/\/agora.xtec.cat\/ehtg\/wp-json\/wp\/v2\/media?parent=2715"}],"curies":[{"name":"wp","href":"https:\/\/api.w.org\/{rel}","templated":true}]}}