{"id":2712,"date":"2022-05-15T17:34:31","date_gmt":"2022-05-15T15:34:31","guid":{"rendered":"https:\/\/agora.xtec.cat\/ehtg\/?page_id=2712"},"modified":"2023-03-27T09:25:59","modified_gmt":"2023-03-27T07:25:59","slug":"pif-ptt-programas-de-transicion-al-trabajo","status":"publish","type":"page","link":"https:\/\/agora.xtec.cat\/ehtg\/pif-ptt-programas-de-transicion-al-trabajo\/","title":{"rendered":"PIF-PTT. Programas de transici\u00f3n al trabajo"},"content":{"rendered":"<h3 style=\"text-align: center;\"><strong><a href=\"https:\/\/agora.xtec.cat\/ehtg\/wp-content\/uploads\/usu2642\/2022\/03\/1-informacio-ptt-hostaleria-22-23.pdf\" target=\"_blank\" rel=\"noopener\">1 &#8211; Informaci\u00f3n PTT hosteler\u00eda 22-23<\/a><\/strong><\/h3>\n<h3 style=\"text-align: center;\"><a href=\"https:\/\/agora.xtec.cat\/ehtg\/wp-content\/uploads\/usu2642\/2022\/03\/2-Triptic-PTT-hostaleria.pdf\">2 &#8211; Tr\u00edptico PTT hosteler\u00eda<\/a><\/h3>\n<p>&nbsp;<\/p>\n<p>El<strong> PTT (Plan de Transici\u00f3n al Trabajo)<\/strong> es un <strong>PFI (Programa de Formaci\u00f3n e Inserci\u00f3n)<\/strong> organizado en colaboraci\u00f3n entre el Ayuntamiento de Girona y el Departamento de Educaci\u00f3n de la Generalitat de Catalunya dirigido a los j\u00f3venes que <strong>no<\/strong> han obtenido el Graduado de ESO. Los principales<strong> objetivos <\/strong>son:<\/p>\n<ul>\n<li><strong>Proporcionar\u00a0<\/strong>las <strong>competencias<\/strong> que les permitan <strong>incorporarse al mundo laboral<\/strong>\u00a0<strong>o<\/strong>\u00a0continuar la\u00a0<strong>formaci\u00f3n<\/strong>, en ciclos de FP de grado medio o bien en la Escuela de Adultos.<\/li>\n<li>Asesoramiento y <strong>plan<\/strong>\u00a0<strong>de atenci\u00f3n personalizado<\/strong>.<\/li>\n<li><strong>Formaci\u00f3n general<\/strong> y formaci\u00f3n profesional reconocida mediante el <strong>certificado<\/strong> de profesionalidad.<\/li>\n<\/ul>\n<p>Los beneficios a <strong>nivel educativo<\/strong> para los alumnos que superen <strong>con provecho el<\/strong>\u00a0PFI\/\u00a0<strong>PTT<\/strong> son:<\/p>\n<ul>\n<li>Poder tener acceso directo a los <strong>Ciclos Formativos de Grado Medio<\/strong>\u00a0(CFGM).<\/li>\n<li>Poder sacarse el <strong>Graduado de ESO <\/strong>en la <strong>Escuela de Adultos una vez acabado el curso <\/strong>sin tener 18 a\u00f1os.<\/li>\n<\/ul>\n<p>La\u00a0<strong>duraci\u00f3n<\/strong> del PTT es <strong>de un curso escolar,<\/strong> de septiembre a junio i se llevan a cabo los <strong>M\u00f3dulos de Formaci\u00f3n General<\/strong> y los <strong>de Formaci\u00f3n Profesional<\/strong>\u00a0(<strong>1000 horas<\/strong>).<\/p>\n<p>Los <strong>requisitos<\/strong> para formar parte del programa son:<\/p>\n<ul>\n<li>Ser mayor de 16 a\u00f1os y menor de 21 a\u00f1os<\/li>\n<li>No haber obtenido el Graduado en la ESO<\/li>\n<li>Inter\u00e9s por los cursos profesionalizadores<\/li>\n<li><strong>Acceso voluntario y compromiso de participaci\u00f3n, asistencia y trabajo<\/strong><\/li>\n<\/ul>\n<h3><\/h3>\n","protected":false},"excerpt":{"rendered":"<p><a href=\"https:\/\/agora.xtec.cat\/ehtg\/wp-content\/uploads\/usu2642\/2022\/03\/1-informacio-ptt-hostaleria-22-23.pdf\" target=\"_blank\" rel=\"noopener\">1 &#8211; Informaci\u00f3n PTT hosteler\u00eda 22-23<\/a><br \/>\n<a href=\"https:\/\/agora.xtec.cat\/ehtg\/wp-content\/uploads\/usu2642\/2022\/03\/2-Triptic-PTT-hostaleria.pdf\">2 &#8211; Tr\u00edptico PTT hosteler\u00eda<\/a><br \/>\n&nbsp;<br \/>\nEl PTT (Plan de Transici\u00f3n al Trabajo) es un PFI (Programa de Formaci\u00f3n e Inserci\u00f3n) organizado en colaboraci\u00f3n entre el Ayuntamiento de Girona y el Departamento de Educaci\u00f3n de la Generalitat de&hellip;  <a href=\"https:\/\/agora.xtec.cat\/ehtg\/pif-ptt-programas-de-transicion-al-trabajo\/\" title=\"Read PIF-PTT. Programas de transici\u00f3n al trabajo\">Llegeix m\u00e9s\u00bb<\/a><\/p>\n","protected":false},"author":1,"featured_media":0,"parent":0,"menu_order":0,"comment_status":"closed","ping_status":"closed","template":"","meta":{"_bbp_topic_count":0,"_bbp_reply_count":0,"_bbp_total_topic_count":0,"_bbp_total_reply_count":0,"_bbp_voice_count":0,"_bbp_anonymous_reply_count":0,"_bbp_topic_count_hidden":0,"_bbp_reply_count_hidden":0,"_bbp_forum_subforum_count":0,"footnotes":""},"class_list":["post-2712","page","type-page","status-publish","hentry"],"post_mailing_queue_ids":[],"_links":{"self":[{"href":"https:\/\/agora.xtec.cat\/ehtg\/wp-json\/wp\/v2\/pages\/2712","targetHints":{"allow":["GET"]}}],"collection":[{"href":"https:\/\/agora.xtec.cat\/ehtg\/wp-json\/wp\/v2\/pages"}],"about":[{"href":"https:\/\/agora.xtec.cat\/ehtg\/wp-json\/wp\/v2\/types\/page"}],"author":[{"embeddable":true,"href":"https:\/\/agora.xtec.cat\/ehtg\/wp-json\/wp\/v2\/users\/1"}],"replies":[{"embeddable":true,"href":"https:\/\/agora.xtec.cat\/ehtg\/wp-json\/wp\/v2\/comments?post=2712"}],"version-history":[{"count":3,"href":"https:\/\/agora.xtec.cat\/ehtg\/wp-json\/wp\/v2\/pages\/2712\/revisions"}],"predecessor-version":[{"id":3698,"href":"https:\/\/agora.xtec.cat\/ehtg\/wp-json\/wp\/v2\/pages\/2712\/revisions\/3698"}],"wp:attachment":[{"href":"https:\/\/agora.xtec.cat\/ehtg\/wp-json\/wp\/v2\/media?parent=2712"}],"curies":[{"name":"wp","href":"https:\/\/api.w.org\/{rel}","templated":true}]}}