{"id":2674,"date":"2022-05-11T15:02:08","date_gmt":"2022-05-11T13:02:08","guid":{"rendered":"https:\/\/agora.xtec.cat\/ehtg\/?page_id=2674"},"modified":"2026-03-24T17:32:03","modified_gmt":"2026-03-24T16:32:03","slug":"preinscripcio-ife","status":"publish","type":"page","link":"https:\/\/agora.xtec.cat\/ehtg\/preinscripcio-ife\/","title":{"rendered":"Preinscripci\u00f3 IFE 26-27"},"content":{"rendered":"<div class=\"border-start bgGrey\">\n<div id=\"impacteContainer\">\n<div class=\"fpca-subcapcalera \">\n<div class=\"NG-menu \">\n<div class=\"NG-container\">\n<div class=\"NG-menu__wrapper\">\n<div class=\"NG-menu__wrapper_title\" role=\"main\">\n<h5 style=\"text-align: center;\"><a href=\"https:\/\/tramits.gencat.cat\/ca\/tramits\/tramits-temes\/preinscripcio-ife\" target=\"_blank\" rel=\"noopener\">Acc\u00e9s a la preinscripci\u00f3<\/a><\/h5>\n<div class=\"list_needToKnow-group-item-title\" style=\"text-align: left;\"><strong><span class=\"list_needToKnow-group-item-span\" role=\"heading\" aria-level=\"3\">Requisits<\/span><\/strong><\/div>\n<div class=\"wrapper_list_needToKnow-group-article\">\n<div class=\"link-dotted\">\n<div class=\"list_needToKnow-group-item-paragraph\">\n<ol>\n<li style=\"text-align: left;\"><strong>Presentar necessitats educatives especials associades a discapacitat intel\u00b7lectual lleu o moderada (inclosos els alumnes amb trastorn de l&#8217;espectre autista).<\/strong><\/li>\n<li style=\"text-align: left;\"><strong>Tenir entre 16 i 20 anys d&#8217;edat l&#8217;any natural de l&#8217;inici de l&#8217;itinerari.<\/strong><\/li>\n<\/ol>\n<\/div>\n<\/div>\n<\/div>\n<h1 class=\"NG-menu__title\" style=\"text-align: center;\"><span style=\"color: #ff6600;\">Coneix el calendari i els terminis<\/span><\/h1>\n<\/div>\n<div class=\"NG-menu__wrapper_title2\"><\/div>\n<\/div>\n<\/div>\n<\/div>\n<\/div>\n<\/div>\n<\/div>\n<p>&nbsp;<\/p>\n<div class=\"literalesAccesibilidad\"><\/div>\n<section class=\"padding-xs padding-sm padding-md colorSectionOdd\">\n<article class=\"container fullcontainer-xs\">\n<div class=\"row\">\n<div>\n<div id=\"center_1R\">\n<div class=\"fpca_descripciopagina formatter_body\">\n<div class=\"basic_text_peq pd-15 pd-30 link-dotted\">\n<p>Si vols estar al cas de les diferents dates clau i dels terminis, has de tenir en compte alguns aspectes:<\/p>\n<ul>\n<li>El proc\u00e9s de preinscripci\u00f3 s&#8217;inicia a\u00a0<strong>mitjans de maig i acaba amb la formalitzaci\u00f3 de la matr\u00edcula, a finals de juny<\/strong>.<\/li>\n<li>Durant tot aquest temps,<strong>\u00a0hi ha dates i terminis associats a actuacions clau<\/strong>\u00a0que has de tenir presents, ja que determinen l&#8217;assignaci\u00f3 final de places als centres educatius.<\/li>\n<\/ul>\n<p>Aix\u00ed, has d&#8217;estar pendent de les dates i de les gestions espec\u00edfiques de cada moment del proc\u00e9s.<\/p>\n<hr \/>\n<p>Sabem que costa tenir al cap tot el calendari; per aix\u00f2,\u00a0<strong>hem agrupat les dates i les actuacions m\u00e9s importants associades, en els tres moments d&#8217;aquest proc\u00e9s de la preinscripci\u00f3 escolar per al curs 2026-2027: abans de la preinscripci\u00f3, durant la presentaci\u00f3 de la sol\u00b7licitud i a l&#8217;hora de formalitzar la matriculaci\u00f3<\/strong>.<\/p>\n<\/div>\n<\/div>\n<\/div>\n<\/div>\n<\/div>\n<\/article>\n<\/section>\n<section class=\"padding-xs padding-sm padding-md colorSectionOdd\">\n<article class=\"container fullcontainer-xs\">\n<div class=\"row\">\n<div id=\"center_2R\">\n<div id=\"llista_42b0f505-5c0f-11eb-9783-005056924a59_14fa6813-af3e-11eb-ab1b-005056924a59\" class=\"fpca_llista_enllacIcones formatter_body\">\n<div class=\"wrapper_llista_enllacIcones\">\n<h2 class=\"header2 pd-15 pd-30\" style=\"text-align: center;\"><span style=\"color: #ff6600;\">Abans de la preinscripci\u00f3<\/span><\/h2>\n<div class=\"list-item-wrapper\">\n<div class=\"col icon-col\">\n<div class=\"icon\"><strong><span style=\"font-family: inherit; font-size: 1em;\">8 de maig de 2026: oferta inicial de places escolars<\/span><\/strong><\/div>\n<\/div>\n<div class=\"col content-col\">\n<div class=\"bloc-mobil\">\n<div class=\"descripcio link-dotted\">\n<p>Publicaci\u00f3 del nombre de places per centre i curs.<\/p>\n<\/div>\n<\/div>\n<\/div>\n<\/div>\n<\/div>\n<\/div>\n<\/div>\n<\/div>\n<\/article>\n<\/section>\n<section class=\"padding-xs padding-sm padding-md colorSectionOdd\">\n<article class=\"container fullcontainer-xs\">\n<div class=\"row\">\n<div id=\"center_3R\">\n<div id=\"llista_458019c8-5c0f-11eb-9783-005056924a59_1ae28caa-af3e-11eb-ab1b-005056924a59\" class=\"fpca_llista_enllacIcones formatter_body\">\n<div class=\"wrapper_llista_enllacIcones\">\n<h2 class=\"header2 pd-15 pd-30\" style=\"text-align: center;\"><span style=\"color: #ff6600;\">Durant la preparaci\u00f3, presentaci\u00f3 i seguiment de la sol\u00b7licitud de preinscripci\u00f3<\/span><\/h2>\n<div class=\"list-item-wrapper\">\n<div class=\"col icon-col\">\n<div class=\"icon\"><strong><span style=\"font-family: inherit; font-size: 1em;\">De l&#8217;11 al 22 de maig de 2026: presentaci\u00f3 de sol\u00b7licituds<\/span><\/strong><\/div>\n<\/div>\n<div class=\"col content-col\">\n<div class=\"bloc-mobil\">\n<div class=\"descripcio link-dotted\">\n<p>\u00c9s molt important respectar les dates, perqu\u00e8 les sol\u00b7licituds que es presentin fora d&#8217;aquest termini perdran totes les prioritats que haurien pogut tenir a l&#8217;hora d&#8217;obtenir la pla\u00e7a. Els criteris de prioritat serveixen per donar una puntuaci\u00f3 a cada sol\u00b7licitud. D&#8217;aquesta manera s&#8217;estableix l&#8217;ordre d&#8217;acc\u00e9s a les places de cada centre. Cal presentar la sol\u00b7licitud i adjuntar-hi la documentaci\u00f3 d&#8217;identificaci\u00f3 o de criteris que correspongui.<\/p>\n<\/div>\n<\/div>\n<\/div>\n<h2 class=\"basic_title col-sm-12 pd-10\" style=\"text-align: center;\"><span style=\"color: #ff0000;\">Criteris prioritaris<\/span><\/h2>\n<div class=\"col-xs-12 columna_esquerra\">\n<div class=\"cos_bloc basic_text_peq pd-15 link-dotted\">\n<p style=\"text-align: center;\"><span style=\"color: #ff0000;\">Si hi ha m\u00e9s demanda que places, s&#8217;apliquen successivament, els\u00a0<strong>criteris de prioritat<\/strong>\u00a0en l&#8217;admissi\u00f3 seg\u00fcents:<\/span><\/p>\n<p style=\"text-align: center;\"><span style=\"color: #ff0000;\">En primer lloc, l&#8217;alumnat que compleix el 16 o 17 anys durant l&#8217;any en qu\u00e8 accedeix a l&#8217;itinerari formatiu espec\u00edfic (IFE).<\/span><\/p>\n<p style=\"text-align: center;\"><span style=\"color: #ff0000;\">En segon lloc, l&#8217;alumnat que compleix els 18 anys durant l&#8217;any en qu\u00e8 accedeix a l&#8217;itinerari formatiu espec\u00edfic (IFE).<\/span><\/p>\n<p style=\"text-align: center;\"><span style=\"color: #ff0000;\">En tercer lloc l&#8217;alumnat que compleix els 19 anys durant l&#8217;any en qu\u00e8 accedeix a l&#8217;itinerari formatiu espec\u00edfic (IFE).<\/span><\/p>\n<p style=\"text-align: center;\"><span style=\"color: #ff0000;\">En quart lloc l&#8217;alumnat que compleix els 20 anys durant l&#8217;any en qu\u00e8 accedeix a l&#8217;itinerari formatiu espec\u00edfic (IFE).<\/span><\/p>\n<p style=\"text-align: center;\"><span style=\"color: #ff0000;\">Dins de cadascun dels grups d&#8217;edat establerts anteriorment, les sol\u00b7licituds es prioritzen d&#8217;acord amb els criteris seg\u00fcents:<\/span><\/p>\n<p style=\"text-align: center;\"><span style=\"color: #ff0000;\"><strong>Situaci\u00f3 d&#8217;escolaritzaci\u00f3 en el curs acad\u00e8mic 2025-2026:<\/strong>\u00a0per estar matriculat en un centre ordinari o en un centre d&#8217;educaci\u00f3 especial a l&#8217;etapa obligat\u00f2ria: 25 punts.<\/span><\/p>\n<p style=\"text-align: center;\"><span style=\"color: #ff0000;\"><strong>Participaci\u00f3 per primera vegada en programes postobligatoris:<\/strong>\u00a0per no haver cursat un programa de formaci\u00f3 i inserci\u00f3 (PFI) ni un cicle de formaci\u00f3 professional : 20 punts.<\/span><\/p>\n<p>&nbsp;<\/p>\n<\/div>\n<\/div>\n<\/div>\n<div class=\"list-item-wrapper\">\n<div class=\"col icon-col\">\n<div class=\"icon\"><strong><span style=\"font-family: inherit; font-size: 1em;\">29 de maig de 2026: llista de sol\u00b7licituds amb la puntuaci\u00f3 provisional<\/span><\/strong><\/div>\n<\/div>\n<div class=\"col content-col\">\n<div class=\"bloc-mobil\">\n<div class=\"descripcio link-dotted\">\n<p>Un cop acabat el per\u00edode de presentaci\u00f3 de sol\u00b7licituds, els centres educatius estudien cadascuna de les peticions que han rebut: n&#8217;analitzen les dades, els criteris de prioritat que les fam\u00edlies demanen que es tinguin en compte, i tamb\u00e9 els documents justificatius. Tot seguit, publiquen la llista de sol\u00b7licituds amb els barems provisionals. En aquesta llista hi ha les sol\u00b7licituds ordenades alfab\u00e8ticament amb la puntuaci\u00f3 que ha rebut cada sol\u00b7licitud en aplicar-hi el barem.<\/p>\n<\/div>\n<\/div>\n<\/div>\n<\/div>\n<div class=\"list-item-wrapper\">\n<div class=\"col icon-col\">\n<div class=\"icon\"><strong><span style=\"font-family: inherit; font-size: 1em;\">2 de juny de 2026: sorteig per resoldre les sol\u00b7licituds de preinscripci\u00f3 empatades en punts<\/span><\/strong><\/div>\n<\/div>\n<div class=\"col content-col\">\n<div class=\"bloc-mobil\">\n<div class=\"descripcio link-dotted\">\n<p>El nombre de places a cada centre educatiu \u00e9s limitat. Si el nombre de peticions supera el d&#8217;alumnes que l&#8217;escola pot acollir, cal aplicar un sistema de desempat entre les sol\u00b7licituds que tenen la mateixa puntuaci\u00f3. Per fer-ho, s&#8217;obt\u00e9 un n\u00famero per sorteig a partir del qual s&#8217;ordenen totes les peticions empatades en punts, tenint en compte el n\u00famero de desempat que s&#8217;ha assignat a cada sol\u00b7licitud. El sorteig tindr\u00e0 lloc en el mateix centre.<\/p>\n<\/div>\n<\/div>\n<\/div>\n<\/div>\n<div class=\"list-item-wrapper\">\n<div class=\"col icon-col\">\n<div class=\"icon\"><strong><span style=\"font-family: inherit; font-size: 1em;\">Del 3 al 10 de juny de 2026, ambd\u00f3s inclosos: presentaci\u00f3 de reclamacions<\/span><\/strong><\/div>\n<\/div>\n<div class=\"col content-col\">\n<div class=\"bloc-mobil\">\n<div class=\"descripcio link-dotted\">\n<p>Durant aquest per\u00edode, si detectes alguna errada o anomalia en el barem assignat, pots presentar una reclamaci\u00f3.<\/p>\n<\/div>\n<\/div>\n<\/div>\n<\/div>\n<div class=\"list-item-wrapper\">\n<div class=\"col icon-col\">\n<div class=\"icon\"><strong><span style=\"font-family: inherit; font-size: 1em;\">16 de juny de 2026: llista d&#8217;alumnes admesos<\/span><\/strong><\/div>\n<\/div>\n<div class=\"col content-col\">\n<div class=\"bloc-mobil\">\n<div class=\"descripcio link-dotted\">\n<p>Finalment, es publica la llista d&#8217;alumnes admesos al centre.<\/p>\n<\/div>\n<\/div>\n<\/div>\n<\/div>\n<\/div>\n<\/div>\n<\/div>\n<\/div>\n<\/article>\n<\/section>\n<section class=\"padding-xs padding-sm padding-md colorSectionOdd\">\n<article class=\"container fullcontainer-xs\">\n<div class=\"row\">\n<div id=\"center_4R\">\n<div id=\"llista_437ef274-5c0f-11eb-9783-005056924a59_17440a12-af3e-11eb-ab1b-005056924a59\" class=\"fpca_llista_enllacIcones formatter_body\">\n<div class=\"wrapper_llista_enllacIcones\">\n<h2 class=\"header2 pd-15 pd-30\" style=\"text-align: center;\"><span style=\"color: #ff6600;\">A l&#8217;hora de formalitzar la matriculaci\u00f3<\/span><\/h2>\n<div class=\"list-item-wrapper\">\n<div class=\"col icon-col\">\n<div class=\"icon\"><strong><span style=\"font-family: inherit; font-size: 1em;\">Del 19 al 26 de juny de 2026: matriculaci\u00f3<\/span><\/strong><\/div>\n<\/div>\n<div class=\"col content-col\">\n<div class=\"bloc-mobil\">\n<div class=\"descripcio link-dotted\">\n<p>Un cop s&#8217;ha publicat la llista final d&#8217;alumnes admesos en cada centre, comen\u00e7a el per\u00edode de matriculaci\u00f3 dels preinscrits amb pla\u00e7a assignada.<\/p>\n<\/div>\n<\/div>\n<\/div>\n<\/div>\n<\/div>\n<\/div>\n<\/div>\n<\/div>\n<\/article>\n<\/section>\n<p>&nbsp;<\/p>\n<div class=\"article-content\">\n<div id=\"ctl00_PlaceHolderMain_ctl05__ControlWrapper_RichHtmlField\" class=\"ms-rtestate-field\" aria-labelledby=\"ctl00_PlaceHolderMain_ctl05_label\">\n<p style=\"text-align: right;\"><strong>Actualitzat:24\/03\/2026<\/strong><\/p>\n<\/div>\n<\/div>\n","protected":false},"excerpt":{"rendered":"<p><a href=\"https:\/\/tramits.gencat.cat\/ca\/tramits\/tramits-temes\/preinscripcio-ife\" target=\"_blank\" rel=\"noopener\">Acc\u00e9s a la preinscripci\u00f3<\/a><br \/>\nRequisits<\/p>\n<ol>\n<li style=\"text-align: left;\">Presentar necessitats educatives especials associades a discapacitat intel\u00b7lectual lleu o moderada (inclosos els alumnes amb trastorn de l&#8217;espectre autista).<\/li>\n<li style=\"text-align: left;\">Tenir entre 16 i 20 anys d&#8217;edat l&#8217;any natural de l&#8217;inici de l&#8217;itinerari.<\/li>\n<\/ol>\n<p>Coneix el calendari i els&hellip;  <a href=\"https:\/\/agora.xtec.cat\/ehtg\/preinscripcio-ife\/\" title=\"Read Preinscripci\u00f3 IFE 26-27\">Llegeix m\u00e9s\u00bb<\/a><\/p>\n","protected":false},"author":1,"featured_media":0,"parent":0,"menu_order":0,"comment_status":"closed","ping_status":"closed","template":"","meta":{"_bbp_topic_count":0,"_bbp_reply_count":0,"_bbp_total_topic_count":0,"_bbp_total_reply_count":0,"_bbp_voice_count":0,"_bbp_anonymous_reply_count":0,"_bbp_topic_count_hidden":0,"_bbp_reply_count_hidden":0,"_bbp_forum_subforum_count":0,"footnotes":""},"class_list":["post-2674","page","type-page","status-publish","hentry"],"post_mailing_queue_ids":[],"_links":{"self":[{"href":"https:\/\/agora.xtec.cat\/ehtg\/wp-json\/wp\/v2\/pages\/2674","targetHints":{"allow":["GET"]}}],"collection":[{"href":"https:\/\/agora.xtec.cat\/ehtg\/wp-json\/wp\/v2\/pages"}],"about":[{"href":"https:\/\/agora.xtec.cat\/ehtg\/wp-json\/wp\/v2\/types\/page"}],"author":[{"embeddable":true,"href":"https:\/\/agora.xtec.cat\/ehtg\/wp-json\/wp\/v2\/users\/1"}],"replies":[{"embeddable":true,"href":"https:\/\/agora.xtec.cat\/ehtg\/wp-json\/wp\/v2\/comments?post=2674"}],"version-history":[{"count":6,"href":"https:\/\/agora.xtec.cat\/ehtg\/wp-json\/wp\/v2\/pages\/2674\/revisions"}],"predecessor-version":[{"id":13583,"href":"https:\/\/agora.xtec.cat\/ehtg\/wp-json\/wp\/v2\/pages\/2674\/revisions\/13583"}],"wp:attachment":[{"href":"https:\/\/agora.xtec.cat\/ehtg\/wp-json\/wp\/v2\/media?parent=2674"}],"curies":[{"name":"wp","href":"https:\/\/api.w.org\/{rel}","templated":true}]}}