{"id":2655,"date":"2022-05-06T12:24:09","date_gmt":"2022-05-06T10:24:09","guid":{"rendered":"https:\/\/agora.xtec.cat\/ehtg\/?page_id=2655"},"modified":"2022-05-06T12:35:51","modified_gmt":"2022-05-06T10:35:51","slug":"politica-de-calidad-de-la-ehtg","status":"publish","type":"page","link":"https:\/\/agora.xtec.cat\/ehtg\/politica-de-calidad-de-la-ehtg\/","title":{"rendered":"Pol\u00edtica de calidad de la EHTG"},"content":{"rendered":"<p>La pol\u00edtica de calidad del INS Escola d\u2019Hostaleria i Turisme de Girona tiene como objetivo trabajar para lograr la excelencia educativa y al mismo tiempo la mejora de nuestros resultados.<\/p>\n<p>Nuestra prioridad es la satisfacci\u00f3n de nuestros grupos de inter\u00e9s:<\/p>\n<ol>\n<li><strong>Agentes que participan directamente en los procesos de ense\u00f1anza-aprendizaje: <\/strong>alumnado, profesorado y las empresas o instituciones que colaboran con nosotros impartiendo los cr\u00e9ditos de formaci\u00f3n en centros de trabajo.<\/li>\n<\/ol>\n<p>&nbsp;<\/p>\n<ol start=\"2\">\n<li><strong>Los destinatarios que\u00a0 reciben o disfrutan de los resultados obtenidos del proceso educativo: <\/strong>las familias, las empresas o instituciones que insertan laboralmente al alumnado y tambi\u00e9n la comunidad del entorno del centro donde se inserta socialmente al alumnado.<\/li>\n<\/ol>\n<p>&nbsp;<\/p>\n<ol start=\"3\">\n<li><strong>La pol\u00edtica educativa establecida por los poderes p\u00fablicos, <\/strong>en tanto en cuanto recoge las necesidades sociales en materia educativa. Estas necesidades son traducidas mediante las leyes educativas, los decretos de establecimento del curr\u00edculum, las normas reguladoras, etc.<\/li>\n<\/ol>\n<p>La satisfacci\u00f3n simult\u00e1nea de los grups de inter\u00e9s anteriores requiere el desarrollo de estrategias de excelencia, que nos llevar\u00e1n a ser proactivos y a aplicar la metodolog\u00eda REDAR en las actividades que se encuentran recogidas en los procesos.<\/p>\n<p>Todo ello quiere decir que es necesario:<\/p>\n<ul>\n<li>Planificar expl\u00edcitamente las actividades, teninendo en cuenta la satisfacci\u00f3n de los grupos de inter\u00e9s: agentes internos, destinatarios de los resultados y pol\u00edtica educativa.<\/li>\n<li>Llevar a cabo aquello que se ha planificado.<\/li>\n<li>Evaluar sistem\u00e1ticamente si se est\u00e1n consiguiendo los objectivos previamente establecidos.<\/li>\n<li>Mejorar continuamente para conseguir la excelencia de los resultados.<\/li>\n<\/ul>\n<p>El compromiso del sistema integrado de gesti\u00f3n (SIG) afecta a toda la organizaci\u00f3n y, por tanto, el equipo humano del instituto ha aceptado la responsabilidad de participar de manera activa en la mejora del sistema integrado de gesti\u00f3n y de todos los procesos. Se fomentar\u00e1 la transmisi\u00f3n de la cultura de la excelencia. Por ello, la direcci\u00f3n del instituto facilitar\u00e1 los medios para lograr el nivel de formaci\u00f3n necesario para desarrollar el SIG.<\/p>\n<p>En el \u00e1mbito de la gesti\u00f3n ambiental, nos comprometemos a trabajar para reducir y prevenir los impactos ambientales de nuestras actividades y servicios, fomentando la reducci\u00f3n, reutilitzaci\u00f3n y reciclaje de los residuos generados, as\u00ed como hacer un uso responsable de los recursos. Queremos mejorar de manera continua las pr\u00e1cticas ambientales que se llevan a cabo en el centro y fomentar la participaci\u00f3n en las campa\u00f1es medioambientales que propone la Comisi\u00f3n Verde.<\/p>\n<p>Para garantizar la calidad, se dispondr\u00e1 de un sistema de aseguramiento de la calidad certificado que se basa en la Norma ISO 9001-2015\u00a0 y el modelo e2cat.<\/p>\n<p>&nbsp;<\/p>\n","protected":false},"excerpt":{"rendered":"<p>La pol\u00edtica de calidad del INS Escola d\u2019Hostaleria i Turisme de Girona tiene como objetivo trabajar para lograr la excelencia educativa y al mismo tiempo la mejora de nuestros resultados.<br \/>\nNuestra prioridad es la satisfacci\u00f3n de nuestros grupos de inter\u00e9s:<\/p>\n<ol>\n<li>Agentes que participan directamente en los procesos&hellip;  <a href=\"https:\/\/agora.xtec.cat\/ehtg\/politica-de-calidad-de-la-ehtg\/\" title=\"Read Pol\u00edtica de calidad de la EHTG\">Llegeix m\u00e9s\u00bb<\/a><br \/>\n","protected":false},"author":1,"featured_media":0,"parent":0,"menu_order":0,"comment_status":"closed","ping_status":"closed","template":"","meta":{"_bbp_topic_count":0,"_bbp_reply_count":0,"_bbp_total_topic_count":0,"_bbp_total_reply_count":0,"_bbp_voice_count":0,"_bbp_anonymous_reply_count":0,"_bbp_topic_count_hidden":0,"_bbp_reply_count_hidden":0,"_bbp_forum_subforum_count":0,"footnotes":""},"class_list":["post-2655","page","type-page","status-publish","hentry"],"post_mailing_queue_ids":[],"_links":{"self":[{"href":"https:\/\/agora.xtec.cat\/ehtg\/wp-json\/wp\/v2\/pages\/2655","targetHints":{"allow":["GET"]}}],"collection":[{"href":"https:\/\/agora.xtec.cat\/ehtg\/wp-json\/wp\/v2\/pages"}],"about":[{"href":"https:\/\/agora.xtec.cat\/ehtg\/wp-json\/wp\/v2\/types\/page"}],"author":[{"embeddable":true,"href":"https:\/\/agora.xtec.cat\/ehtg\/wp-json\/wp\/v2\/users\/1"}],"replies":[{"embeddable":true,"href":"https:\/\/agora.xtec.cat\/ehtg\/wp-json\/wp\/v2\/comments?post=2655"}],"version-history":[{"count":3,"href":"https:\/\/agora.xtec.cat\/ehtg\/wp-json\/wp\/v2\/pages\/2655\/revisions"}],"predecessor-version":[{"id":2660,"href":"https:\/\/agora.xtec.cat\/ehtg\/wp-json\/wp\/v2\/pages\/2655\/revisions\/2660"}],"wp:attachment":[{"href":"https:\/\/agora.xtec.cat\/ehtg\/wp-json\/wp\/v2\/media?parent=2655"}],"curies":[{"name":"wp","href":"https:\/\/api.w.org\/{rel}","templated":true}]}}