{"id":2556,"date":"2022-04-08T16:42:16","date_gmt":"2022-04-08T14:42:16","guid":{"rendered":"https:\/\/agora.xtec.cat\/ehtg\/?page_id=2556"},"modified":"2025-10-20T11:51:16","modified_gmt":"2025-10-20T09:51:16","slug":"formacio-acupacional","status":"publish","type":"page","link":"https:\/\/agora.xtec.cat\/ehtg\/formacio-acupacional\/","title":{"rendered":"Certificats Professionals"},"content":{"rendered":"<p>Els\u00a0<strong>certificats professionals<\/strong>\u00a0s\u00f3n una oferta formativa disponible al llarg de l&#8217;any que permeten obtenir els coneixements, les habilitats i les aptituds per desenvolupar una activitat professional d\u2019acord amb les exig\u00e8ncies del mercat de treball actual. S\u00f3n una\u00a0<strong>titulaci\u00f3 oficial<\/strong>\u00a0que inclou un per\u00edode de formaci\u00f3 a l\u2019empresa que permet con\u00e8ixer nou talent i per tant, contractar persones qualificades.<\/p>\n<p><iframe loading=\"lazy\" title=\"CERTIFICATS PROFESSIONALS. Una porta oberta al teu nou futur\" width=\"500\" height=\"281\" src=\"https:\/\/www.youtube.com\/embed\/obcwuhkUixI?feature=oembed\" frameborder=\"0\" allow=\"accelerometer; autoplay; clipboard-write; encrypted-media; gyroscope; picture-in-picture; web-share\" referrerpolicy=\"strict-origin-when-cross-origin\" allowfullscreen><\/iframe><\/p>\n<p>Durant el curs <strong>2025-2026 l&#8217;EHTG<\/strong> t\u00e9 previstos els seg\u00fcents certificats de professionalitat 100% subvencionats:<\/p>\n<ul>\n<li>INAF0108 &#8211; Fleca i brioixeria, nivell 2 (620h)<\/li>\n<li>HTR0408 &#8211; Cuina, nivell 2 (850h)<\/li>\n<\/ul>\n<h4 style=\"text-align: center;\"><a href=\"https:\/\/forms.gle\/ohhfxxc4N6gTVV819\"><strong>Formulari de preinscripci\u00f3<\/strong><\/a><\/h4>\n<p><strong>Calendari de preinscripci\u00f3 i matricula dels certificats de professionalitat:<\/strong><\/p>\n<ul>\n<li>Pendent actualitzaci\u00f3.<\/li>\n<\/ul>\n<p><strong>Els requisits per accedir a la formaci\u00f3 dels certificats professionals depenen del nivell de qualificaci\u00f3 del certificat s\u00f3n:<\/strong><\/p>\n<p><strong>Nivell 2<\/strong><\/p>\n<ul>\n<li>T\u00edtol de graduat en educaci\u00f3 secund\u00e0ria.<\/li>\n<li>Certificat professional de nivell 2.<\/li>\n<li>Certificat professional de nivell 1 de la mateixa fam\u00edlia i \u00e0rea professional que el certificat al qual vols accedir.<\/li>\n<li>Complir el requisit acad\u00e8mic d&#8217;acc\u00e9s als cicles formatius de grau mitj\u00e0 o b\u00e9 haver superat les proves d&#8217;acc\u00e9s corresponents regulades per les administracions educatives.<\/li>\n<li>Haver superat la prova d&#8217;acc\u00e9s a la universitat per a m\u00e9s grans de 25 anys i\/o de 45 anys.<\/li>\n<\/ul>\n<p><strong>Nivell 3<\/strong><\/p>\n<ul>\n<li>T\u00edtol de batxillerat.<\/li>\n<li>Certificat professional de nivell 3.<\/li>\n<li>Certificat professional de nivell 2 de la mateixa fam\u00edlia i \u00e0rea professional.<\/li>\n<li>Complir el requisit acad\u00e8mic d&#8217;acc\u00e9s als cicles formatius de grau superior, o b\u00e9 haver superat les proves d&#8217;acc\u00e9s corresponents i regulades per les administracions educatives.<\/li>\n<li>Haver superat la prova d&#8217;acc\u00e9s a la universitat per a m\u00e9s grans de 25 anys i\/o de 45 anys.<\/li>\n<\/ul>\n<p>A m\u00e9s, cal tenir en compte el seg\u00fcent:<\/p>\n<ul>\n<li><strong>Si el compliment d&#8217;aquests requisits no es pot acreditar documentalment<\/strong>, cal superar unes proves d&#8217;avaluaci\u00f3 de les compet\u00e8ncies clau de matem\u00e0tiques i comunicaci\u00f3 ling\u00fc\u00edstica.<\/li>\n<li>Per accedir a un certificat professional que inclou algun m\u00f2dul\u00a0<strong>en llengua estrangera tamb\u00e9 cal demostrar tenir la compet\u00e8ncia en la llengua.<\/strong><\/li>\n<\/ul>\n<p>Actualment aquestes proves les duen a terme les entitats de formaci\u00f3 autoritzades pel SOC durant el proc\u00e9s de selecci\u00f3 de l&#8217;alumnat.<\/p>\n<p>&nbsp;<\/p>\n<p>Per m\u00e9s informaci\u00f3 dels certificats de professionalitat, aneu al seg\u00fcent <a href=\"https:\/\/fp.gencat.cat\/ca\/actualitat\/certificats-professionals\/\">enlla\u00e7<\/a><\/p>\n<p>&nbsp;<\/p>\n<p>&nbsp;<\/p>\n<p style=\"text-align: right;\"><strong>Actualitzat: 20\/10\/2025<\/strong><\/p>\n","protected":false},"excerpt":{"rendered":"<p>Els\u00a0certificats professionals\u00a0s\u00f3n una oferta formativa disponible al llarg de l&#8217;any que permeten obtenir els coneixements, les habilitats i les aptituds per desenvolupar una activitat professional d\u2019acord amb les exig\u00e8ncies del mercat de treball actual. S\u00f3n una\u00a0titulaci\u00f3 oficial\u00a0que inclou un per\u00edode de formaci\u00f3 a l\u2019empresa que&hellip;  <a href=\"https:\/\/agora.xtec.cat\/ehtg\/formacio-acupacional\/\" title=\"Read Certificats Professionals\">Llegeix m\u00e9s\u00bb<\/a><\/p>\n","protected":false},"author":1,"featured_media":0,"parent":0,"menu_order":0,"comment_status":"closed","ping_status":"closed","template":"","meta":{"_bbp_topic_count":0,"_bbp_reply_count":0,"_bbp_total_topic_count":0,"_bbp_total_reply_count":0,"_bbp_voice_count":0,"_bbp_anonymous_reply_count":0,"_bbp_topic_count_hidden":0,"_bbp_reply_count_hidden":0,"_bbp_forum_subforum_count":0,"footnotes":""},"class_list":["post-2556","page","type-page","status-publish","hentry"],"post_mailing_queue_ids":[],"_links":{"self":[{"href":"https:\/\/agora.xtec.cat\/ehtg\/wp-json\/wp\/v2\/pages\/2556","targetHints":{"allow":["GET"]}}],"collection":[{"href":"https:\/\/agora.xtec.cat\/ehtg\/wp-json\/wp\/v2\/pages"}],"about":[{"href":"https:\/\/agora.xtec.cat\/ehtg\/wp-json\/wp\/v2\/types\/page"}],"author":[{"embeddable":true,"href":"https:\/\/agora.xtec.cat\/ehtg\/wp-json\/wp\/v2\/users\/1"}],"replies":[{"embeddable":true,"href":"https:\/\/agora.xtec.cat\/ehtg\/wp-json\/wp\/v2\/comments?post=2556"}],"version-history":[{"count":6,"href":"https:\/\/agora.xtec.cat\/ehtg\/wp-json\/wp\/v2\/pages\/2556\/revisions"}],"predecessor-version":[{"id":13510,"href":"https:\/\/agora.xtec.cat\/ehtg\/wp-json\/wp\/v2\/pages\/2556\/revisions\/13510"}],"wp:attachment":[{"href":"https:\/\/agora.xtec.cat\/ehtg\/wp-json\/wp\/v2\/media?parent=2556"}],"curies":[{"name":"wp","href":"https:\/\/api.w.org\/{rel}","templated":true}]}}