{"id":2518,"date":"2022-03-29T17:46:06","date_gmt":"2022-03-29T15:46:06","guid":{"rendered":"https:\/\/agora.xtec.cat\/ehtg\/?page_id=2518"},"modified":"2025-12-18T14:18:23","modified_gmt":"2025-12-18T13:18:23","slug":"ptt-programes-de-transicio-al-treball","status":"publish","type":"page","link":"https:\/\/agora.xtec.cat\/ehtg\/ptt-programes-de-transicio-al-treball\/","title":{"rendered":"PFI Auxiliar de serveis de restauraci\u00f3 i cuina"},"content":{"rendered":"<p>&nbsp;<\/p>\n<p style=\"text-align: center;\"><a class=\"button small\" style=\"width: 250px; padding: 1em; font-weight: absolute; margin: 0.1em; color: #0a0a0a; background-color: transparent; border: 3px solid #0a0a0a;\" href=\"https:\/\/agora.xtec.cat\/ehtg\/beques\/\" target=\"_blank\" rel=\"noopener noreferrer\">BEQUES<\/a> <a class=\"button small\" style=\"width: 250px; padding: 1em; font-weight: absolute; margin: 0.1em; color: #0a0a0a; background-color: transparent; border: 3px solid #0a0a0a;\" href=\"https:\/\/docs.google.com\/spreadsheets\/d\/1qA_HnU_OzfFuwcG5rjByVo6sEqTDqq6jpGCnf3SJGEU\/edit?usp=sharing\" target=\"_blank\" rel=\"noopener noreferrer\">CALENDARI CURS<\/a> \u00a0<a class=\"button small\" style=\"width: 250px; padding: 1em; font-weight: absolute; margin: 0.1em; color: #0a0a0a; background-color: transparent; border: 3px solid #0a0a0a;\" href=\"https:\/\/agora.xtec.cat\/ehtg\/?page_id=12828&amp;preview=true\" target=\"_blank\" rel=\"noopener noreferrer\">MATRICULA<\/a> <a class=\"button small\" style=\"width: 250px; padding: 1em; font-weight: absolute; margin: 0.1em; color: #0a0a0a; background-color: transparent; border: 3px solid #0a0a0a;\" href=\"https:\/\/agora.xtec.cat\/ehtg\/preinscripcio-i-matricula-pfi-ptt\/\" target=\"_blank\" rel=\"noopener noreferrer\">PREINSCRIPCI\u00d3<\/a> <a class=\"button small\" style=\"width: 250px; padding: 1em; font-weight: absolute; margin: 0.1em; color: #0a0a0a; background-color: transparent; border: 3px solid #0a0a0a;\" href=\"https:\/\/agora.xtec.cat\/ehtg\/tramits\/\" target=\"_blank\" rel=\"noopener noreferrer\">TR\u00c0MITS<\/a><\/p>\n<p>&nbsp;<\/p>\n<p>&nbsp;<\/p>\n<p><a href=\"https:\/\/drive.google.com\/file\/d\/1Pn_kr-2mAOIBx5lXRp33IWiwx8CewcT0\/view?usp=drive_link\">OFERTA INICIAL DE PLACES CURS 25-26<\/a><\/p>\n<h3 style=\"text-align: center;\"><a href=\"https:\/\/triaeducativa.gencat.cat\/ca\/fp\/pfi\/index.html\" target=\"_blank\" rel=\"noopener\">PFI-PIP<\/a> Auxiliar de serveis de restauraci\u00f3 i cuina<\/h3>\n<p>El <a href=\"https:\/\/www.gencat.cat\/ensenyament\/eac\/pdf\/ETAPA_PFI_CA.pdf\" target=\"_blank\" rel=\"noopener\"><strong>PFI (Programa de Formaci\u00f3 i Inserci\u00f3)<\/strong><\/a> \u00e9s un programa de transici\u00f3 al m\u00f3n laboral del\u00a0 Departament d\u2019Educaci\u00f3 de la Generalitat de Catalunya, adre\u00e7at a joves entre 16 i 21 anys que no han finalitzat l&#8217;educaci\u00f3 secund\u00e0ria obligat\u00f2ria.<\/p>\n<p><a href=\"https:\/\/agora.xtec.cat\/ehtg\/wp-content\/uploads\/usu2642\/2023\/05\/PFI-Auxiliar-en-Hostaleria-Cuina-i-Serveis-de-Restauracio.pdf\" target=\"_blank\" rel=\"noopener\">Aquest programa permet als joves:<\/a><\/p>\n<ul>\n<li>Poder accedir directament als <strong>Cicles Formatius de Grau Mitj\u00e0<\/strong>\u00a0(CFGM).<\/li>\n<li>Poder obtenir el <strong>Graduat d\u2019ESO\u00a0<\/strong>a\u00a0<strong>l\u2019Escola d\u2019Adults un cop acabat el curs\u00a0<\/strong>sense tenir 18 anys.<\/li>\n<\/ul>\n<p>La\u00a0<strong>durada<\/strong> del PFI \u00e9s <strong>d\u2019un curs escolar,<\/strong> de setembre a juny, on s&#8217;imparteixen <strong>M\u00f2duls de Formaci\u00f3 General<\/strong> i <strong>de Formaci\u00f3 Professional, <\/strong>que inclou pr\u00e0ctiques en empreses.<\/p>\n<section class=\"padding-xs padding-sm padding-md colorSectionOdd\">\n<article class=\"container fullcontainer-xs\">\n<div class=\"row\">\n<div id=\"center_4R\">\n<div id=\"llista_688c87e4-5c88-11eb-9783-005056924a59_688c87e5-5c88-11eb-9783-005056924a59\" class=\"fpca_llista_enllacIcones formatter_body\">\n<div class=\"wrapper_llista_enllacIcones\">\n<div class=\"list-item-wrapper\">\n<div class=\"col content-col\">\n<div class=\"bloc-mobil\">\n<div class=\"descripcio link-dotted\">\n<p style=\"text-align: right;\"><strong>Actualitzat: 5\/05\/2025<\/strong><\/p>\n<\/div>\n<\/div>\n<\/div>\n<\/div>\n<\/div>\n<\/div>\n<\/div>\n<\/div>\n<\/article>\n<\/section>\n","protected":false},"excerpt":{"rendered":"<p>&nbsp;<br \/>\n<a class=\"button small\" style=\"width: 250px; padding: 1em; font-weight: absolute; margin: 0.1em; color: #0a0a0a; background-color: transparent; border: 3px solid #0a0a0a;\" href=\"https:\/\/agora.xtec.cat\/ehtg\/beques\/\" target=\"_blank\" rel=\"noopener noreferrer\">BEQUES<\/a> <a class=\"button small\" style=\"width: 250px; padding: 1em; font-weight: absolute; margin: 0.1em; color: #0a0a0a; background-color: transparent; border: 3px solid #0a0a0a;\" href=\"https:\/\/docs.google.com\/spreadsheets\/d\/1qA_HnU_OzfFuwcG5rjByVo6sEqTDqq6jpGCnf3SJGEU\/edit?usp=sharing\" target=\"_blank\" rel=\"noopener&hellip;  <a href=\"https:\/\/agora.xtec.cat\/ehtg\/ptt-programes-de-transicio-al-treball\/\" title=\"Read PFI Auxiliar de serveis de restauraci\u00f3 i cuina\">Llegeix m\u00e9s\u00bb<\/a><\/p>\n","protected":false},"author":1,"featured_media":0,"parent":0,"menu_order":0,"comment_status":"closed","ping_status":"closed","template":"","meta":{"_bbp_topic_count":0,"_bbp_reply_count":0,"_bbp_total_topic_count":0,"_bbp_total_reply_count":0,"_bbp_voice_count":0,"_bbp_anonymous_reply_count":0,"_bbp_topic_count_hidden":0,"_bbp_reply_count_hidden":0,"_bbp_forum_subforum_count":0,"footnotes":""},"class_list":["post-2518","page","type-page","status-publish","hentry"],"post_mailing_queue_ids":[],"_links":{"self":[{"href":"https:\/\/agora.xtec.cat\/ehtg\/wp-json\/wp\/v2\/pages\/2518","targetHints":{"allow":["GET"]}}],"collection":[{"href":"https:\/\/agora.xtec.cat\/ehtg\/wp-json\/wp\/v2\/pages"}],"about":[{"href":"https:\/\/agora.xtec.cat\/ehtg\/wp-json\/wp\/v2\/types\/page"}],"author":[{"embeddable":true,"href":"https:\/\/agora.xtec.cat\/ehtg\/wp-json\/wp\/v2\/users\/1"}],"replies":[{"embeddable":true,"href":"https:\/\/agora.xtec.cat\/ehtg\/wp-json\/wp\/v2\/comments?post=2518"}],"version-history":[{"count":8,"href":"https:\/\/agora.xtec.cat\/ehtg\/wp-json\/wp\/v2\/pages\/2518\/revisions"}],"predecessor-version":[{"id":13542,"href":"https:\/\/agora.xtec.cat\/ehtg\/wp-json\/wp\/v2\/pages\/2518\/revisions\/13542"}],"wp:attachment":[{"href":"https:\/\/agora.xtec.cat\/ehtg\/wp-json\/wp\/v2\/media?parent=2518"}],"curies":[{"name":"wp","href":"https:\/\/api.w.org\/{rel}","templated":true}]}}