{"id":2356,"date":"2022-01-23T16:30:02","date_gmt":"2022-01-23T15:30:02","guid":{"rendered":"https:\/\/agora.xtec.cat\/ehtg\/?page_id=2356"},"modified":"2022-01-23T16:30:02","modified_gmt":"2022-01-23T15:30:02","slug":"convenis-vigents","status":"publish","type":"page","link":"https:\/\/agora.xtec.cat\/ehtg\/convenis-vigents\/","title":{"rendered":"Convenis vigents"},"content":{"rendered":"<p>Addenda de pr\u00f2rroga al Registre P\u00fablic de Contractes i la proposta de pr\u00f2rroga a la Plataforma de Contractaci\u00f3 P\u00fablica al seg\u00fcent enlla\u00e7: <a href=\"https:\/\/contractaciopublica.gencat.cat\/ecofin_pscp\/AppJava\/anouncements.pscp?cn=77299246&amp;reqCode=viewAnouncements&amp;type=dcan\">https:\/\/contractaciopublica.gencat.cat\/ecofin_pscp\/AppJava\/anouncements.pscp?cn=77299246&amp;reqCode=viewAnouncements&amp;type=dcan<\/a><\/p>\n","protected":false},"excerpt":{"rendered":"<p>Addenda de pr\u00f2rroga al Registre P\u00fablic de Contractes i la proposta de pr\u00f2rroga a la Plataforma de Contractaci\u00f3 P\u00fablica al seg\u00fcent enlla\u00e7: <a href=\"https:\/\/contractaciopublica.gencat.cat\/ecofin_pscp\/AppJava\/anouncements.pscp?cn=77299246&amp;reqCode=viewAnouncements&amp;type=dcan\">https:\/\/contractaciopublica.gencat.cat\/ecofin_pscp\/AppJava\/anouncements.pscp?cn=77299246&amp;reqCode=viewAnouncements&amp;type=dcan<\/a><\/p>\n","protected":false},"author":1,"featured_media":0,"parent":0,"menu_order":0,"comment_status":"closed","ping_status":"closed","template":"","meta":{"_bbp_topic_count":0,"_bbp_reply_count":0,"_bbp_total_topic_count":0,"_bbp_total_reply_count":0,"_bbp_voice_count":0,"_bbp_anonymous_reply_count":0,"_bbp_topic_count_hidden":0,"_bbp_reply_count_hidden":0,"_bbp_forum_subforum_count":0,"footnotes":""},"class_list":["post-2356","page","type-page","status-publish","hentry"],"post_mailing_queue_ids":[],"_links":{"self":[{"href":"https:\/\/agora.xtec.cat\/ehtg\/wp-json\/wp\/v2\/pages\/2356","targetHints":{"allow":["GET"]}}],"collection":[{"href":"https:\/\/agora.xtec.cat\/ehtg\/wp-json\/wp\/v2\/pages"}],"about":[{"href":"https:\/\/agora.xtec.cat\/ehtg\/wp-json\/wp\/v2\/types\/page"}],"author":[{"embeddable":true,"href":"https:\/\/agora.xtec.cat\/ehtg\/wp-json\/wp\/v2\/users\/1"}],"replies":[{"embeddable":true,"href":"https:\/\/agora.xtec.cat\/ehtg\/wp-json\/wp\/v2\/comments?post=2356"}],"version-history":[{"count":1,"href":"https:\/\/agora.xtec.cat\/ehtg\/wp-json\/wp\/v2\/pages\/2356\/revisions"}],"predecessor-version":[{"id":2357,"href":"https:\/\/agora.xtec.cat\/ehtg\/wp-json\/wp\/v2\/pages\/2356\/revisions\/2357"}],"wp:attachment":[{"href":"https:\/\/agora.xtec.cat\/ehtg\/wp-json\/wp\/v2\/media?parent=2356"}],"curies":[{"name":"wp","href":"https:\/\/api.w.org\/{rel}","templated":true}]}}