{"id":2306,"date":"2022-01-17T14:57:08","date_gmt":"2022-01-17T13:57:08","guid":{"rendered":"https:\/\/agora.xtec.cat\/ehtg\/?page_id=2306"},"modified":"2024-04-28T15:46:20","modified_gmt":"2024-04-28T13:46:20","slug":"servei-dorientacio","status":"publish","type":"page","link":"https:\/\/agora.xtec.cat\/ehtg\/servei-dorientacio\/","title":{"rendered":"Servei d&#8217;Orientaci\u00f3"},"content":{"rendered":"<h3 style=\"text-align: center;\"><span style=\"color: #3366ff;\"><strong>Servei d\u2019Informaci\u00f3 i Orientaci\u00f3 Acad\u00e8mica-Professional<\/strong><\/span><\/h3>\n<p style=\"text-align: center;\"><em><strong>B\u00fastia de contacte:<\/strong><\/em><\/p>\n<p style=\"text-align: center;\"><a href=\"mailto:orientacio@ehtg.cat\">orientacio@ehtg.cat <\/a><\/p>\n<p>L\u2019EHTG ofereix un servei d\u2019informaci\u00f3 i orientaci\u00f3 acad\u00e8mica i professional a la comunitat educativa de l\u2019escola: d\u2019atenci\u00f3 personalitzada a l\u2019alumnat de cicles formatius i persones interessades en els estudis d\u2019FP per a la construcci\u00f3 del seu itinerari professional en el sector de la restauraci\u00f3 i del turisme i a les seves fam\u00edlies, i de cooperaci\u00f3 i treball amb xarxa amb l\u2019equip docent dels cicles i especialistes de la xarxa de suports a l\u2019educaci\u00f3 inclusiva.<\/p>\n<p>El servei tamb\u00e9 s\u2019adre\u00e7a a institucions i empreses col\u00b7laboradores del sector, a fi d\u2019aportar les respostes i solucions que, des de la formaci\u00f3 professional inicial, es poden dissenyar per a la millora de la qualificaci\u00f3 professional, l\u2019ocupabilitat de les persones i la competitivitat de les empreses.<\/p>\n<h4 style=\"text-align: center;\"><span style=\"color: #3366ff;\">EIXOS D\u2019ACTUACI\u00d3<\/span><\/h4>\n<h5><em><strong>ELS ALUMNES I PROFESSORS<\/strong><\/em><\/h5>\n<p>Des del Departament d\u2019Orientaci\u00f3 en cooperaci\u00f3 amb els\/les tutors\/es i l\u2019equip docent, vetllem pel benestar emocional i el creixement personal i acad\u00e8mic dels nostres alumnes.<\/p>\n<p>Prioritzem l\u2019<strong>acollida <\/strong>i adaptaci\u00f3 dels alumnes als cicles formatius, tenint present que el canvi d\u2019etapa suposa un proc\u00e9s complex. Realitzem un <strong>seguiment i acompanyament individualitzat<\/strong> als alumnes que ho requereixen per motius personals, socials i\/o acad\u00e8mics. L\u2019<strong>atenci\u00f3 a la diversitat<\/strong> i la mirada inclusiva en la nostra acci\u00f3 docent, les estrat\u00e8gies metodol\u00f2giques i la construcci\u00f3 d\u2019un <strong>projecte professional i de vida<\/strong> de l\u2019alumne, les oferim des de l\u2019orientaci\u00f3 personal, acad\u00e8mica i professional al llarg de tot el cicle, prioritzant la pressa de decisions i la capacitat emprenedora en l\u2019\u00faltim curs de cicle.<\/p>\n<h5><\/h5>\n<h5><em><strong>LES FAM\u00cdLIES<\/strong><\/em><\/h5>\n<p>Des del Departament d\u2019Orientaci\u00f3, es considera molt important l\u2019acollida i l\u2019acompanyament a les fam\u00edlies en els processos educatius dels seus fills\/es, per aquest motius es realitzen tutories compartides amb els\/les professors\/es tutors\/es i fam\u00edlies, assessorant-les en relaci\u00f3 als dubtes, inquietuds o reptes que se\u2019ls plantegin a les fam\u00edlies i l&#8217;alumnat.<\/p>\n<p>&nbsp;<\/p>\n<h5><strong><em>TREBALL EN XARXA<\/em><\/strong><\/h5>\n<p>Des del Departament d\u2019Orientaci\u00f3, treballem de manera cooperativa i col\u00b7laborativa amb l\u2019equip docent i tutors\/es en el marc del Pla d\u2019Acci\u00f3 Tutorial (incidint en h\u00e0bits i t\u00e8cniques d\u2019estudi, salut emocional, resoluci\u00f3 de conflictes, motivaci\u00f3, etc.), l\u2019IPOP (itinerari personal d\u2019orientaci\u00f3 professional), Pla de Conviv\u00e8ncia i altres iniciatives i projectes educatius de l\u2019escola, aix\u00ed com promovem el treball amb xarxa amb altres professionals especialistes de la xarxa de suport a l\u2019educaci\u00f3 inclusiva (EAP, CSMIJ, CSMA, CDIAP, gabinets psicopedag\u00f2gics, etc.)<\/p>\n<p>&nbsp;<\/p>\n<p style=\"text-align: center;\">Webs d\u2019inter\u00e8s:<\/p>\n<p style=\"text-align: center;\"><a href=\"http:\/\/queestudiar.gencat.cat\/ca\/index.html\" target=\"_blank\" rel=\"noopener\">http:\/\/queestudiar.gencat.cat\/ca\/index.html<\/a><\/p>\n<p style=\"text-align: center;\"><a href=\"https:\/\/triaeducativa.gencat.cat\/ca\/inici\/\" target=\"_blank\" rel=\"noopener\">https:\/\/triaeducativa.gencat.cat\/ca\/inici\/<\/a><\/p>\n<p style=\"text-align: center;\"><a href=\"https:\/\/web.girona.cat\/consellfpo\/ofertafp\" target=\"_blank\" rel=\"noopener\">https:\/\/web.girona.cat\/consellfpo\/ofertafp<\/a><\/p>\n<p style=\"text-align: center;\"><a href=\"http:\/\/familiaiescola.gencat.cat\/ca\" target=\"_blank\" rel=\"noopener\">http:\/\/familiaiescola.gencat.cat\/ca<\/a><\/p>\n<p style=\"text-align: center;\"><a href=\"https:\/\/www.fapaes.cat\/\" target=\"_blank\" rel=\"noopener\">https:\/\/www.fapaes.cat<\/a><\/p>\n","protected":false},"excerpt":{"rendered":"<p>Servei d\u2019Informaci\u00f3 i Orientaci\u00f3 Acad\u00e8mica-Professional<br \/>\nB\u00fastia de contacte:<br \/>\n<a href=\"mailto:orientacio@ehtg.cat\">orientacio@ehtg.cat <\/a><br \/>\nL\u2019EHTG ofereix un servei d\u2019informaci\u00f3 i orientaci\u00f3 acad\u00e8mica i professional a la comunitat educativa de l\u2019escola: d\u2019atenci\u00f3 personalitzada a l\u2019alumnat de cicles formatius i persones interessades en els estudis d\u2019FP per a la construcci\u00f3 del seu itinerari&hellip;  <a href=\"https:\/\/agora.xtec.cat\/ehtg\/servei-dorientacio\/\" title=\"Read Servei d&#8217;Orientaci\u00f3\">Llegeix m\u00e9s\u00bb<\/a><\/p>\n","protected":false},"author":1,"featured_media":0,"parent":0,"menu_order":0,"comment_status":"closed","ping_status":"closed","template":"","meta":{"_bbp_topic_count":0,"_bbp_reply_count":0,"_bbp_total_topic_count":0,"_bbp_total_reply_count":0,"_bbp_voice_count":0,"_bbp_anonymous_reply_count":0,"_bbp_topic_count_hidden":0,"_bbp_reply_count_hidden":0,"_bbp_forum_subforum_count":0,"footnotes":""},"class_list":["post-2306","page","type-page","status-publish","hentry"],"post_mailing_queue_ids":[],"_links":{"self":[{"href":"https:\/\/agora.xtec.cat\/ehtg\/wp-json\/wp\/v2\/pages\/2306","targetHints":{"allow":["GET"]}}],"collection":[{"href":"https:\/\/agora.xtec.cat\/ehtg\/wp-json\/wp\/v2\/pages"}],"about":[{"href":"https:\/\/agora.xtec.cat\/ehtg\/wp-json\/wp\/v2\/types\/page"}],"author":[{"embeddable":true,"href":"https:\/\/agora.xtec.cat\/ehtg\/wp-json\/wp\/v2\/users\/1"}],"replies":[{"embeddable":true,"href":"https:\/\/agora.xtec.cat\/ehtg\/wp-json\/wp\/v2\/comments?post=2306"}],"version-history":[{"count":3,"href":"https:\/\/agora.xtec.cat\/ehtg\/wp-json\/wp\/v2\/pages\/2306\/revisions"}],"predecessor-version":[{"id":2730,"href":"https:\/\/agora.xtec.cat\/ehtg\/wp-json\/wp\/v2\/pages\/2306\/revisions\/2730"}],"wp:attachment":[{"href":"https:\/\/agora.xtec.cat\/ehtg\/wp-json\/wp\/v2\/media?parent=2306"}],"curies":[{"name":"wp","href":"https:\/\/api.w.org\/{rel}","templated":true}]}}