{"id":2241,"date":"2022-01-01T18:05:59","date_gmt":"2022-01-01T17:05:59","guid":{"rendered":"https:\/\/agora.xtec.cat\/ehtg\/?page_id=2241"},"modified":"2024-06-07T11:45:48","modified_gmt":"2024-06-07T09:45:48","slug":"politica-de-qualitat-de-lehtg","status":"publish","type":"page","link":"https:\/\/agora.xtec.cat\/ehtg\/politica-de-qualitat-de-lehtg\/","title":{"rendered":"Pol\u00edtica de qualitat de l&#8217;EHTG"},"content":{"rendered":"<p>La pol\u00edtica de qualitat de l\u2019INS Escola d\u2019Hostaleria i Turisme de Girona t\u00e9 com a objectiu treballar per l\u2019assoliment de l\u2019excel\u00b7l\u00e8ncia educativa i alhora la millora dels nostres resultats.<\/p>\n<p>La nostra prioritat \u00e9s la satisfacci\u00f3 dels nostres grups d\u2019inter\u00e8s:<\/p>\n<ol>\n<li><strong>Agents que participen directament en els processos d\u2019ensenyament-aprenentatge: <\/strong>alumnat, professorat i les empreses o institucions que col\u00b7laboren amb nosaltres impartint els cr\u00e8dits de formaci\u00f3 en centres de treball.<\/li>\n<\/ol>\n<p>&nbsp;<\/p>\n<ol start=\"2\">\n<li><strong>Els destinataris que\u00a0 reben o gaudeixen dels resultats obtinguts del proc\u00e9s educatiu: <\/strong>les fam\u00edlies, les empreses o institucions que insereixen laboralment l\u2019alumnat i tamb\u00e9 la comunitat de l\u2019entorn del centre on s\u2019insereix socialment l\u2019alumnat.<\/li>\n<\/ol>\n<p>&nbsp;<\/p>\n<ol start=\"3\">\n<li><strong>La pol\u00edtica educativa establerta pels poders p\u00fablics, <\/strong>en tant en quan recull les necessitats socials en mat\u00e8ria educativa. Aquestes necessitats s\u00f3n tradu\u00efdes mitjan\u00e7ant les lleis educatives, els decrets d\u2019establiment del curr\u00edculum, les normes reguladores, etc.<\/li>\n<\/ol>\n<p>La satisfacci\u00f3 simult\u00e0nia dels grups d\u2019inter\u00e8s anteriors requereix el desenvolupament d\u2019estrat\u00e8gies d\u2019excel\u00b7l\u00e8ncia, que ens portaran a ser proactius i a aplicar la metodologia REDAR en les activitats que es troben recollides en els processos.<\/p>\n<p>Aix\u00f2 vol dir que cal:<\/p>\n<ul>\n<li>Planificar expl\u00edcitament les activitats, tenint en compte la satisfacci\u00f3 dels grups d\u2019inter\u00e8s: agents interns, destinataris dels resultats i pol\u00edtica educativa.<\/li>\n<li>Dur a terme all\u00f2 que s\u2019ha planificat.<\/li>\n<li>Avaluar sistem\u00e0ticament si s\u2019estan aconseguint els objectius pr\u00e8viament establerts.<\/li>\n<li>Millorar cont\u00ednuament per aconseguir l\u2019excel\u00b7l\u00e8ncia dels resultats.<\/li>\n<\/ul>\n<p>El comprom\u00eds del sistema integrat de gesti\u00f3 (SIG) afecta tota l\u2019organitzaci\u00f3 i, per tant, l\u2019equip hum\u00e0 de l\u2019institut ha acceptat la responsabilitat de participar de manera activa en la millora del sistema integrat de gesti\u00f3 i de tots els processos. Es fomentar\u00e0 la transmissi\u00f3 de la cultura de l\u2019excel\u00b7l\u00e8ncia. Per aix\u00f2, la direcci\u00f3 de l\u2019institut facilitar\u00e0 els mitjans per assolir el nivell de formaci\u00f3 necessari per desenvolupar el SIG.<\/p>\n<p>En l\u2019\u00e0mbit de la gesti\u00f3 ambiental, ens comprometem a treballar per reduir i prevenir els impactes ambientals de les nostres activitats i serveis, fomentant la reducci\u00f3, reutilitzaci\u00f3 i reciclatge dels residus generats, aix\u00ed com fer un \u00fas responsable dels recursos. Volem millorar de manera cont\u00ednua les pr\u00e0ctiques ambientals que es porten a terme al centre i fomentar la participaci\u00f3 en les campanyes mediambientals que proposa la Comissi\u00f3 Verda.<\/p>\n<p>Per garantir la qualitat, es disposar\u00e0 d\u2019un sistema d\u2019assegurament de la qualitat certificat que es basa en la Norma ISO 9001-2015\u00a0 i el model e2cat.<\/p>\n<p>&nbsp;<\/p>\n<p><strong>Actualitzat: 19\/04\/24<\/strong><\/p>\n","protected":false},"excerpt":{"rendered":"<p>La pol\u00edtica de qualitat de l\u2019INS Escola d\u2019Hostaleria i Turisme de Girona t\u00e9 com a objectiu treballar per l\u2019assoliment de l\u2019excel\u00b7l\u00e8ncia educativa i alhora la millora dels nostres resultats.<br \/>\nLa nostra prioritat \u00e9s la satisfacci\u00f3 dels nostres grups d\u2019inter\u00e8s:<\/p>\n<ol>\n<li>Agents que participen directament en els processos d\u2019ensenyament-aprenentatge:&hellip;  <a href=\"https:\/\/agora.xtec.cat\/ehtg\/politica-de-qualitat-de-lehtg\/\" title=\"Read Pol\u00edtica de qualitat de l&#8217;EHTG\">Llegeix m\u00e9s\u00bb<\/a><br \/>\n","protected":false},"author":1,"featured_media":0,"parent":0,"menu_order":0,"comment_status":"closed","ping_status":"closed","template":"","meta":{"_bbp_topic_count":0,"_bbp_reply_count":0,"_bbp_total_topic_count":0,"_bbp_total_reply_count":0,"_bbp_voice_count":0,"_bbp_anonymous_reply_count":0,"_bbp_topic_count_hidden":0,"_bbp_reply_count_hidden":0,"_bbp_forum_subforum_count":0,"footnotes":""},"class_list":["post-2241","page","type-page","status-publish","hentry"],"post_mailing_queue_ids":[],"_links":{"self":[{"href":"https:\/\/agora.xtec.cat\/ehtg\/wp-json\/wp\/v2\/pages\/2241","targetHints":{"allow":["GET"]}}],"collection":[{"href":"https:\/\/agora.xtec.cat\/ehtg\/wp-json\/wp\/v2\/pages"}],"about":[{"href":"https:\/\/agora.xtec.cat\/ehtg\/wp-json\/wp\/v2\/types\/page"}],"author":[{"embeddable":true,"href":"https:\/\/agora.xtec.cat\/ehtg\/wp-json\/wp\/v2\/users\/1"}],"replies":[{"embeddable":true,"href":"https:\/\/agora.xtec.cat\/ehtg\/wp-json\/wp\/v2\/comments?post=2241"}],"version-history":[{"count":4,"href":"https:\/\/agora.xtec.cat\/ehtg\/wp-json\/wp\/v2\/pages\/2241\/revisions"}],"predecessor-version":[{"id":12855,"href":"https:\/\/agora.xtec.cat\/ehtg\/wp-json\/wp\/v2\/pages\/2241\/revisions\/12855"}],"wp:attachment":[{"href":"https:\/\/agora.xtec.cat\/ehtg\/wp-json\/wp\/v2\/media?parent=2241"}],"curies":[{"name":"wp","href":"https:\/\/api.w.org\/{rel}","templated":true}]}}