{"id":2232,"date":"2021-12-16T13:07:35","date_gmt":"2021-12-16T12:07:35","guid":{"rendered":"https:\/\/agora.xtec.cat\/ehtg\/?page_id=2232"},"modified":"2023-10-07T13:21:46","modified_gmt":"2023-10-07T11:21:46","slug":"restaurant-pedagogique","status":"publish","type":"page","link":"https:\/\/agora.xtec.cat\/ehtg\/restaurant-pedagogique\/","title":{"rendered":"Restaurant p\u00e9dagogique"},"content":{"rendered":"<h1>Notre offre<\/h1>\n<p>Un menu compos\u00e9 d&#8217;hors-d&#8217;\u0153uvre, entr\u00e9e et plat, en plus du dessert maison. L&#8217;eau, un verre de vin ou de bi\u00e8re et les caf\u00e9s sont inclus dans le menu.<\/p>\n<p>Prix total: <strong>15 \u20ac<\/strong><\/p>\n<h1>Horaire<\/h1>\n<p>Horaire du service: de 13h \u00e0 13h30. <strong>Uniquement \u00e0 midi, le mardi, le mercredi et le jeudi.<\/strong><\/p>\n<p><strong>Vous \u00eates pri\u00e9s d&#8217;\u00eatre ponctuels. Nous vous prions de terminer vos repas \u00e0 15 h au plus tard car cela garantie la ponctualit\u00e9 de la fin du cours pratique des \u00e9l\u00e8ves.<\/strong><\/p>\n<p>Nous vous remercions de votre compr\u00e9hension.<\/p>\n<p><strong>R\u00e9servation obligatoire. Pour r\u00e9server, t\u00e9l\u00e9phonez au 972 22 01 22.<\/strong><\/p>\n<p>&nbsp;<\/p>\n","protected":false},"excerpt":{"rendered":"<p>Notre offre<br \/>\nUn menu compos\u00e9 d&#8217;hors-d&#8217;\u0153uvre, entr\u00e9e et plat, en plus du dessert maison. L&#8217;eau, un verre de vin ou de bi\u00e8re et les caf\u00e9s sont inclus dans le menu.<br \/>\nPrix total: 15 \u20ac<br \/>\nHoraire<br \/>\nHoraire du service: de 13h \u00e0 13h30. Uniquement \u00e0 midi, le mardi, le mercredi&hellip;  <a href=\"https:\/\/agora.xtec.cat\/ehtg\/restaurant-pedagogique\/\" title=\"Read Restaurant p\u00e9dagogique\">Llegeix m\u00e9s\u00bb<\/a><\/p>\n","protected":false},"author":40,"featured_media":0,"parent":0,"menu_order":0,"comment_status":"closed","ping_status":"closed","template":"","meta":{"_bbp_topic_count":0,"_bbp_reply_count":0,"_bbp_total_topic_count":0,"_bbp_total_reply_count":0,"_bbp_voice_count":0,"_bbp_anonymous_reply_count":0,"_bbp_topic_count_hidden":0,"_bbp_reply_count_hidden":0,"_bbp_forum_subforum_count":0,"footnotes":""},"class_list":["post-2232","page","type-page","status-publish","hentry"],"post_mailing_queue_ids":[],"_links":{"self":[{"href":"https:\/\/agora.xtec.cat\/ehtg\/wp-json\/wp\/v2\/pages\/2232","targetHints":{"allow":["GET"]}}],"collection":[{"href":"https:\/\/agora.xtec.cat\/ehtg\/wp-json\/wp\/v2\/pages"}],"about":[{"href":"https:\/\/agora.xtec.cat\/ehtg\/wp-json\/wp\/v2\/types\/page"}],"author":[{"embeddable":true,"href":"https:\/\/agora.xtec.cat\/ehtg\/wp-json\/wp\/v2\/users\/40"}],"replies":[{"embeddable":true,"href":"https:\/\/agora.xtec.cat\/ehtg\/wp-json\/wp\/v2\/comments?post=2232"}],"version-history":[{"count":4,"href":"https:\/\/agora.xtec.cat\/ehtg\/wp-json\/wp\/v2\/pages\/2232\/revisions"}],"predecessor-version":[{"id":4009,"href":"https:\/\/agora.xtec.cat\/ehtg\/wp-json\/wp\/v2\/pages\/2232\/revisions\/4009"}],"wp:attachment":[{"href":"https:\/\/agora.xtec.cat\/ehtg\/wp-json\/wp\/v2\/media?parent=2232"}],"curies":[{"name":"wp","href":"https:\/\/api.w.org\/{rel}","templated":true}]}}