{"id":2227,"date":"2021-12-16T12:57:04","date_gmt":"2021-12-16T11:57:04","guid":{"rendered":"https:\/\/agora.xtec.cat\/ehtg\/?page_id=2227"},"modified":"2023-09-21T17:34:56","modified_gmt":"2023-09-21T15:34:56","slug":"restaurant-de-degustation","status":"publish","type":"page","link":"https:\/\/agora.xtec.cat\/ehtg\/restaurant-de-degustation\/","title":{"rendered":"Restaurant de d\u00e9gustation"},"content":{"rendered":"<h1>Notre offre<\/h1>\n<div class=\"text mb15\">\n<p>Un menu d\u00e9gustation compos\u00e9 de plats appartenant \u00e0 des cartes que nous changeons tout au long du cours.<\/p>\n<p>Ce menu est \u00e9labor\u00e9 par les professeurs et les \u00e9l\u00e8ves du lyc\u00e9e et il est compos\u00e9 de :\u00a0 amuse-bouches, entr\u00e9e froide, entr\u00e9e chaude, poisson, viande, pre d\u00e9ssert, dessert, caf\u00e9 ou infusion et petits fours.<\/p>\n<p>Prix : <strong>35 \u20ac <\/strong>+ accord mets et vins. TVA incluse.<\/p>\n<p><strong>\u00a0 \u00a0 \u00a0 \u00a0 \u00a030 \u20ac<\/strong> sans alcool. TVA incluse.<\/p>\n<h1>Horaire<\/h1>\n<p>Horari du service : de 13h30 \u00e0 14h30. <strong>Uniquement \u00e0 midi<\/strong>.<strong> Le lundi est ferm\u00e9.<\/strong><\/p>\n<p>De mardi \u00e0 vendredi, les jours ouvrables.\u00a0 C&#8217;est ferm\u00e9 en p\u00e9riode des vacances scolaires ou des jours f\u00e9ri\u00e9s.<\/p>\n<p><strong>Nous vous prions d&#8217;\u00eatre ponctuels. Il est essentiel de terminer les repas au plus tard \u00e0 16h30 pour garantir la fin des classes pratiques \u00e0 l&#8217;heure.<\/strong><\/p>\n<p>Nous vous remercions de votre compr\u00e9hension.<\/p>\n<p><strong>Pour effectuer une r\u00e9servation,\u00a0 voici notre num\u00e9ro de t\u00e9l\u00e9phone : 972 22 01 22.<\/strong><\/p>\n<p>&nbsp;<\/p>\n<p>Dans notre restaurant, nous accomplissons le r\u00e8glement \u00e9tabli du COVID-19, en tenant compte des mesures prises par les autorit\u00e9s comp\u00e9tentes. N&#8217;h\u00e9sitez pas \u00e0 demander des informations au personnel du service, en cas de doute.<\/p>\n<\/div>\n","protected":false},"excerpt":{"rendered":"<p>Notre offre<\/p>\n<p>Un menu d\u00e9gustation compos\u00e9 de plats appartenant \u00e0 des cartes que nous changeons tout au long du cours.<br \/>\nCe menu est \u00e9labor\u00e9 par les professeurs et les \u00e9l\u00e8ves du lyc\u00e9e et il est compos\u00e9 de :\u00a0 amuse-bouches, entr\u00e9e froide, entr\u00e9e chaude, poisson, viande, pre d\u00e9ssert,&hellip;  <a href=\"https:\/\/agora.xtec.cat\/ehtg\/restaurant-de-degustation\/\" title=\"Read Restaurant de d\u00e9gustation\">Llegeix m\u00e9s\u00bb<\/a><\/p>\n","protected":false},"author":40,"featured_media":0,"parent":0,"menu_order":0,"comment_status":"closed","ping_status":"closed","template":"","meta":{"_bbp_topic_count":0,"_bbp_reply_count":0,"_bbp_total_topic_count":0,"_bbp_total_reply_count":0,"_bbp_voice_count":0,"_bbp_anonymous_reply_count":0,"_bbp_topic_count_hidden":0,"_bbp_reply_count_hidden":0,"_bbp_forum_subforum_count":0,"footnotes":""},"class_list":["post-2227","page","type-page","status-publish","hentry"],"post_mailing_queue_ids":[],"_links":{"self":[{"href":"https:\/\/agora.xtec.cat\/ehtg\/wp-json\/wp\/v2\/pages\/2227","targetHints":{"allow":["GET"]}}],"collection":[{"href":"https:\/\/agora.xtec.cat\/ehtg\/wp-json\/wp\/v2\/pages"}],"about":[{"href":"https:\/\/agora.xtec.cat\/ehtg\/wp-json\/wp\/v2\/types\/page"}],"author":[{"embeddable":true,"href":"https:\/\/agora.xtec.cat\/ehtg\/wp-json\/wp\/v2\/users\/40"}],"replies":[{"embeddable":true,"href":"https:\/\/agora.xtec.cat\/ehtg\/wp-json\/wp\/v2\/comments?post=2227"}],"version-history":[{"count":3,"href":"https:\/\/agora.xtec.cat\/ehtg\/wp-json\/wp\/v2\/pages\/2227\/revisions"}],"predecessor-version":[{"id":3973,"href":"https:\/\/agora.xtec.cat\/ehtg\/wp-json\/wp\/v2\/pages\/2227\/revisions\/3973"}],"wp:attachment":[{"href":"https:\/\/agora.xtec.cat\/ehtg\/wp-json\/wp\/v2\/media?parent=2227"}],"curies":[{"name":"wp","href":"https:\/\/api.w.org\/{rel}","templated":true}]}}