{"id":1805,"date":"2021-11-14T10:43:34","date_gmt":"2021-11-14T09:43:34","guid":{"rendered":"https:\/\/agora.xtec.cat\/ehtg\/?page_id=1805"},"modified":"2021-11-14T10:43:34","modified_gmt":"2021-11-14T09:43:34","slug":"tableau-doffres-demploi","status":"publish","type":"page","link":"https:\/\/agora.xtec.cat\/ehtg\/tableau-doffres-demploi\/","title":{"rendered":"tableau d&#8217;offres d&#8217;emploi"},"content":{"rendered":"<p style=\"text-align: justify;\">La borsa de treball \u00e9s un espai que pret\u00e9n posar en contacte les empreses del sector i el nostre alumnat i exalumnat. No \u00e9s un servei d&#8217;ocupaci\u00f3. El que fem \u00e9s posar a disposici\u00f3 del nostre alumnat ofertes i oportunitats de feina, i publicar durant 20 dies ofertes fetes per empreses del sector.<\/p>\n<p style=\"text-align: justify;\">Darrera aquesta conflu\u00e8ncia de les ofertes i demandes de treball, la missi\u00f3 \u00e9s facilitar treball al nostre alumnat i ajudar les empreses del sector a trobar personal format i competent. Perseguim una millora del sector.<\/p>\n<p style=\"text-align: justify;\">El centre tamb\u00e9 t\u00e9 servei d\u2019orientaci\u00f3. Actualment, les crisis, la desocupaci\u00f3 i els problemes d\u2019adaptaci\u00f3, produ\u00efts per l\u2019evoluci\u00f3 constant de les t\u00e8cniques i del sector, fan que el sector demandi perfils com el nostre alumnat.<\/p>\n<p><a href=\"https:\/\/agora.xtec.cat\/ehtg\/afegir-nova-oferta\/\">Afegir nova oferta<\/a><\/p>\n<p><a href=\"https:\/\/sites.google.com\/ehtg.cat\/escoladhostaleriaiturismedegir\/p%C3%A0gina-dinici\">Ofertes<\/a><\/p>\n","protected":false},"excerpt":{"rendered":"<p>La borsa de treball \u00e9s un espai que pret\u00e9n posar en contacte les empreses del sector i el nostre alumnat i exalumnat. No \u00e9s un servei d&#8217;ocupaci\u00f3. El que fem \u00e9s posar a disposici\u00f3 del nostre alumnat ofertes i oportunitats de feina, i publicar durant&hellip;  <a href=\"https:\/\/agora.xtec.cat\/ehtg\/tableau-doffres-demploi\/\" title=\"Read tableau d&#8217;offres d&#8217;emploi\">Llegeix m\u00e9s\u00bb<\/a><\/p>\n","protected":false},"author":1,"featured_media":0,"parent":0,"menu_order":0,"comment_status":"closed","ping_status":"closed","template":"","meta":{"_bbp_topic_count":0,"_bbp_reply_count":0,"_bbp_total_topic_count":0,"_bbp_total_reply_count":0,"_bbp_voice_count":0,"_bbp_anonymous_reply_count":0,"_bbp_topic_count_hidden":0,"_bbp_reply_count_hidden":0,"_bbp_forum_subforum_count":0,"footnotes":""},"class_list":["post-1805","page","type-page","status-publish","hentry"],"post_mailing_queue_ids":[],"_links":{"self":[{"href":"https:\/\/agora.xtec.cat\/ehtg\/wp-json\/wp\/v2\/pages\/1805","targetHints":{"allow":["GET"]}}],"collection":[{"href":"https:\/\/agora.xtec.cat\/ehtg\/wp-json\/wp\/v2\/pages"}],"about":[{"href":"https:\/\/agora.xtec.cat\/ehtg\/wp-json\/wp\/v2\/types\/page"}],"author":[{"embeddable":true,"href":"https:\/\/agora.xtec.cat\/ehtg\/wp-json\/wp\/v2\/users\/1"}],"replies":[{"embeddable":true,"href":"https:\/\/agora.xtec.cat\/ehtg\/wp-json\/wp\/v2\/comments?post=1805"}],"version-history":[{"count":1,"href":"https:\/\/agora.xtec.cat\/ehtg\/wp-json\/wp\/v2\/pages\/1805\/revisions"}],"predecessor-version":[{"id":1806,"href":"https:\/\/agora.xtec.cat\/ehtg\/wp-json\/wp\/v2\/pages\/1805\/revisions\/1806"}],"wp:attachment":[{"href":"https:\/\/agora.xtec.cat\/ehtg\/wp-json\/wp\/v2\/media?parent=1805"}],"curies":[{"name":"wp","href":"https:\/\/api.w.org\/{rel}","templated":true}]}}