{"id":1802,"date":"2021-11-14T10:42:01","date_gmt":"2021-11-14T09:42:01","guid":{"rendered":"https:\/\/agora.xtec.cat\/ehtg\/?page_id=1802"},"modified":"2021-11-14T10:42:34","modified_gmt":"2021-11-14T09:42:34","slug":"bourses-detudes","status":"publish","type":"page","link":"https:\/\/agora.xtec.cat\/ehtg\/bourses-detudes\/","title":{"rendered":"Bourses d&#8217;\u00e9tudes"},"content":{"rendered":"<p style=\"text-align: center;\"><strong>Termini per presentar les sol\u00b7licituds: del 3 d&#8217;agost al 30 de setembre de 2021<\/strong><\/p>\n<p>Nota: el termini de presentaci\u00f3 de sol\u00b7licituds per a estudiants amb domicili a l&#8217;illa de La Palma o que hi cursen estudis, pel curs 2021-2022, s&#8217;allarga fins al 31 de desembre de 2021, tant pels estudiants universitaris com pels no universitaris.<\/p>\n<p>&nbsp;<\/p>\n<p style=\"text-align: center;\"><a href=\"https:\/\/web.gencat.cat\/ca\/tramits\/tramits-temes\/Beques-de-caracter-general-per-a-estudis-postobligatoris\" target=\"_blank\" rel=\"noopener\">Beques per a ensenyaments postobligatoris no universitaris<\/a> (GENCAT)<\/p>\n<p style=\"text-align: center;\"><a href=\"https:\/\/www.educacionyfp.gob.es\/servicios-al-ciudadano\/catalogo\/estudiantes\/becas-ayudas\/para-estudiar\/formacion-profesional.html\" target=\"_blank\" rel=\"noopener\">Becas y ayudas para estudiar Formaci\u00f3n Profesional<\/a>\u00a0 (MEC)<\/p>\n<p>&nbsp;<\/p>\n<p style=\"text-align: justify;\">Existeixen diferents beques per estudiar, et recomanem que coneguis totes les<strong>\u00a0beques i ajudes\u00a0<\/strong>a les quals pots optar. A continuaci\u00f3 et presentem un resum d&#8217;aquelles que et permetran seguir amb la teua formaci\u00f3 o la dels teus.<\/p>\n<p style=\"text-align: justify;\">A continuaci\u00f3 pots trobar un enlla\u00e7 amb el resum de beques convocades pel Ministeri d&#8217;Educaci\u00f3 i Formaci\u00f3 Professional per estudiar <span style=\"color: #ff9900;\"><a style=\"color: #ff9900;\" href=\"https:\/\/www.educaweb.cat\/continguts\/educatius\/formacio-professional-fp\/\" target=\"_blank\" rel=\"noopener\">Formaci\u00f3 Professional<\/a><\/span>\u00a0o realitzar pr\u00e0ctiques professionals. Tamb\u00e9 hi trobar\u00e0s els tipus d&#8217;ajudes que inclou la beca general.<\/p>\n<p>Els\u00a0<strong>passos <\/strong>i les<strong> indicacions generals<\/strong>\u00a0estan al web del Ministeri d&#8217;Educaci\u00f3 i Formaci\u00f3 Professional. Comprova les dates amb antelaci\u00f3, ja que estan subjectes a canvis anuals.<\/p>\n<p style=\"text-align: justify;\">Tingues en compte que des de la\u00a0<a href=\"https:\/\/www.educaweb.cat\/continguts\/educatius\/beques-ajudes-premis\/beques-generalitat-catalunya\/\" target=\"_blank\" rel=\"noopener\"><strong>Generalitat de Catalunya<\/strong><\/a> tamb\u00e9 es promouen les ajudes econ\u00f2miques en aquesta etapa i les convocat\u00f2ries es publiquen al web oficial de cada departament. Informa&#8217;t de si s\u00f3n acumulatives amb les del Ministeri o si, d&#8217;altra banda, nom\u00e9s es pot sol\u00b7licitar una de les prestacions.<\/p>\n<p>&nbsp;<\/p>\n","protected":false},"excerpt":{"rendered":"<p>Termini per presentar les sol\u00b7licituds: del 3 d&#8217;agost al 30 de setembre de 2021<br \/>\nNota: el termini de presentaci\u00f3 de sol\u00b7licituds per a estudiants amb domicili a l&#8217;illa de La Palma o que hi cursen estudis, pel curs 2021-2022, s&#8217;allarga fins al 31 de desembre de&hellip;  <a href=\"https:\/\/agora.xtec.cat\/ehtg\/bourses-detudes\/\" title=\"Read Bourses d&#8217;\u00e9tudes\">Llegeix m\u00e9s\u00bb<\/a><\/p>\n","protected":false},"author":1,"featured_media":0,"parent":0,"menu_order":0,"comment_status":"closed","ping_status":"closed","template":"","meta":{"_bbp_topic_count":0,"_bbp_reply_count":0,"_bbp_total_topic_count":0,"_bbp_total_reply_count":0,"_bbp_voice_count":0,"_bbp_anonymous_reply_count":0,"_bbp_topic_count_hidden":0,"_bbp_reply_count_hidden":0,"_bbp_forum_subforum_count":0,"footnotes":""},"class_list":["post-1802","page","type-page","status-publish","hentry"],"post_mailing_queue_ids":[],"_links":{"self":[{"href":"https:\/\/agora.xtec.cat\/ehtg\/wp-json\/wp\/v2\/pages\/1802","targetHints":{"allow":["GET"]}}],"collection":[{"href":"https:\/\/agora.xtec.cat\/ehtg\/wp-json\/wp\/v2\/pages"}],"about":[{"href":"https:\/\/agora.xtec.cat\/ehtg\/wp-json\/wp\/v2\/types\/page"}],"author":[{"embeddable":true,"href":"https:\/\/agora.xtec.cat\/ehtg\/wp-json\/wp\/v2\/users\/1"}],"replies":[{"embeddable":true,"href":"https:\/\/agora.xtec.cat\/ehtg\/wp-json\/wp\/v2\/comments?post=1802"}],"version-history":[{"count":2,"href":"https:\/\/agora.xtec.cat\/ehtg\/wp-json\/wp\/v2\/pages\/1802\/revisions"}],"predecessor-version":[{"id":1804,"href":"https:\/\/agora.xtec.cat\/ehtg\/wp-json\/wp\/v2\/pages\/1802\/revisions\/1804"}],"wp:attachment":[{"href":"https:\/\/agora.xtec.cat\/ehtg\/wp-json\/wp\/v2\/media?parent=1802"}],"curies":[{"name":"wp","href":"https:\/\/api.w.org\/{rel}","templated":true}]}}