{"id":1594,"date":"2021-11-12T16:58:34","date_gmt":"2021-11-12T15:58:34","guid":{"rendered":"https:\/\/agora.xtec.cat\/ehtg\/?page_id=1594"},"modified":"2021-11-25T11:43:26","modified_gmt":"2021-11-25T10:43:26","slug":"bolsa-de-trabajo","status":"publish","type":"page","link":"https:\/\/agora.xtec.cat\/ehtg\/bolsa-de-trabajo\/","title":{"rendered":"Bolsa de trabajo"},"content":{"rendered":"<p style=\"text-align: justify;\">La bolsa de trabajo es un espacio que pretende poner en contacto a las empresas del sector y a nuestro alumnado y exalumnado. No es un servicio de ocupaci\u00f3n. Lo que hacemos es poner a disposici\u00f3n de nuestro alumnado ofertas y oportunidades de trabajo y publicar durante 20 d\u00edas ofertas hechas por empresas del sector.<\/p>\n<p style=\"text-align: justify;\">A ra\u00edz de esta confluencia de las ofertas y demandas de empleo, la misi\u00f3n es facilitar trabajo a nuestro alumnado y ayudar a las empresas del sector a encontrar personal formado y competente. Perseguimos una mejora del sector.<\/p>\n<p style=\"text-align: justify;\">El centro tambi\u00e9n tiene servicio de orientaci\u00f3n. Actualmente, las crisis, la desocupaci\u00f3n y los problemas de adaptaci\u00f3n, producidos por la evoluci\u00f3n constante de las t\u00e9cnicas y del sector, hacen que el sector demande perfiles como nuestro alumnado.<\/p>\n<p><a href=\"https:\/\/agora.xtec.cat\/ehtg\/afegir-nova-oferta\/\">A\u00f1adir nueva oferta<\/a><\/p>\n<p><a href=\"https:\/\/sites.google.com\/ehtg.cat\/escoladhostaleriaiturismedegir\/p%C3%A0gina-dinici\">Ofertas<\/a><\/p>\n","protected":false},"excerpt":{"rendered":"<p>La bolsa de trabajo es un espacio que pretende poner en contacto a las empresas del sector y a nuestro alumnado y exalumnado. No es un servicio de ocupaci\u00f3n. Lo que hacemos es poner a disposici\u00f3n de nuestro alumnado ofertas y oportunidades de trabajo y&hellip;  <a href=\"https:\/\/agora.xtec.cat\/ehtg\/bolsa-de-trabajo\/\" title=\"Read Bolsa de trabajo\">Llegeix m\u00e9s\u00bb<\/a><\/p>\n","protected":false},"author":1,"featured_media":0,"parent":0,"menu_order":0,"comment_status":"closed","ping_status":"closed","template":"","meta":{"_bbp_topic_count":0,"_bbp_reply_count":0,"_bbp_total_topic_count":0,"_bbp_total_reply_count":0,"_bbp_voice_count":0,"_bbp_anonymous_reply_count":0,"_bbp_topic_count_hidden":0,"_bbp_reply_count_hidden":0,"_bbp_forum_subforum_count":0,"footnotes":""},"class_list":["post-1594","page","type-page","status-publish","hentry"],"post_mailing_queue_ids":[],"_links":{"self":[{"href":"https:\/\/agora.xtec.cat\/ehtg\/wp-json\/wp\/v2\/pages\/1594","targetHints":{"allow":["GET"]}}],"collection":[{"href":"https:\/\/agora.xtec.cat\/ehtg\/wp-json\/wp\/v2\/pages"}],"about":[{"href":"https:\/\/agora.xtec.cat\/ehtg\/wp-json\/wp\/v2\/types\/page"}],"author":[{"embeddable":true,"href":"https:\/\/agora.xtec.cat\/ehtg\/wp-json\/wp\/v2\/users\/1"}],"replies":[{"embeddable":true,"href":"https:\/\/agora.xtec.cat\/ehtg\/wp-json\/wp\/v2\/comments?post=1594"}],"version-history":[{"count":2,"href":"https:\/\/agora.xtec.cat\/ehtg\/wp-json\/wp\/v2\/pages\/1594\/revisions"}],"predecessor-version":[{"id":2025,"href":"https:\/\/agora.xtec.cat\/ehtg\/wp-json\/wp\/v2\/pages\/1594\/revisions\/2025"}],"wp:attachment":[{"href":"https:\/\/agora.xtec.cat\/ehtg\/wp-json\/wp\/v2\/media?parent=1594"}],"curies":[{"name":"wp","href":"https:\/\/api.w.org\/{rel}","templated":true}]}}