{"id":1557,"date":"2021-11-11T17:08:29","date_gmt":"2021-11-11T16:08:29","guid":{"rendered":"https:\/\/agora.xtec.cat\/ehtg\/?page_id=1557"},"modified":"2021-11-11T17:08:29","modified_gmt":"2021-11-11T16:08:29","slug":"informacion","status":"publish","type":"page","link":"https:\/\/agora.xtec.cat\/ehtg\/informacion\/","title":{"rendered":"Informaci\u00f3n"},"content":{"rendered":"<p><strong>HORARIO DE ATENCI\u00d3N AL P\u00daBLICO DE SEPTIEMBRE A JUNIO<\/strong><\/p>\n<p>De lunes a viernes de 8:00 a 15:30 horas<\/p>\n<p>Jueves hasta 16:30 horas<\/p>\n<p><strong>DATOS DE CONTACTE<\/strong><\/p>\n<p>Tel\u00e9fono: 972 22 01 22<\/p>\n<p>E-mail: <a href=\"secretaria@ehtg.cat\">secretariaehtg@ehtg.cat<\/a><\/p>\n","protected":false},"excerpt":{"rendered":"<p>HORARIO DE ATENCI\u00d3N AL P\u00daBLICO DE SEPTIEMBRE A JUNIO<br \/>\nDe lunes a viernes de 8:00 a 15:30 horas<br \/>\nJueves hasta 16:30 horas<br \/>\nDATOS DE CONTACTE<br \/>\nTel\u00e9fono: 972 22 01 22<br \/>\nE-mail: <a href=\"secretaria@ehtg.cat\">secretariaehtg@ehtg.cat<\/a><\/p>\n","protected":false},"author":1,"featured_media":0,"parent":0,"menu_order":0,"comment_status":"closed","ping_status":"closed","template":"","meta":{"_bbp_topic_count":0,"_bbp_reply_count":0,"_bbp_total_topic_count":0,"_bbp_total_reply_count":0,"_bbp_voice_count":0,"_bbp_anonymous_reply_count":0,"_bbp_topic_count_hidden":0,"_bbp_reply_count_hidden":0,"_bbp_forum_subforum_count":0,"footnotes":""},"class_list":["post-1557","page","type-page","status-publish","hentry"],"post_mailing_queue_ids":[],"_links":{"self":[{"href":"https:\/\/agora.xtec.cat\/ehtg\/wp-json\/wp\/v2\/pages\/1557","targetHints":{"allow":["GET"]}}],"collection":[{"href":"https:\/\/agora.xtec.cat\/ehtg\/wp-json\/wp\/v2\/pages"}],"about":[{"href":"https:\/\/agora.xtec.cat\/ehtg\/wp-json\/wp\/v2\/types\/page"}],"author":[{"embeddable":true,"href":"https:\/\/agora.xtec.cat\/ehtg\/wp-json\/wp\/v2\/users\/1"}],"replies":[{"embeddable":true,"href":"https:\/\/agora.xtec.cat\/ehtg\/wp-json\/wp\/v2\/comments?post=1557"}],"version-history":[{"count":1,"href":"https:\/\/agora.xtec.cat\/ehtg\/wp-json\/wp\/v2\/pages\/1557\/revisions"}],"predecessor-version":[{"id":1559,"href":"https:\/\/agora.xtec.cat\/ehtg\/wp-json\/wp\/v2\/pages\/1557\/revisions\/1559"}],"wp:attachment":[{"href":"https:\/\/agora.xtec.cat\/ehtg\/wp-json\/wp\/v2\/media?parent=1557"}],"curies":[{"name":"wp","href":"https:\/\/api.w.org\/{rel}","templated":true}]}}