{"id":1500,"date":"2021-11-11T15:32:38","date_gmt":"2021-11-11T14:32:38","guid":{"rendered":"https:\/\/agora.xtec.cat\/ehtg\/?page_id=1500"},"modified":"2021-11-11T16:40:14","modified_gmt":"2021-11-11T15:40:14","slug":"cfgs-2","status":"publish","type":"page","link":"https:\/\/agora.xtec.cat\/ehtg\/cfgs-2\/","title":{"rendered":"CFGS"},"content":{"rendered":"<p style=\"text-align: justify;\">Los ciclos formativos de grado superior (CFGS) son estudios profesionalizadores que forman parte de la educaci\u00f3n superior y que preparan al alumnado para la actividad cualificada en un campo profesional.<\/p>\n<p style=\"text-align: justify;\">Estas ense\u00f1anzas tienen una duraci\u00f3n de 2.000 horas (en dos cursos acad\u00e9micos) y se agrupan en familias profesionales.<\/p>\n<p style=\"text-align: justify;\">La titulaci\u00f3n que se obtiene al finalizar un ciclo formativo de grado superior es la de <strong>t\u00e9cnico o t\u00e9cnica superior del perfil profesional correspondiente<\/strong>, que permite incorporarse al mundo laboral y acceder a estudios universitarios.<\/p>\n<p style=\"text-align: justify;\"><strong>Tienen acceso directo al ciclo<\/strong> les persones que cumplen alguno de los siguientes requisitos:<\/p>\n<ul>\n<li>Tener el t\u00edtulo de bachillerato, tener el t\u00edtulo de t\u00e9cnico de formaci\u00f3n profesional o de artes pl\u00e1sticas y dise\u00f1o, t\u00e9cnico superior de formaci\u00f3n profesional o de artes pl\u00e1sticas y dise\u00f1o o t\u00e9cnico especialista.<\/li>\n<li>Haber superado el segundo curso de bachillerato de cualquier modalidad de bachillerato experimental.<\/li>\n<li>Haber superado el curso de orientaci\u00f3n universitaria (COU) o el preuniversitario.<\/li>\n<li>Tener el t\u00edtulo de bachillerato por haber cursado el bachillerato unificado polivalente (BUP), tener cualquier titulaci\u00f3n universitaria o una equivalente, o haber superado la prueba de acceso a la universidad para mayores de 25 a\u00f1os o de 45 a\u00f1os, o haber accedido a la universidad por haber acreditado experiencia laboral o profesional habiendo cumplido 40 a\u00f1os.<\/li>\n<li>Las personas que no cumplan ninguno de los requisitos anteriores han de superar una prueba de acceso. Para<br \/>\npresentarse es necesario tener 19 a\u00f1os o bien cumplirlos durante el a\u00f1o natural en el que se realiza la prueba.<\/li>\n<\/ul>\n<p style=\"text-align: justify;\"><strong>Preinscripci\u00f3n y matr\u00edcula<\/strong><\/p>\n<p style=\"text-align: justify;\">Para cursar el ciclo es necesario formalizar la solicitud y presentarla en el centro en el que se cursa la ense\u00f1anza solicitada en primer lugar. Cuando el n\u00famero de solicitudes es superior a la oferta, las peticiones se ordenan, dentro de cada v\u00eda de acceso y de acuerdo con las prioridades que correspondan, seg\u00fan la calificaci\u00f3n media de los estudios o la calificaci\u00f3n de la prueba que permite el acceso al ciclo.<\/p>\n<p style=\"text-align: justify;\"><strong>Los importes de la matr\u00edcula de los centros dependientes del Departamento de Educaci\u00f3n son:<\/strong><\/p>\n<p style=\"text-align: justify;\"><em>Para los ciclos LOE<\/em><\/p>\n<ul>\n<li style=\"text-align: justify;\">Por curso: 360 euros.<\/li>\n<li style=\"text-align: justify;\">Por unidad formativa: 25 euros; por m\u00f3dulo de formaci\u00f3n en centros de trabajo (FCT): 25 euros.<\/li>\n<\/ul>\n<p style=\"text-align: justify;\"><em>Para los ciclos LOGSE<\/em><\/p>\n<ul>\n<li style=\"text-align: justify;\">Por curso: 360 euros.<\/li>\n<li style=\"text-align: justify;\">Por cr\u00e9dito: 65 euros; por m\u00f3dulo de formaci\u00f3n en centros de trabajo (FCT): 65 euros.<\/li>\n<li style=\"text-align: justify;\">Por el cumplimiento (por cr\u00e9dito): 20 euros.<\/li>\n<\/ul>\n<p style=\"text-align: justify;\">Consultad los supuestos de exenciones y bonificaciones generales y espec\u00edficas en el apartado de precios p\u00fablicos de la web del Departamento de Educaci\u00f3n.<\/p>\n<p><strong>Continuidad<\/strong><\/p>\n<p>Las personas que superen un ciclo formativo de grado superior obtienen el t\u00edtulo de t\u00e9cnico superior, que les permite acceder:<\/p>\n<ul>\n<li>A cualquier estudio universitario oficial de grado o ciclos formativos de grado superior.<\/li>\n<li>Al mundo laboral.<\/li>\n<\/ul>\n<p style=\"text-align: justify;\">Con estos estudios se obtiene el t\u00edtulo de t\u00e9cnico superior o t\u00e9cnica superior, que permite acceder a cualquier estudio universitario oficial de grado. Las personas que se han graduado en un ciclo formativo de grado superior pueden obtener la convalidaci\u00f3n de cr\u00e9ditos universitarios ECTS. Para m\u00e1s informaci\u00f3n, consultad el <em>Canal Universitats<\/em>.<\/p>\n<p><strong>Normativa<\/strong><\/p>\n<p>Ley org\u00e1nica 5\/2002, de 19 de junio, de las cualificaciones y de la formaci\u00f3n profesional (BOE n\u00fam. 147, de 20.6.2002)<\/p>\n<p>Decreto 284\/2011, de 1 de marzo, de ordenaci\u00f3n general de la formaci\u00f3n profesional inicial (DOGC n\u00fam. 5830, de 3.3.2011)<\/p>\n<table style=\"height: 188px; width: 100.342%; background-color: #90d3f0; border-color: #000000; border-style: solid;\">\n<tbody>\n<tr style=\"height: 1px;\">\n<td style=\"width: 242.281px; height: 41px;\">\n<p style=\"text-align: center;\">CICLO<\/p>\n<\/td>\n<td style=\"width: 242.281px; height: 41px;\">\n<p style=\"text-align: center;\">FAMILIA<\/p>\n<\/td>\n<td style=\"width: 242.281px; height: 41px;\">\n<p style=\"text-align: center;\">C\u00d3DIGO<\/p>\n<\/td>\n<\/tr>\n<tr style=\"height: 1px;\">\n<td style=\"width: 242.281px; height: 34px; text-align: center;\">Direcci\u00f3n de cocina<\/td>\n<td style=\"width: 242.281px; height: 34px; text-align: center;\">Hosteler\u00eda y turismo<\/td>\n<td style=\"width: 242.281px; height: 34px; text-align: center;\">HTD0<\/td>\n<\/tr>\n<tr style=\"height: 1px;\">\n<td style=\"width: 242.281px; height: 32px; text-align: center;\">Direcci\u00f3n de servicios de restauraci\u00f3n<\/td>\n<td style=\"width: 242.281px; height: 32px; text-align: center;\">Hosteler\u00eda y turismo<\/td>\n<td style=\"width: 242.281px; height: 32px; text-align: center;\">HTE0<\/td>\n<\/tr>\n<tr style=\"height: 1px;\">\n<td style=\"width: 242.281px; height: 38px; text-align: center;\">Gesti\u00f3n de alojamientos tur\u00edsticos<\/td>\n<td style=\"width: 242.281px; height: 38px; text-align: center;\">Hosteler\u00eda y turismo<\/td>\n<td style=\"width: 242.281px; height: 38px; text-align: center;\">HTB0<\/td>\n<\/tr>\n<tr style=\"height: 1px;\">\n<td style=\"width: 242.281px; height: 33px; text-align: center;\">Gu\u00eda, Informaci\u00f3n y Asistencia Tur\u00edsticas<\/td>\n<td style=\"width: 242.281px; height: 33px; text-align: center;\">Hosteler\u00eda y turismo<\/td>\n<td style=\"width: 242.281px; height: 33px; text-align: center;\">HTF0<\/td>\n<\/tr>\n<tr style=\"height: 1px;\">\n<td style=\"width: 242.281px; height: 10px; text-align: center;\">Agencias de Viajes y Gesti\u00f3n de Eventos<\/td>\n<td style=\"width: 242.281px; height: 10px; text-align: center;\">Hosteler\u00eda y turismo<\/td>\n<td style=\"width: 242.281px; height: 10px; text-align: center;\">HTA0<\/td>\n<\/tr>\n<\/tbody>\n<\/table>\n<p>&nbsp;<\/p>\n","protected":false},"excerpt":{"rendered":"<p>Los ciclos formativos de grado superior (CFGS) son estudios profesionalizadores que forman parte de la educaci\u00f3n superior y que preparan al alumnado para la actividad cualificada en un campo profesional.<br \/>\nEstas ense\u00f1anzas tienen una duraci\u00f3n de 2.000 horas (en dos cursos acad\u00e9micos) y se agrupan en&hellip;  <a href=\"https:\/\/agora.xtec.cat\/ehtg\/cfgs-2\/\" title=\"Read CFGS\">Llegeix m\u00e9s\u00bb<\/a><\/p>\n","protected":false},"author":1,"featured_media":0,"parent":0,"menu_order":0,"comment_status":"closed","ping_status":"closed","template":"","meta":{"_bbp_topic_count":0,"_bbp_reply_count":0,"_bbp_total_topic_count":0,"_bbp_total_reply_count":0,"_bbp_voice_count":0,"_bbp_anonymous_reply_count":0,"_bbp_topic_count_hidden":0,"_bbp_reply_count_hidden":0,"_bbp_forum_subforum_count":0,"footnotes":""},"class_list":["post-1500","page","type-page","status-publish","hentry"],"post_mailing_queue_ids":[],"_links":{"self":[{"href":"https:\/\/agora.xtec.cat\/ehtg\/wp-json\/wp\/v2\/pages\/1500","targetHints":{"allow":["GET"]}}],"collection":[{"href":"https:\/\/agora.xtec.cat\/ehtg\/wp-json\/wp\/v2\/pages"}],"about":[{"href":"https:\/\/agora.xtec.cat\/ehtg\/wp-json\/wp\/v2\/types\/page"}],"author":[{"embeddable":true,"href":"https:\/\/agora.xtec.cat\/ehtg\/wp-json\/wp\/v2\/users\/1"}],"replies":[{"embeddable":true,"href":"https:\/\/agora.xtec.cat\/ehtg\/wp-json\/wp\/v2\/comments?post=1500"}],"version-history":[{"count":4,"href":"https:\/\/agora.xtec.cat\/ehtg\/wp-json\/wp\/v2\/pages\/1500\/revisions"}],"predecessor-version":[{"id":1537,"href":"https:\/\/agora.xtec.cat\/ehtg\/wp-json\/wp\/v2\/pages\/1500\/revisions\/1537"}],"wp:attachment":[{"href":"https:\/\/agora.xtec.cat\/ehtg\/wp-json\/wp\/v2\/media?parent=1500"}],"curies":[{"name":"wp","href":"https:\/\/api.w.org\/{rel}","templated":true}]}}