{"id":1486,"date":"2021-11-11T15:22:18","date_gmt":"2021-11-11T14:22:18","guid":{"rendered":"https:\/\/agora.xtec.cat\/ehtg\/?page_id=1486"},"modified":"2021-11-25T15:52:45","modified_gmt":"2021-11-25T14:52:45","slug":"panaderia-pasteleria-y-confiteria","status":"publish","type":"page","link":"https:\/\/agora.xtec.cat\/ehtg\/panaderia-pasteleria-y-confiteria\/","title":{"rendered":"Panader\u00eda, pasteler\u00eda y confiter\u00eda"},"content":{"rendered":"<p><a href=\"https:\/\/triaeducativa.gencat.cat\/ca\/fp\/gm\/families-professionals\/industries-alimentaries\/?p_id=82&amp;estudi\" target=\"_blank\" rel=\"noopener\">Enlace Educaci\u00f3n Gencat<\/a><\/p>\n<p>Ficha de descripci\u00f3n e informaci\u00f3n del ciclo: <a href=\"https:\/\/agora.xtec.cat\/ehtg\/wp-content\/uploads\/usu2642\/2021\/11\/CFPM____IA60_CA.pdf\" target=\"_blank\" rel=\"noopener\">CFPM____IA60_CA<\/a><\/p>\n<p><iframe loading=\"lazy\" src=\"\/\/www.youtube.com\/embed\/6mmIU3-Dx5w\" width=\"560\" height=\"314\" allowfullscreen=\"allowfullscreen\" data-mce-fragment=\"1\"><\/iframe><\/p>\n","protected":false},"excerpt":{"rendered":"<p><a href=\"https:\/\/triaeducativa.gencat.cat\/ca\/fp\/gm\/families-professionals\/industries-alimentaries\/?p_id=82&amp;estudi\" target=\"_blank\" rel=\"noopener\">Enlace Educaci\u00f3n Gencat<\/a><br \/>\nFicha de descripci\u00f3n e informaci\u00f3n del ciclo: <a href=\"https:\/\/agora.xtec.cat\/ehtg\/wp-content\/uploads\/usu2642\/2021\/11\/CFPM____IA60_CA.pdf\" target=\"_blank\" rel=\"noopener\">CFPM____IA60_CA<\/a><\/p>\n","protected":false},"author":1,"featured_media":0,"parent":0,"menu_order":0,"comment_status":"closed","ping_status":"closed","template":"page-templates\/side-menu.php","meta":{"_bbp_topic_count":0,"_bbp_reply_count":0,"_bbp_total_topic_count":0,"_bbp_total_reply_count":0,"_bbp_voice_count":0,"_bbp_anonymous_reply_count":0,"_bbp_topic_count_hidden":0,"_bbp_reply_count_hidden":0,"_bbp_forum_subforum_count":0,"footnotes":""},"class_list":["post-1486","page","type-page","status-publish","hentry"],"post_mailing_queue_ids":[],"_links":{"self":[{"href":"https:\/\/agora.xtec.cat\/ehtg\/wp-json\/wp\/v2\/pages\/1486","targetHints":{"allow":["GET"]}}],"collection":[{"href":"https:\/\/agora.xtec.cat\/ehtg\/wp-json\/wp\/v2\/pages"}],"about":[{"href":"https:\/\/agora.xtec.cat\/ehtg\/wp-json\/wp\/v2\/types\/page"}],"author":[{"embeddable":true,"href":"https:\/\/agora.xtec.cat\/ehtg\/wp-json\/wp\/v2\/users\/1"}],"replies":[{"embeddable":true,"href":"https:\/\/agora.xtec.cat\/ehtg\/wp-json\/wp\/v2\/comments?post=1486"}],"version-history":[{"count":3,"href":"https:\/\/agora.xtec.cat\/ehtg\/wp-json\/wp\/v2\/pages\/1486\/revisions"}],"predecessor-version":[{"id":2067,"href":"https:\/\/agora.xtec.cat\/ehtg\/wp-json\/wp\/v2\/pages\/1486\/revisions\/2067"}],"wp:attachment":[{"href":"https:\/\/agora.xtec.cat\/ehtg\/wp-json\/wp\/v2\/media?parent=1486"}],"curies":[{"name":"wp","href":"https:\/\/api.w.org\/{rel}","templated":true}]}}