{"id":1427,"date":"2021-11-11T11:48:07","date_gmt":"2021-11-11T10:48:07","guid":{"rendered":"https:\/\/agora.xtec.cat\/ehtg\/?page_id=1427"},"modified":"2022-10-13T18:42:54","modified_gmt":"2022-10-13T16:42:54","slug":"becas","status":"publish","type":"page","link":"https:\/\/agora.xtec.cat\/ehtg\/becas\/","title":{"rendered":"Becas"},"content":{"rendered":"<p style=\"text-align: center;\"><strong>Plazo para presentar las solicitudes: del 3 de agosto al 30 de septiembre de 2021<\/strong><\/p>\n<p>Nota: el plazo de presentaci\u00f3n de solicitudes para estudiantes con domicilio en la isla de La Palma o que cursan estudios all\u00ed, para el curso 2021-2022, se alarga hasta el 31 de diciembre de 2021, tanto para los estudiantes universitarios como para los no universitarios.<\/p>\n<p>&nbsp;<\/p>\n<p style=\"text-align: center;\"><a href=\"https:\/\/web.gencat.cat\/ca\/tramits\/tramits-temes\/Beques-de-caracter-general-per-a-estudis-postobligatoris\" target=\"_blank\" rel=\"noopener\">Becas para ense\u00f1anzas postobligatorias no universitarias<\/a> (GENCAT)<\/p>\n<p style=\"text-align: center;\"><a href=\"https:\/\/www.educacionyfp.gob.es\/servicios-al-ciudadano\/catalogo\/estudiantes\/becas-ayudas\/para-estudiar\/formacion-profesional.html\" target=\"_blank\" rel=\"noopener\">Becas y ayudas para estudiar Formaci\u00f3n Profesional<\/a>\u00a0 (MEC)<\/p>\n<p>&nbsp;<\/p>\n<p style=\"text-align: justify;\">Existen diferentes becas para estudiar, te recomendamos que conozcas todas las <strong>becas y ayudas <\/strong>a las que puedes optar. A continuaci\u00f3n te presentamos un resumen de aquellas que te permitir\u00e1n seguir con tu formaci\u00f3n o la de los tuyos.<\/p>\n<p style=\"text-align: justify;\">A continuaci\u00f3n encontrar\u00e1s un enlace con el resumen de becas convocadas por el Ministerio de Educaci\u00f3n y Formaci\u00f3n Profesional para estudiar <span style=\"color: #ff9900;\"><a style=\"color: #ff9900;\" href=\"https:\/\/www.educaweb.cat\/continguts\/educatius\/formacio-professional-fp\/\">Formaci\u00f3n Profesional<\/a><\/span> o realizar pr\u00e1cticas profesionales. Tambi\u00e9n encontrar\u00e1s los tipos de ayudas que incluye la beca general.<\/p>\n<p>Los <strong>pasos <\/strong>e<strong> indicaciones generales<\/strong> est\u00e1n en la web del Ministerio de Educaci\u00f3n y Formaci\u00f3n Profesional. Comprueba las fechas con antelaci\u00f3n, ya que est\u00e1n sujetas a cambios anuales.<\/p>\n<p style=\"text-align: justify;\">Ten en cuenta que desde la <a href=\"https:\/\/www.educaweb.cat\/continguts\/educatius\/beques-ajudes-premis\/beques-generalitat-catalunya\/\"><strong>Generalitat de Catalunya<\/strong><\/a> tambi\u00e9n se promueven las ayudas econ\u00f3micas en esta etapa y las convocatorias se publican en la web oficial de cada departamento. Inf\u00f3rmate de si son acumulativas con las del Ministerio o si, por el contrario, solo se puede solicitar una de las prestaciones.<\/p>\n<p>&nbsp;<\/p>\n","protected":false},"excerpt":{"rendered":"<p>Plazo para presentar las solicitudes: del 3 de agosto al 30 de septiembre de 2021<br \/>\nNota: el plazo de presentaci\u00f3n de solicitudes para estudiantes con domicilio en la isla de La Palma o que cursan estudios all\u00ed, para el curso 2021-2022, se alarga hasta el 31&hellip;  <a href=\"https:\/\/agora.xtec.cat\/ehtg\/becas\/\" title=\"Read Becas\">Llegeix m\u00e9s\u00bb<\/a><\/p>\n","protected":false},"author":1,"featured_media":0,"parent":0,"menu_order":0,"comment_status":"closed","ping_status":"closed","template":"","meta":{"_bbp_topic_count":0,"_bbp_reply_count":0,"_bbp_total_topic_count":0,"_bbp_total_reply_count":0,"_bbp_voice_count":0,"_bbp_anonymous_reply_count":0,"_bbp_topic_count_hidden":0,"_bbp_reply_count_hidden":0,"_bbp_forum_subforum_count":0,"footnotes":""},"class_list":["post-1427","page","type-page","status-publish","hentry"],"post_mailing_queue_ids":[],"_links":{"self":[{"href":"https:\/\/agora.xtec.cat\/ehtg\/wp-json\/wp\/v2\/pages\/1427","targetHints":{"allow":["GET"]}}],"collection":[{"href":"https:\/\/agora.xtec.cat\/ehtg\/wp-json\/wp\/v2\/pages"}],"about":[{"href":"https:\/\/agora.xtec.cat\/ehtg\/wp-json\/wp\/v2\/types\/page"}],"author":[{"embeddable":true,"href":"https:\/\/agora.xtec.cat\/ehtg\/wp-json\/wp\/v2\/users\/1"}],"replies":[{"embeddable":true,"href":"https:\/\/agora.xtec.cat\/ehtg\/wp-json\/wp\/v2\/comments?post=1427"}],"version-history":[{"count":4,"href":"https:\/\/agora.xtec.cat\/ehtg\/wp-json\/wp\/v2\/pages\/1427\/revisions"}],"predecessor-version":[{"id":1447,"href":"https:\/\/agora.xtec.cat\/ehtg\/wp-json\/wp\/v2\/pages\/1427\/revisions\/1447"}],"wp:attachment":[{"href":"https:\/\/agora.xtec.cat\/ehtg\/wp-json\/wp\/v2\/media?parent=1427"}],"curies":[{"name":"wp","href":"https:\/\/api.w.org\/{rel}","templated":true}]}}