{"id":1412,"date":"2021-11-10T19:02:15","date_gmt":"2021-11-10T18:02:15","guid":{"rendered":"https:\/\/agora.xtec.cat\/ehtg\/?page_id=1412"},"modified":"2023-06-22T21:58:04","modified_gmt":"2023-06-22T19:58:04","slug":"medio-ambiente","status":"publish","type":"page","link":"https:\/\/agora.xtec.cat\/ehtg\/medio-ambiente\/","title":{"rendered":"Medio ambiente"},"content":{"rendered":"<div>\n<div>\n<div><\/div>\n<p><span style=\"font-family: inherit; font-size: 1em;\">En la Escuela de Hosteler\u00eda y Turismo de Girona estamos orientados hacia el medio ambiente. Funcionamos con criterios de sostenibilidad con la participaci\u00f3n de toda la comunidad educativa. Nuestro comportamiento ambiental tiene repercusiones directas sobre nuestro entorno m\u00e1s inmediato y m\u00e1s all\u00e1.<\/span><\/p>\n<\/div>\n<p>La incorporaci\u00f3n de criterios ambientales tiene los siguientes objetivos:<\/p>\n<ul>\n<li>Reducir el gasto energ\u00e9tico del centre.<\/li>\n<li>Concienciar a la comunidad educativa de la importancia de reducir, reciclar y reutilizar.<\/li>\n<li>Planificar la gesti\u00f3n ambiental en el centro y procurar que el esp\u00edritu medioambiental est\u00e9 presente en todas las actividades de la EHTG, ya sean estructurales o bien de formaci\u00f3n.<\/li>\n<\/ul>\n<\/div>\n<ul>\n<li><a href=\"https:\/\/padlet.com\/fmasip4\/venda-de-material-i-llibres-de-2a-m-azomix6mmpum3eml\">Venta de libros de segunda mano<\/a><\/li>\n<li style=\"text-align: left;\"><a href=\"https:\/\/sites.google.com\/xtec.cat\/sostenibilitat-als-centres\/p%C3%A0gina-principal\">Sostenibilidad en los centros<\/a><\/li>\n<\/ul>\n<p><a href=\"https:\/\/agora.xtec.cat\/ehtg\/wp-content\/uploads\/usu2642\/2021\/11\/medi-ambient-2.jpg\"><img loading=\"lazy\" decoding=\"async\" class=\"size-medium wp-image-1396 aligncenter\" src=\"https:\/\/agora.xtec.cat\/ehtg\/wp-content\/uploads\/usu2642\/2021\/11\/medi-ambient-2-300x300.jpg\" alt=\"\" width=\"300\" height=\"300\" srcset=\"https:\/\/agora.xtec.cat\/ehtg\/wp-content\/uploads\/usu2642\/2021\/11\/medi-ambient-2-300x300.jpg 300w, https:\/\/agora.xtec.cat\/ehtg\/wp-content\/uploads\/usu2642\/2021\/11\/medi-ambient-2-150x150.jpg 150w, https:\/\/agora.xtec.cat\/ehtg\/wp-content\/uploads\/usu2642\/2021\/11\/medi-ambient-2.jpg 346w\" sizes=\"auto, (max-width: 300px) 100vw, 300px\" \/><\/a><\/p>\n","protected":false},"excerpt":{"rendered":"<p>En la Escuela de Hosteler\u00eda y Turismo de Girona estamos orientados hacia el medio ambiente. Funcionamos con criterios de sostenibilidad con la participaci\u00f3n de toda la comunidad educativa. Nuestro comportamiento ambiental tiene repercusiones directas sobre nuestro entorno m\u00e1s inmediato y m\u00e1s all\u00e1.<\/p>\n<p>La incorporaci\u00f3n de criterios&hellip;  <a href=\"https:\/\/agora.xtec.cat\/ehtg\/medio-ambiente\/\" title=\"Read Medio ambiente\">Llegeix m\u00e9s\u00bb<\/a><\/p>\n","protected":false},"author":1,"featured_media":0,"parent":0,"menu_order":0,"comment_status":"closed","ping_status":"closed","template":"","meta":{"_bbp_topic_count":0,"_bbp_reply_count":0,"_bbp_total_topic_count":0,"_bbp_total_reply_count":0,"_bbp_voice_count":0,"_bbp_anonymous_reply_count":0,"_bbp_topic_count_hidden":0,"_bbp_reply_count_hidden":0,"_bbp_forum_subforum_count":0,"footnotes":""},"class_list":["post-1412","page","type-page","status-publish","hentry"],"post_mailing_queue_ids":[],"_links":{"self":[{"href":"https:\/\/agora.xtec.cat\/ehtg\/wp-json\/wp\/v2\/pages\/1412","targetHints":{"allow":["GET"]}}],"collection":[{"href":"https:\/\/agora.xtec.cat\/ehtg\/wp-json\/wp\/v2\/pages"}],"about":[{"href":"https:\/\/agora.xtec.cat\/ehtg\/wp-json\/wp\/v2\/types\/page"}],"author":[{"embeddable":true,"href":"https:\/\/agora.xtec.cat\/ehtg\/wp-json\/wp\/v2\/users\/1"}],"replies":[{"embeddable":true,"href":"https:\/\/agora.xtec.cat\/ehtg\/wp-json\/wp\/v2\/comments?post=1412"}],"version-history":[{"count":3,"href":"https:\/\/agora.xtec.cat\/ehtg\/wp-json\/wp\/v2\/pages\/1412\/revisions"}],"predecessor-version":[{"id":3790,"href":"https:\/\/agora.xtec.cat\/ehtg\/wp-json\/wp\/v2\/pages\/1412\/revisions\/3790"}],"wp:attachment":[{"href":"https:\/\/agora.xtec.cat\/ehtg\/wp-json\/wp\/v2\/media?parent=1412"}],"curies":[{"name":"wp","href":"https:\/\/api.w.org\/{rel}","templated":true}]}}